{"id":10472,"date":"2020-11-02T12:58:18","date_gmt":"2020-11-02T12:58:18","guid":{"rendered":"https:\/\/www.thegoldenspartan.com\/shop\/uncategorized\/hair-paste\/"},"modified":"2026-04-08T13:03:13","modified_gmt":"2026-04-08T13:03:13","slug":"hair-paste-pasta-za-kosu","status":"publish","type":"product","link":"https:\/\/www.thegoldenspartan.com\/sr\/shop\/nega-kose\/hair-paste-pasta-za-kosu\/","title":{"rendered":"HAIR PASTE pasta za kosu"},"content":{"rendered":"","protected":false},"excerpt":{"rendered":"<p><strong>Mat efekat. Stil bez napora. Mo\u0107na tekstura.<\/strong><br \/>\nThe Golden Spartan Hair Paste pastu za kosu je stvorena za mu\u0161karce koji \u017eele prirodan, ultra-mat izgled bez kompromisa. Savr\u0161ena za postizanje teksture, volumena i guste frizure, ova pasta za kosu pru\u017ea sna\u017eno fiksiranje koje traje od jutra do ve\u010deri.<br \/>\nLagana, ali mo\u0107na formula oblikuje frizuru bez lepljivosti i te\u017eine.Bilo da \u017eeli\u0161 opu\u0161ten, neuredan izgled ili preciznu, klasi\u010dnu frizuru \u2013 ova pasta za kosu ti daje potpunu kontrolu i fleksibilnost, bez obzira na du\u017einu i tip kose.<\/p>\n<p>Oboga\u0107ena na\u0161im prepoznatljivim mirisom &#8222;Gentleman&#8220; \u2013 suptilno slatkastim i mu\u017eevnim, ali nenametljivim \u2013 tvoja kosa \u0107e mirisati jednako dobro koliko i izgleda.<\/p>\n<p>\u279c Ultra-mat zavr\u0161nica \u2013 bez sjaja<br \/>\n\u279c Sna\u017eno, fleksibilno dr\u017eanje \u2013 tvoja frizura ostaje postojana ceo dan<br \/>\n\u279c Daje volumen i teksturu \u2013 idealna za tanku ili ravnu kosu<br \/>\n\u279c BEZ: petroleja, sulfata, mineralnih ulja, parabena, ftalata, boja i mirisa<br \/>\n\u279c Prikladna za sve stilove i tipove kose<br \/>\n\u279c Jednostavna za nano\u0161enje i ispiranje<\/p>\n<p><strong>Uputstvo za kori\u0161\u0107enje:<\/strong> Zagrebite malu koli\u010dinu paste noktom, prikupljenu pastu stavite na dlan. Protrljajte dlanove tako da se pasta zagreje, pre nano\u0161enja na kosu. Ravnomerno nanesite pastu na suvu kosu. Dodajte jo\u0161 proizvoda po potrebi i stilizujte kosu po \u017eelji.<\/p>\n<p><strong>Sadr\u017eaj<\/strong>: Destilat mente, frak. kokosovo ulje, lanette N, glina, eteri\u010dna ulja, glicerin, karnauba vosak, PVP, svila, geogard ultra.<\/p>\n<p>\u2705 Na\u0161i proizvodi su klini\u010dki ispitani u akreditovanoj laboratoriji i poseduju izve\u0161taj o zdravstvenoj ispravnosti.<\/p>\n","protected":false},"featured_media":10464,"comment_status":"open","ping_status":"closed","template":"","meta":{"_acf_changed":false},"product_brand":[],"product_cat":[56],"product_tag":[],"class_list":{"0":"post-10472","1":"product","2":"type-product","3":"status-publish","4":"has-post-thumbnail","6":"product_cat-nega-kose","8":"first","9":"instock","10":"shipping-taxable","11":"purchasable","12":"product-type-simple"},"acf":[],"aioseo_notices":[],"_links":{"self":[{"href":"https:\/\/www.thegoldenspartan.com\/sr\/wp-json\/wp\/v2\/product\/10472","targetHints":{"allow":["GET"]}}],"collection":[{"href":"https:\/\/www.thegoldenspartan.com\/sr\/wp-json\/wp\/v2\/product"}],"about":[{"href":"https:\/\/www.thegoldenspartan.com\/sr\/wp-json\/wp\/v2\/types\/product"}],"replies":[{"embeddable":true,"href":"https:\/\/www.thegoldenspartan.com\/sr\/wp-json\/wp\/v2\/comments?post=10472"}],"wp:featuredmedia":[{"embeddable":true,"href":"https:\/\/www.thegoldenspartan.com\/sr\/wp-json\/wp\/v2\/media\/10464"}],"wp:attachment":[{"href":"https:\/\/www.thegoldenspartan.com\/sr\/wp-json\/wp\/v2\/media?parent=10472"}],"wp:term":[{"taxonomy":"product_brand","embeddable":true,"href":"https:\/\/www.thegoldenspartan.com\/sr\/wp-json\/wp\/v2\/product_brand?post=10472"},{"taxonomy":"product_cat","embeddable":true,"href":"https:\/\/www.thegoldenspartan.com\/sr\/wp-json\/wp\/v2\/product_cat?post=10472"},{"taxonomy":"product_tag","embeddable":true,"href":"https:\/\/www.thegoldenspartan.com\/sr\/wp-json\/wp\/v2\/product_tag?post=10472"}],"curies":[{"name":"wp","href":"https:\/\/api.w.org\/{rel}","templated":true}]}}