{"id":11836,"date":"2021-03-09T13:24:41","date_gmt":"2021-03-09T13:24:41","guid":{"rendered":"https:\/\/www.thegoldenspartan.com\/?post_type=product&#038;p=11836"},"modified":"2025-06-12T07:29:44","modified_gmt":"2025-06-12T07:29:44","slug":"morocco-balzam-za-bradu","status":"publish","type":"product","link":"https:\/\/www.thegoldenspartan.com\/sr\/shop\/balzami-i-voskovi\/morocco-balzam-za-bradu\/","title":{"rendered":"MOROCCO balzam za bradu"},"content":{"rendered":"","protected":false},"excerpt":{"rendered":"<p><strong>Za\u010dini. Citrus. Avantura.<\/strong><br \/>\nProbudi \u010dula i zakora\u010di u avanturu uz Morocco balzam za bradu \u2013 smelu kombinaciju toplih, za\u010dinskih i citrusnih nota, inspirisanu srcem marokanskih pijaca. Zamisli \u0161etnju kroz \u017eivopisne bazare, gde se retki za\u010dini me\u0161aju sa so\u010dnim, zrelim plodovima \u2013 svaki miris pri\u010da svoju pri\u010du. Ovaj balzam za bradu donosi tu magiju i prenosi je direktno u tvoju bradu.<br \/>\nStvoren za mu\u0161karce koji vole da istra\u017euju, Morocco balzam za bradu pru\u017ea vi\u0161e od zavodljivog mirisa. On kombinuje duboku hidrataciju, negu ko\u017ee i dr\u017eanje forme, nude\u0107i sve \u0161to je tvojoj bradi potrebno da ostane zdrava, oblikovana i neodoljivo mirisna tokom celog dana.<\/p>\n<p>Formulisan od 100% prirodnih sastojaka i ru\u010dno izliven u malim serijama, ovaj balzam umiruje suvu ko\u017eu, smanjuje svrab i perutanje, i hidrira grube dlake. Morocco balzam za bradu \u0107e tvoju svakodnevnu rutinu pretvoriti u ritual prefinjenosti i bega od svakodnevice.<\/p>\n<p>\u279c Za\u010dinsko-citrusni miris inspirisan marokanskim pijacama<br \/>\n\u279c Napravljen od visokokvalitetnih, prirodnih sastojaka<br \/>\n\u279c Hidratira i neguje i bradu i ko\u017eu ispod nje<br \/>\n\u279c Pru\u017ea srednje dr\u017eanje za oblikovanje i stilizaciju<br \/>\n\u279c Smanjuje suvo\u0107u, lomljenje dlaka, perut i iritaciju<br \/>\n\u279c Ru\u010dno izliven u malim serijama za vrhunski kvalitet<\/p>\n<p><em><strong>Sadr\u017eaj<\/strong>: 100% prirodni p\u010delinji vosak, \u0161ea puter, kakao puter, ulje jojobe, badema, konoplje, vitamin E, eteri\u010dna ulja narand\u017ee i za\u010dinskog bilja.<\/em><\/p>\n<p><em>\u2705 Na\u0161i proizvodi su klini\u010dki ispitani u akreditovanoj laboratoriji i poseduju izve\u0161taj o zdravstvenoj ispravnosti.<\/em><\/p>\n","protected":false},"featured_media":11838,"comment_status":"open","ping_status":"closed","template":"","meta":{"_acf_changed":false},"product_brand":[],"product_cat":[52],"product_tag":[],"class_list":{"0":"post-11836","1":"product","2":"type-product","3":"status-publish","4":"has-post-thumbnail","6":"product_cat-balzami-i-voskovi","8":"first","9":"instock","10":"shipping-taxable","11":"purchasable","12":"product-type-simple"},"acf":[],"aioseo_notices":[],"_links":{"self":[{"href":"https:\/\/www.thegoldenspartan.com\/sr\/wp-json\/wp\/v2\/product\/11836","targetHints":{"allow":["GET"]}}],"collection":[{"href":"https:\/\/www.thegoldenspartan.com\/sr\/wp-json\/wp\/v2\/product"}],"about":[{"href":"https:\/\/www.thegoldenspartan.com\/sr\/wp-json\/wp\/v2\/types\/product"}],"replies":[{"embeddable":true,"href":"https:\/\/www.thegoldenspartan.com\/sr\/wp-json\/wp\/v2\/comments?post=11836"}],"wp:featuredmedia":[{"embeddable":true,"href":"https:\/\/www.thegoldenspartan.com\/sr\/wp-json\/wp\/v2\/media\/11838"}],"wp:attachment":[{"href":"https:\/\/www.thegoldenspartan.com\/sr\/wp-json\/wp\/v2\/media?parent=11836"}],"wp:term":[{"taxonomy":"product_brand","embeddable":true,"href":"https:\/\/www.thegoldenspartan.com\/sr\/wp-json\/wp\/v2\/product_brand?post=11836"},{"taxonomy":"product_cat","embeddable":true,"href":"https:\/\/www.thegoldenspartan.com\/sr\/wp-json\/wp\/v2\/product_cat?post=11836"},{"taxonomy":"product_tag","embeddable":true,"href":"https:\/\/www.thegoldenspartan.com\/sr\/wp-json\/wp\/v2\/product_tag?post=11836"}],"curies":[{"name":"wp","href":"https:\/\/api.w.org\/{rel}","templated":true}]}}