{"id":12586,"date":"2021-05-25T10:14:50","date_gmt":"2021-05-25T10:14:50","guid":{"rendered":"https:\/\/www.thegoldenspartan.com\/?post_type=product&#038;p=12586"},"modified":"2025-06-17T13:05:42","modified_gmt":"2025-06-17T13:05:42","slug":"eros-gel-za-intimnu-negu","status":"publish","type":"product","link":"https:\/\/www.thegoldenspartan.com\/sr\/shop\/pranje\/eros-gel-za-intimnu-negu\/","title":{"rendered":"EROS gel za intimnu negu"},"content":{"rendered":"","protected":false},"excerpt":{"rendered":"<h2>Nega i higijena intimnih delova mu\u0161karca<\/h2>\n<p>Nega i higijena intimnih delova je verovatno jedna od najva\u017enijih, ako ne i najbitnija stavka kod redovne nege svakog muskarca. Ujedno je mo\u017eda i najzahtevnija.<br \/>\nU skladu sa brzim tempom i na\u010dinom \u017eivota, intimni deo va\u0161eg tela podnosi najgore posledice znojenja, vla\u017enosti, crvenila, osipa, svraba i neprijatanih mirisa.<br \/>\nMe\u0111utim, nije samo brz i aktivan tempo \u017eivota jedini krivac za spomenute te\u0161ko\u0107e.<br \/>\nVeliki problem je i u tome \u0161to skoro svi mu\u0161karci za intimnu negu koriste razne sapune ili gelove za tu\u0161iranje. Ovi proizvodi prosto nisu tome namenjeni, a i ne pru\u017eaju adekvatnu negu va\u0161oj najosetiljivijoj regiji, jer su previ\u0161e grubi i jaki, puni ve\u0161ta\u010dih, jeftinijih i neretko opasnih sastojaka, koji vas dodatno ugro\u017eavaju, time \u0161to remete normalnu pH vrednost ko\u017ee, isu\u0161uju je i ostavljaju je izlo\u017eenu i neza\u0161ti\u0107enu od neprijatnih posledica, gore navedenih.<br \/>\nKao i uvek do sada, potrudili smo se da vam ponudimo idealno re\u0161enje i olak\u0161amo redovnu negu i odr\u017eavanje higijene va\u0161eg intimnog predela.<\/p>\n<h2>100% prirodan preparat<\/h2>\n<p><strong>Na\u0161 Eros gel je prvi 100% prirodni preparat za intimnu negu na ovom tr\u017ei\u0161tu.<br \/>\nSadr\u017ei neverovatnih 13 biljnih aktivnih sastojaka!<\/strong><\/p>\n<p>Specijalno je formulisan za va\u0161u intimnu regiju i poseduje pH uravnote\u017een sastav, koji uklanja neprijatne mirise, svrab i smiruje crvenila i ojede, ostavljaju\u0107i ko\u017eu glatkom i hidriranom.<br \/>\nIzuzetno efikasna me\u0161avina biljnih ekstrakata i eteri\u010dnih ulja daje na\u0161em gelu antibakterijsko, antigljivi\u010dno i protiviupalno dejstvo.<br \/>\nNavedeni sastojci umiruju, \u010di\u0161te i dezinfikuju, pri \u010demu ne isu\u0161uju va\u0161u osetljivu ko\u017eu, ve\u0107 je \u010dine jakom i otpornom i samim tim spremnom na sve ono \u0161to ugro\u017eava va\u0161u intimnu zonu.<br \/>\nBogata kombinacija na\u0161ih eteri\u010dnih ulja da\u0107e va\u0161oj intimnoj regiji mu\u017eevan, prijatan miris koji \u0107e trajati tokom celog dana.<\/p>\n<p>Hidrolat i eteri\u010dno ulje mente &#8211; sadr\u017ei sna\u017ene antioksidanse koji spre\u010davaju o\u0161te\u0107enja ko\u017ee usled delovanja slobodnih radikala.<br \/>\nAloja vera &#8211; Doprinosi revitalizaciji ko\u017ee. Poseduje sna\u017ean hidratantni, osve\u017euju\u0107i i umiruju\u0107i efekat na ko\u017eu.<br \/>\nEkstrakt sladi\u0107a &#8211; Smanjuje crvenilo ko\u017ee, deluje antiiritantno, antiseboroi\u010dno i antibakterijski.<br \/>\nEkstrakt zobi &#8211; Ubla\u017eavanje iritacije i smanjenje svraba na ko\u017ei. Ima hidriraju\u0107e, protivupalno i umiruju\u0107e dejstvo.<br \/>\nEkstrakt i eteri\u010dno ulje ruzmarina &#8211; Sadr\u017ei sna\u017ene antioksidanse koji spre\u010davaju o\u0161te\u0107enja ko\u017ee usled delovanja slobodnih radikala.<br \/>\nEkstrakt kantariona &#8211; Efikasan kod upalnih procesa, razli\u010ditih bakterijskih i gljivi\u010dnih oboljenja. Umiruje osetljivu ko\u017eu, hrani dehidriranu ko\u017eu, podsti\u010de obnovu ko\u017ee.<br \/>\nEkstrakt nevena &#8211; Pospe\u0161uje obnavljanje ko\u017ee ubrzavanjem procesa granulacije i epitelizacije.<br \/>\nEkstrakt bambusa &#8211; Bogat silikom, ko\u017ei daje glatko\u0107u, sjaj i \u010dvrstinu.<br \/>\nEteri\u010dno ulje sandalovine &#8211; Sadr\u017ei sna\u017ene antioksidanse koji spre\u010davaju o\u0161te\u0107enja ko\u017ee usled delovanja slobodnih radikala.<br \/>\nEteri\u010dno ulje zimzelena \u2013 Poseduje izrazito analgeti\u010dko, protivmikrobno i protivupalno dejstvo.<br \/>\nEteri\u010dno ulje pacula &#8211; Sadr\u017ei sna\u017ene antioksidanse koji spre\u010davaju o\u0161te\u0107enja ko\u017ee usled delovanja slobodnih radikala.<br \/>\nEteri\u010dno ulje limete &#8211; Deluje antisepti\u010dno i antibakterijski.<br \/>\nBisabolol &#8211; Ima zna\u010dajno umiruju\u0107e dejstvo, ubla\u017eava iritaciju i crvenilo ko\u017ee.<\/p>\n<p><strong>Sadr\u017eaj<\/strong>: Amino kiseline zobi, Hidrolat mente, Aloe vera, Koko glukozid, Koko betain, Glicerin, Glucose Sorb, Ulje avokada, Ekstrakt sladica, Ekstrakt zobi, Ekstrakt ruzmarina, Ekstrakt kantariona, Ekstrakt nevena, Ekstrakt bambusa, Eteri\u010dna ulja: Mente, Sandalovine, Ruzmarina, Zimzelena, Paculija, Limete; Bisabolol, Vitamin E, Pantenol, Geogard ultra.<\/p>\n<p>\u2705Na\u0161i proizvodi su klini\u010dki ispitani u akreditovanoj laboratoriji i poseduju izve\u0161taj o zdravstvenoj ispravnosti.<\/p>\n","protected":false},"featured_media":12604,"comment_status":"open","ping_status":"closed","template":"","meta":{"_acf_changed":false},"product_brand":[],"product_cat":[55],"product_tag":[],"class_list":{"0":"post-12586","1":"product","2":"type-product","3":"status-publish","4":"has-post-thumbnail","6":"product_cat-pranje","8":"first","9":"instock","10":"shipping-taxable","11":"purchasable","12":"product-type-simple"},"acf":[],"aioseo_notices":[],"_links":{"self":[{"href":"https:\/\/www.thegoldenspartan.com\/sr\/wp-json\/wp\/v2\/product\/12586","targetHints":{"allow":["GET"]}}],"collection":[{"href":"https:\/\/www.thegoldenspartan.com\/sr\/wp-json\/wp\/v2\/product"}],"about":[{"href":"https:\/\/www.thegoldenspartan.com\/sr\/wp-json\/wp\/v2\/types\/product"}],"replies":[{"embeddable":true,"href":"https:\/\/www.thegoldenspartan.com\/sr\/wp-json\/wp\/v2\/comments?post=12586"}],"wp:featuredmedia":[{"embeddable":true,"href":"https:\/\/www.thegoldenspartan.com\/sr\/wp-json\/wp\/v2\/media\/12604"}],"wp:attachment":[{"href":"https:\/\/www.thegoldenspartan.com\/sr\/wp-json\/wp\/v2\/media?parent=12586"}],"wp:term":[{"taxonomy":"product_brand","embeddable":true,"href":"https:\/\/www.thegoldenspartan.com\/sr\/wp-json\/wp\/v2\/product_brand?post=12586"},{"taxonomy":"product_cat","embeddable":true,"href":"https:\/\/www.thegoldenspartan.com\/sr\/wp-json\/wp\/v2\/product_cat?post=12586"},{"taxonomy":"product_tag","embeddable":true,"href":"https:\/\/www.thegoldenspartan.com\/sr\/wp-json\/wp\/v2\/product_tag?post=12586"}],"curies":[{"name":"wp","href":"https:\/\/api.w.org\/{rel}","templated":true}]}}