{"id":14075,"date":"2021-11-25T11:32:08","date_gmt":"2021-11-25T11:32:08","guid":{"rendered":"https:\/\/www.thegoldenspartan.com\/?post_type=product&#038;p=14075"},"modified":"2025-06-12T09:49:34","modified_gmt":"2025-06-12T09:49:34","slug":"cesalj-za-bradu-lux","status":"publish","type":"product","link":"https:\/\/www.thegoldenspartan.com\/sr\/shop\/alatke-za-bradu\/cesalj-za-bradu-lux\/","title":{"rendered":"\u010ce\u0161alj za bradu LUX"},"content":{"rendered":"","protected":false},"excerpt":{"rendered":"<p><strong>Besprekorno \u010de\u0161ljanje. Kvalitet bez premca.<\/strong><br \/>\nKada samo najbolje dolazi u obzir, LUX \u010de\u0161alj za bradu donosi vrhunsko iskustvo stilizovanja. Ru\u010dno izra\u0111en od prirodnog bivoljeg roga i sandalovine, ovaj \u010de\u0161alj je savr\u0161en spoj luksuza, funkcionalnosti i bezvremenskog dizajna \u2013 stvoren za bradonje koji ne pristaju na kompromise.<br \/>\n\u0160ta izdvaja LUX \u010de\u0161alj? Njegova glatka, be\u0161avna povr\u0161ina bez ikakvih neravnina, plastike ili ivica koje \u010dupaju \u2013 samo meko klizanje kroz bradu.<br \/>\nZahvaljuju\u0107i tome \u0161to bivolji rog ima isti keratinski sastav kao i tvoja dlaka, \u010de\u0161alj bez napora raspetljava \u010dak i najgu\u0161\u0107e i najneposlu\u0161nije brade bez \u010dupanja, kidanja ili stvaranja stati\u010dkog elektriciteta. U kombinaciji sa \u010dvrstom dr\u0161kom od sandalovine, LUX \u010de\u0161alj je estetski elegantan i gotovo ve\u010dan.<br \/>\nBilo da stilizuje\u0161 kod ku\u0107e ili u pokretu, ovaj \u010de\u0161alj podi\u017ee tvoju rutinu na nivo luksuznog rituala.<\/p>\n<p>\u279c Ru\u010dno izra\u0111en od prirodnog bivoljeg roga i sandalovine<br \/>\n\u279c Klizi kroz dlaku kao svila \u2013 bez \u010dupanja<br \/>\n\u279c Ja\u010di od drveta \u2013 izuzetno dugotrajan i otporan<br \/>\n\u279c Prirodno se sla\u017ee sa sastavom tvoje dlake<br \/>\n\u279c Savr\u0161en za se du\u017eine brade<br \/>\n\u279c Idealan poklon za bradonje<br \/>\n\u279c\u00a0Kompaktne dimenzije \u2013 10.5 cm x 5.5 cm<\/p>\n","protected":false},"featured_media":11823,"comment_status":"open","ping_status":"closed","template":"","meta":{"_acf_changed":false},"product_brand":[],"product_cat":[53],"product_tag":[],"class_list":{"0":"post-14075","1":"product","2":"type-product","3":"status-publish","4":"has-post-thumbnail","6":"product_cat-alatke-za-bradu","8":"first","9":"instock","10":"shipping-taxable","11":"purchasable","12":"product-type-variable"},"acf":[],"aioseo_notices":[],"_links":{"self":[{"href":"https:\/\/www.thegoldenspartan.com\/sr\/wp-json\/wp\/v2\/product\/14075","targetHints":{"allow":["GET"]}}],"collection":[{"href":"https:\/\/www.thegoldenspartan.com\/sr\/wp-json\/wp\/v2\/product"}],"about":[{"href":"https:\/\/www.thegoldenspartan.com\/sr\/wp-json\/wp\/v2\/types\/product"}],"replies":[{"embeddable":true,"href":"https:\/\/www.thegoldenspartan.com\/sr\/wp-json\/wp\/v2\/comments?post=14075"}],"wp:featuredmedia":[{"embeddable":true,"href":"https:\/\/www.thegoldenspartan.com\/sr\/wp-json\/wp\/v2\/media\/11823"}],"wp:attachment":[{"href":"https:\/\/www.thegoldenspartan.com\/sr\/wp-json\/wp\/v2\/media?parent=14075"}],"wp:term":[{"taxonomy":"product_brand","embeddable":true,"href":"https:\/\/www.thegoldenspartan.com\/sr\/wp-json\/wp\/v2\/product_brand?post=14075"},{"taxonomy":"product_cat","embeddable":true,"href":"https:\/\/www.thegoldenspartan.com\/sr\/wp-json\/wp\/v2\/product_cat?post=14075"},{"taxonomy":"product_tag","embeddable":true,"href":"https:\/\/www.thegoldenspartan.com\/sr\/wp-json\/wp\/v2\/product_tag?post=14075"}],"curies":[{"name":"wp","href":"https:\/\/api.w.org\/{rel}","templated":true}]}}