{"id":14197,"date":"2021-11-30T09:50:55","date_gmt":"2021-11-30T09:50:55","guid":{"rendered":"https:\/\/www.thegoldenspartan.com\/?post_type=product&#038;p=14197"},"modified":"2025-02-21T12:48:55","modified_gmt":"2025-02-21T12:48:55","slug":"derma-roler-za-bradu","status":"publish","type":"product","link":"https:\/\/www.thegoldenspartan.com\/sr\/shop\/rast-brade\/derma-roler-za-bradu\/","title":{"rendered":"Derma roler za bradu"},"content":{"rendered":"","protected":false},"excerpt":{"rendered":"<h2>Da li ste ve\u0107 \u010duli za Derma roler?<\/h2>\n<p>Niste?! Onda je vreme da vas upoznamo sa ovim malim i efikasnim kozmeti\u010dkim ali i terapeutskim \u010darobnjakom!<br \/>\nSve je po\u010delo u ordinaciji jednog poznatog nema\u010dkog dermatologa, davne 1905. godine.<br \/>\nPo\u0161av\u0161i od ideje da kori\u0161\u0107enje iglica u akupunkturi ve\u0107 vekovima daje sjajne ali i nau\u010dno priznate pozitivne efekte na \u010ditav organizam i razli\u010dita oboljenja, doktor Ernest Kroumayer, po\u010deo je da eksperimenti\u0161e sa dejstvom iglica na saniranje o\u017eiljaka i hiperpigmentacija ko\u017ee. Vremenom medicina je usavr\u0161ila ovaj pristup i kao kona\u010dan rezultat stvoren je derma roler.<\/p>\n<p>Koja je tajna njegove mo\u0107i? Prosto i jednostavno: Priroda!<br \/>\n&#8211; Mo\u0107 samoregeneracije na\u0161eg organizma;<br \/>\n&#8211; Mo\u0107 ko\u017ee da odgovori na stimulaciju i da po\u010dne da se obnavlja;<br \/>\n&#8211; Procesi deobe \u0107elija, sinteza kolagena i elastina, pobolj\u0161ana prokrvljenost, nervna stimulacija;<br \/>\n&#8211; Revitalizacija uspavanih \u0107elija i fiziolo\u0161kih procesa<\/p>\n<h2><strong>Redovan i uporan tretman, kao i strpljenje.<\/strong><\/h2>\n<p>Omogu\u0107i\u0107e da uspavane \u0107elije i fiziolo\u0161ki procesi zapo\u010dnu svoju revitalizaciju.<\/p>\n<p><strong>Potom, dermatolozi su otkrili jo\u0161 neke pozitivne efekte pa je derma roler dobio jo\u0161 jednu primenu: pomo\u0107 u stimulaciji obnove i rasta dlake.<\/strong><br \/>\nUkoliko \u017eelite da probudite uspavane folikule dlake, oja\u010date ve\u0107 postoje\u0107e dlake i produ\u017eite njihovu fazu rasta na prirodan i jednostavan na\u010din, na\u0161 derma roler za bradu je prava stvar za vas.<br \/>\nOn \u0107e poja\u010dati mikrocirkulaciju ko\u017ee, stimulisati razmenu hranljivih materija u korenu dlake i probuditi nervne zavr\u0161etke. Vremenom, najpre, prestaje prekomerno opadanje dlake (brada, kosa), postoje\u0107e dlake su \u017eivlje, sjajnije i dugove\u010dnije, a kroz dva do tri meseca primeti\u0107ete i prve nove dlake iz oporavljenih folikula.<br \/>\n<strong>Naravno, potrebno je o\u010dekivati realne rezultate:<\/strong> oporavi\u0107e se i o\u017eiveti samo oni folikuli koje genetski ve\u0107 posedujete ali su usled razli\u010ditih nepovoljnih uslova ostali o\u0161te\u0107eni, atrofirani i \u201cuspavani\u201d. Tamo gde od ro\u0111enja u va\u0161oj ko\u017ei ne postoji zametak (folikul) dlake, derma roler kao i bilo koji drugi tretman ne\u0107e u\u010diniti \u010dudo.<br \/>\nIpak, derma roler i dalje va\u017ei za lako dostupan i efikasan na\u010din da uz malo truda i strpljenja dobijete maksimalan mogu\u0107i efekat.<br \/>\nJo\u0161 jedna prednost derma rolera je poja\u010davanje resorpcije (upijanja) i dejstva preparata koji koristite za va\u0161u bradu (kosu), \u0161to je odli\u010dna dodatna korist.<\/p>\n<h2><strong>Kako se koristi derma roler?<\/strong><\/h2>\n<p>Jedan derma roler sme da koristi samo jedna osoba.<br \/>\nThe Golden Spartan derma roler za bradu i kosu je izuzetno kvalitetan; sa titanijumskim iglicama du\u017eine 0,5mm, lako se odr\u017eava i dezinfikuje.<br \/>\nPre upotrebe, operite roler pod mlazom mlake vode, dezinfikujte ga 70% alkoholom i ostavite da se prosu\u0161i na \u010distom frotiru.<br \/>\nLice treba da je umiveno i \u010disto.<br \/>\nUkoliko koristite na\u0161 <a href=\"https:\/\/www.thegoldenspartan.com\/sr\/shop\/rast-brade\/beard-booster-serum-za-rast-brade\/\">BEARD BOOSTER serum za rast brade<\/a>, nanesite ga pola sata ranije. Derma roler \u0107e intenzivirati njegovo dejstvo.<br \/>\nPrelazite rolerom ne vi\u0161e od deset puta po istom tragu ko\u017ee brade, najpre gore-dole, a zatim i u dijagonalnim pravcima, ne zaboravljaju\u0107i predeo zulufa, iza ugla donjovili\u010dnih kostiju, kao i \u010ditav podbradak, zahvataju\u0107i i malu zonu ko\u017ee vrata uz liniju rasta dlake.<br \/>\nProces ne treba da bude neprijatan i bolan, ve\u0107 na pragu tolerancije, a pritisak rolera toliki da mo\u017ee pru\u017eiti pozitivan efekat.<br \/>\nTretman ne treba da traje kra\u0107e od dva minuta, niti du\u017ee od deset.<br \/>\nU po\u010detku tretman treba sprovoditi dva puta nedeljno sa razmakom od tri, \u010detiri dana, a nakon \u0161est nedelja jednom nedeljno. \u010citav tretman treba da traje tri do \u0161est meseci. Nakon postignutih rezultata, u periodu odr\u017eavanja zdravlja i vitalnosti brade (kose), koristite derma roler bar jednom mese\u010dno.<\/p>\n<p>\u201cPuna brada\u201d je cilj koji je i te kako dosti\u017ean ali se ne de\u0161ava preko no\u0107i, jer je to vremenski uslovljen proces koji tra\u017ei upornost i strpljivost.<br \/>\nKada kona\u010dno dostignete taj cilj, va\u0161a brada \u0107e biti bujnija, dlaka deblja, dugove\u010dnija i sjajnija.<br \/>\nKako bi se izbeglo uni\u0161tavanje novih, ne\u017enih dlaka, ne preporu\u010dujemo brijanje u prva tri meseca tretmana na\u0161im derma rolerom. Ukoliko je ipak neophodno da oblikujete svoju bradu, mo\u017eete to \u010diniti trimerom, ali ne \u010de\u0161\u0107e od dva puta mese\u010dno.<\/p>\n<p>Derma roler se preporu\u010duje i onima koji imaju zdravu i gustu bradu, a \u017eele da je neguju i odr\u017ee njenu vitalnost.<br \/>\nDerma roler je namenjen svima koji \u017eele prirodan i realan oporavak i negu, potenciraju\u0107i upornost i strpljivost, kao i zdrave navike i \u017eivotni stil. Odli\u010dna je dopuna prirodnim preparatima za higijenu i negu, kao i kvalitetnoj suplementaciji tamo gde je ona potrebna.<\/p>\n","protected":false},"featured_media":14201,"comment_status":"open","ping_status":"closed","template":"","meta":{"_acf_changed":false},"product_brand":[],"product_cat":[79],"product_tag":[],"class_list":{"0":"post-14197","1":"product","2":"type-product","3":"status-publish","4":"has-post-thumbnail","6":"product_cat-rast-brade","8":"first","9":"instock","10":"shipping-taxable","11":"purchasable","12":"product-type-simple"},"acf":[],"aioseo_notices":[],"_links":{"self":[{"href":"https:\/\/www.thegoldenspartan.com\/sr\/wp-json\/wp\/v2\/product\/14197","targetHints":{"allow":["GET"]}}],"collection":[{"href":"https:\/\/www.thegoldenspartan.com\/sr\/wp-json\/wp\/v2\/product"}],"about":[{"href":"https:\/\/www.thegoldenspartan.com\/sr\/wp-json\/wp\/v2\/types\/product"}],"replies":[{"embeddable":true,"href":"https:\/\/www.thegoldenspartan.com\/sr\/wp-json\/wp\/v2\/comments?post=14197"}],"wp:featuredmedia":[{"embeddable":true,"href":"https:\/\/www.thegoldenspartan.com\/sr\/wp-json\/wp\/v2\/media\/14201"}],"wp:attachment":[{"href":"https:\/\/www.thegoldenspartan.com\/sr\/wp-json\/wp\/v2\/media?parent=14197"}],"wp:term":[{"taxonomy":"product_brand","embeddable":true,"href":"https:\/\/www.thegoldenspartan.com\/sr\/wp-json\/wp\/v2\/product_brand?post=14197"},{"taxonomy":"product_cat","embeddable":true,"href":"https:\/\/www.thegoldenspartan.com\/sr\/wp-json\/wp\/v2\/product_cat?post=14197"},{"taxonomy":"product_tag","embeddable":true,"href":"https:\/\/www.thegoldenspartan.com\/sr\/wp-json\/wp\/v2\/product_tag?post=14197"}],"curies":[{"name":"wp","href":"https:\/\/api.w.org\/{rel}","templated":true}]}}