{"id":15208,"date":"2022-03-09T13:11:02","date_gmt":"2022-03-09T13:11:02","guid":{"rendered":"https:\/\/www.thegoldenspartan.com\/?post_type=product&#038;p=15208"},"modified":"2025-06-17T07:15:07","modified_gmt":"2025-06-17T07:15:07","slug":"beard-booster-serum-za-rast-brade","status":"publish","type":"product","link":"https:\/\/www.thegoldenspartan.com\/sr\/shop\/rast-brade\/beard-booster-serum-za-rast-brade\/","title":{"rendered":"BEARD BOOSTER serum za rast brade"},"content":{"rendered":"","protected":false},"excerpt":{"rendered":"<h2>Imate retku i slabu bradu? Niste zadovoljni njenom gustinom?<\/h2>\n<p>Ko\u017eu koja je osetljiva, dlake krte, ne\u017ene i lomljive?<br \/>\nBeard Booster serum za rast brade je preparat koji se izdvaja u moru proizvoda iste namene.<br \/>\nIdealan spoj prirode, nauke i dugogodi\u0161njeg iskustva i posve\u0107enosti koje na\u0161a firma unosi u izradu svakog preparata za negu i zdravlje brade.<\/p>\n<p>Beard Booster je rezultat \u0161est godina intenzivnog istra\u017eivanja.<br \/>\nBogata formula visokoaktivnih sastojaka uz pravilnu, redovnu i strpljivu primenu ostvari\u0107e va\u0161e snove o bujnoj bradi.<\/p>\n<h2><strong>Kako Beard Booster stimuli\u0161e rast brade? <\/strong><\/h2>\n<p>Biotin i ekstrakt kofeina poja\u010davaju mikrocirkulaciju ko\u017ee i folikula uspavanih dlaka, obezbe\u0111uju\u0107i poja\u010danu ishranu i energiju na \u0107elijskom nivou.<br \/>\nVitamini B kompleksa dodatno hrane mlade, novostvorene \u0107elije, a bogato prisustvo pantenola obnavlja i regeneri\u0161e dlaku i ko\u017eu.<br \/>\nKao posebno cenjen aktivan sastojak, Beard booster nudi jedan od najja\u010dih antioksidanasa i bioaktivatora koji postoje u prirodi: taksifolin &#8211; flavonoid ekstraktovan iz sibirskog kedra.<\/p>\n<p>Kompletna formulacija ovih pa\u017eljivo odabranih sastojaka poja\u010da\u0107e cirkulaciju krvi u ko\u017ei va\u0161eg lica, probudi\u0107e uspavane dla\u010dne folikule i osna\u017eiti ve\u0107 postoje\u0107e.<\/p>\n<h2><strong>\u0160ta mo\u017eete da o\u010dekujete i kada<\/strong><strong>?<\/strong><\/h2>\n<p>U roku od 6 do 8 nedelja redovan korisnik primeti\u0107e prve ne\u017ene svetle dla\u010dice.<br \/>\nAli to je tek po\u010detak. Ovo su tek takozvane anagene dlake &#8211; dlake vrlo ne\u017ene, neotporne, mlade i\u00a0u fazi rasta.<br \/>\nDo telogenih, pravih, zrelih dlaka morate biti uporni i strpljivi. Nije realno da o\u010dekujete \u010dudo (punu bradu) preko no\u0107i. To je proces koji traje od 6 meseci do godinu dana i razlikuje se zavisno od genetike i spolja\u0161njih uticaja, tj na\u010dina \u017eivota svakog mu\u0161karca, posebno<strong>.<\/strong><br \/>\nIako vam se sada \u010dini da je to predug period, na kraju \u0107ete biti zaista zadovoljni svojim rezultatima.<\/p>\n<h2><strong>Uputstvo za kori\u0161\u0107enje: <\/strong><\/h2>\n<p>Beard Booster se nanosi 2 puta dnevno, ujutru i uve\u010de, na \u010disto lice.<br \/>\nIma formu gela i lako je razmaziv. Za jednu oblast lica dovoljna vam je koli\u010dina veli\u010dine zrna gra\u0161ka. Za jednu primenu bi\u0107e dovoljno jedan do dva pritiska pumpice.<br \/>\nPreparat se brzo upija, a ne\u017eni film koji se nakon toga zadr\u017eava na povr\u0161ini ko\u017ee vrlo brzo postaje neprimetan.<br \/>\nJo\u0161 ve\u0107u efikasnost Beard Boostera posti\u0107i\u0107ete istovremenom primenom na\u0161eg <a href=\"https:\/\/www.thegoldenspartan.com\/sr\/shop\/rast-brade\/derma-roler-za-bradu\/\">rolera za bradu<\/a>.<\/p>\n<h2><strong>Sastav<\/strong><strong>:<\/strong><\/h2>\n<p>Destilovana voda, hidrolat mente, ekstrakt kofeina, glicerin, pantenol, niacin, biotin, eteri\u010dno ulje mente, geogard ultra, poliakrilna kiselina, dihidrokvercetin.<\/p>\n<h2><strong>Pitanja i odgovori<\/strong><strong>:<\/strong><\/h2>\n<p><strong>Da li mogu da se brijem dok koristim Beard Booster? <\/strong><\/p>\n<p>Brijanje nije preporu\u010deno.<br \/>\nMo\u017eete trimovati bradu ako \u017eelite da je dr\u017eite urednom.<br \/>\nMe\u0111utim, da biste izbegli o\u0161te\u0107enje novih dla\u010dica, ne preporu\u010dujemo da to radite \u010desto.<br \/>\n<strong><br \/>\nDa li ima negativnih efekata? <\/strong><\/p>\n<p>Beard Booster ne sadr\u017ei hormone niti bilo koje druge \u0161tetne supstance.<br \/>\nTako\u0111e, na\u0161 proizvod je ispitan i poseduje serftikat o zdravstvenoj ispravnosti.<\/p>\n<p><strong>Koliko dugo traje jedna fla\u0161ica?<\/strong><\/p>\n<p>Pakovanje Beard Boostera je dovoljno za 45 dana redovnog kori\u0161\u0107enja.<\/p>\n<p><strong>Da li je Beard Booster efikasan za rast kose?<\/strong><\/p>\n<p>Visokoaktivni sastojci Beard Boostera nau\u010dno su\u00a0ispitani i potvr\u0111eni kao poja\u010diva\u010di rasta dlake i uti\u010du na njenu vitalnost. Imamo mnogo primera gde je kori\u0161\u0107enjem na\u0161eg seruma za rast brade spre\u010deno dalje opadanje kose, dok je u nekim slu\u010dajevima bio primetan rast novih dlaka.<br \/>\nMe\u0111utim, na\u0161 Booster je prvenstveno namenjen za bradu, tako da ne mo\u017eemo garantovati za rezultate koje \u0107ete ostvariti na kosi.<\/p>\n","protected":false},"featured_media":15672,"comment_status":"open","ping_status":"closed","template":"","meta":{"_acf_changed":false},"product_brand":[],"product_cat":[79],"product_tag":[],"class_list":{"0":"post-15208","1":"product","2":"type-product","3":"status-publish","4":"has-post-thumbnail","6":"product_cat-rast-brade","8":"first","9":"instock","10":"featured","11":"shipping-taxable","12":"purchasable","13":"product-type-simple"},"acf":[],"aioseo_notices":[],"_links":{"self":[{"href":"https:\/\/www.thegoldenspartan.com\/sr\/wp-json\/wp\/v2\/product\/15208","targetHints":{"allow":["GET"]}}],"collection":[{"href":"https:\/\/www.thegoldenspartan.com\/sr\/wp-json\/wp\/v2\/product"}],"about":[{"href":"https:\/\/www.thegoldenspartan.com\/sr\/wp-json\/wp\/v2\/types\/product"}],"replies":[{"embeddable":true,"href":"https:\/\/www.thegoldenspartan.com\/sr\/wp-json\/wp\/v2\/comments?post=15208"}],"wp:featuredmedia":[{"embeddable":true,"href":"https:\/\/www.thegoldenspartan.com\/sr\/wp-json\/wp\/v2\/media\/15672"}],"wp:attachment":[{"href":"https:\/\/www.thegoldenspartan.com\/sr\/wp-json\/wp\/v2\/media?parent=15208"}],"wp:term":[{"taxonomy":"product_brand","embeddable":true,"href":"https:\/\/www.thegoldenspartan.com\/sr\/wp-json\/wp\/v2\/product_brand?post=15208"},{"taxonomy":"product_cat","embeddable":true,"href":"https:\/\/www.thegoldenspartan.com\/sr\/wp-json\/wp\/v2\/product_cat?post=15208"},{"taxonomy":"product_tag","embeddable":true,"href":"https:\/\/www.thegoldenspartan.com\/sr\/wp-json\/wp\/v2\/product_tag?post=15208"}],"curies":[{"name":"wp","href":"https:\/\/api.w.org\/{rel}","templated":true}]}}