{"id":15397,"date":"2022-04-04T12:28:53","date_gmt":"2022-04-04T12:28:53","guid":{"rendered":"https:\/\/www.thegoldenspartan.com\/?post_type=product&#038;p=15397"},"modified":"2025-06-12T11:00:20","modified_gmt":"2025-06-12T11:00:20","slug":"warrior-britva","status":"publish","type":"product","link":"https:\/\/www.thegoldenspartan.com\/sr\/shop\/alatke-za-bradu\/warrior-britva\/","title":{"rendered":"WARRIOR britva"},"content":{"rendered":"","protected":false},"excerpt":{"rendered":"<p><strong>Precizno se\u010divo. Legendarna izrada.<\/strong><br \/>\nUnapredi svoju rutinu brijanja uz WARRIOR britvu \u2013 ru\u010dno izra\u0111en alat za bradonje koji cene preciznost, snagu i tradiciju pri svakom brijanju.<br \/>\nOva vrhunska britva dolazi sa elegantno izbru\u0161enom dr\u0161kom od sandalovine, koja ne samo da izgleda luksuzno ve\u0107 savr\u0161eno le\u017ei u ruci. Bilo da defini\u0161e\u0161 o\u0161tre linije brade ili se upu\u0161ta\u0161 u klasi\u010dno brijanje na mokro, Warrior britva pru\u017ea glatke, kontrolisane poteze sa profesionalnom precizno\u0161\u0107u.<br \/>\nZahvaljuju\u0107i jednostavnom i sigurnom preklopnom mehanizmu, zamena \u017eileta je brza i bezbedna \u2013 \u010dine\u0107i ovu britvu idealnim izborom kako za ku\u0107nu upotrebu, tako i za profesionalne berbernice.<br \/>\nOd \u010distih linija obraza do precizno oblikovanih linija vrata \u2013 Warrior britva je tvoj verni saveznik za legendarne rezultate.<\/p>\n<p>\u279c Ru\u010dno izra\u0111ena dr\u0161ka od sandalovine<br \/>\n\u279c Precizno oblikovanje brade i klasi\u010dno mokro brijanje<br \/>\n\u279c Preklopni sistem za brzu i sigurnu zamenu \u017eileta<br \/>\n\u279c Idealna za ku\u0107nu i profesionalnu upotrebu<\/p>\n<p>\u017dileti za jednokratnu upotrebu nisu uklju\u010deni.<\/p>\n","protected":false},"featured_media":15487,"comment_status":"open","ping_status":"closed","template":"","meta":{"_acf_changed":false},"product_brand":[],"product_cat":[53],"product_tag":[],"class_list":{"0":"post-15397","1":"product","2":"type-product","3":"status-publish","4":"has-post-thumbnail","6":"product_cat-alatke-za-bradu","8":"first","9":"instock","10":"shipping-taxable","11":"purchasable","12":"product-type-variable"},"acf":[],"aioseo_notices":[],"_links":{"self":[{"href":"https:\/\/www.thegoldenspartan.com\/sr\/wp-json\/wp\/v2\/product\/15397","targetHints":{"allow":["GET"]}}],"collection":[{"href":"https:\/\/www.thegoldenspartan.com\/sr\/wp-json\/wp\/v2\/product"}],"about":[{"href":"https:\/\/www.thegoldenspartan.com\/sr\/wp-json\/wp\/v2\/types\/product"}],"replies":[{"embeddable":true,"href":"https:\/\/www.thegoldenspartan.com\/sr\/wp-json\/wp\/v2\/comments?post=15397"}],"wp:featuredmedia":[{"embeddable":true,"href":"https:\/\/www.thegoldenspartan.com\/sr\/wp-json\/wp\/v2\/media\/15487"}],"wp:attachment":[{"href":"https:\/\/www.thegoldenspartan.com\/sr\/wp-json\/wp\/v2\/media?parent=15397"}],"wp:term":[{"taxonomy":"product_brand","embeddable":true,"href":"https:\/\/www.thegoldenspartan.com\/sr\/wp-json\/wp\/v2\/product_brand?post=15397"},{"taxonomy":"product_cat","embeddable":true,"href":"https:\/\/www.thegoldenspartan.com\/sr\/wp-json\/wp\/v2\/product_cat?post=15397"},{"taxonomy":"product_tag","embeddable":true,"href":"https:\/\/www.thegoldenspartan.com\/sr\/wp-json\/wp\/v2\/product_tag?post=15397"}],"curies":[{"name":"wp","href":"https:\/\/api.w.org\/{rel}","templated":true}]}}