{"id":16018,"date":"2022-06-14T10:45:18","date_gmt":"2022-06-14T10:45:18","guid":{"rendered":"https:\/\/www.thegoldenspartan.com\/?post_type=product&#038;p=16018"},"modified":"2025-06-12T10:49:12","modified_gmt":"2025-06-12T10:49:12","slug":"makaze-za-bradu","status":"publish","type":"product","link":"https:\/\/www.thegoldenspartan.com\/sr\/shop\/alatke-za-bradu\/makaze-za-bradu\/","title":{"rendered":"Makaze za bradu"},"content":{"rendered":"","protected":false},"excerpt":{"rendered":"<p><strong>Preciznost u tvojim rukama \u2013 Ovladaj svakim potezom<\/strong><br \/>\nPreuzmi potpunu kontrolu nad svojom rutinom sre\u0111ivanja uz na\u0161e makaze za bradu, izra\u0111ene od vrhunskog japanskog \u010delika du\u017eine 6 in\u010da \u2013 izbor profesionalaca, savr\u0161ene za svakog bradonju. Bilo da si po\u010detnik koji sre\u0111uje bradu kod ku\u0107e ili iskusni berberin, ove makaze nude izuzetnu preciznost, o\u0161trinu i izdr\u017eljivost koje traju godinama.<br \/>\nKlasi\u010dan dizajn i savr\u0161eno izbalansirana forma omogu\u0107avaju lagano, ergonomsko rukovanje, \u010dine\u0107i svako skra\u0107ivanje brade glatkim i bez napora. Tanka, precizna o\u0161trica omogu\u0107ava maksimalnu kontrolu kod oblikovanja, konturisanja i detaljisanja \u2013 \u010dak i najzahtevnijih linija.<\/p>\n<p>Zahvaljuju\u0107i podesivom \u0161rafu, lako prilago\u0111ava\u0161 otpor prema svom stilu \u0161i\u0161anja \u2013 bilo da ti treba brza korekcija ili pa\u017eljivo definisanje. Bez \u010dupanja. Bez zapinjanja. Samo profesionalni rezultati, iz udobnosti tvog doma.<\/p>\n<p>\u279c Japanski \u010delik du\u017eine 6\u201d \u2013 izuzetno o\u0161tar i otporan<br \/>\n\u279c Precizna tanka o\u0161trica \u2013 idealna za bradu<br \/>\n\u279c Za po\u010detnike i profesionalce \u2013 lako\u0107a kori\u0161\u0107enja<br \/>\n\u279c Podesiv \u0161raf za napetost \u2013 potpuna kontrola \u0161i\u0161anja<br \/>\n\u279c Ergonomski dizajn \u2013 udobnost i vrhunska<\/p>\n","protected":false},"featured_media":16020,"comment_status":"open","ping_status":"closed","template":"","meta":{"_acf_changed":false},"product_brand":[],"product_cat":[53],"product_tag":[],"class_list":{"0":"post-16018","1":"product","2":"type-product","3":"status-publish","4":"has-post-thumbnail","6":"product_cat-alatke-za-bradu","8":"first","9":"instock","10":"shipping-taxable","11":"purchasable","12":"product-type-simple"},"acf":[],"aioseo_notices":[],"_links":{"self":[{"href":"https:\/\/www.thegoldenspartan.com\/sr\/wp-json\/wp\/v2\/product\/16018","targetHints":{"allow":["GET"]}}],"collection":[{"href":"https:\/\/www.thegoldenspartan.com\/sr\/wp-json\/wp\/v2\/product"}],"about":[{"href":"https:\/\/www.thegoldenspartan.com\/sr\/wp-json\/wp\/v2\/types\/product"}],"replies":[{"embeddable":true,"href":"https:\/\/www.thegoldenspartan.com\/sr\/wp-json\/wp\/v2\/comments?post=16018"}],"wp:featuredmedia":[{"embeddable":true,"href":"https:\/\/www.thegoldenspartan.com\/sr\/wp-json\/wp\/v2\/media\/16020"}],"wp:attachment":[{"href":"https:\/\/www.thegoldenspartan.com\/sr\/wp-json\/wp\/v2\/media?parent=16018"}],"wp:term":[{"taxonomy":"product_brand","embeddable":true,"href":"https:\/\/www.thegoldenspartan.com\/sr\/wp-json\/wp\/v2\/product_brand?post=16018"},{"taxonomy":"product_cat","embeddable":true,"href":"https:\/\/www.thegoldenspartan.com\/sr\/wp-json\/wp\/v2\/product_cat?post=16018"},{"taxonomy":"product_tag","embeddable":true,"href":"https:\/\/www.thegoldenspartan.com\/sr\/wp-json\/wp\/v2\/product_tag?post=16018"}],"curies":[{"name":"wp","href":"https:\/\/api.w.org\/{rel}","templated":true}]}}