{"id":1650,"date":"2018-02-12T14:35:22","date_gmt":"2018-02-12T14:35:22","guid":{"rendered":"https:\/\/www.thegoldenspartan.com\/shop\/uncategorized\/pure-premium-beard-oil-30ml-1oz\/"},"modified":"2025-06-27T10:58:38","modified_gmt":"2025-06-27T10:58:38","slug":"pure-ulje-za-bradu","status":"publish","type":"product","link":"https:\/\/www.thegoldenspartan.com\/sr\/shop\/premium-ulja-za-bradu\/pure-ulje-za-bradu\/","title":{"rendered":"PURE ulje za bradu"},"content":{"rendered":"","protected":false},"excerpt":{"rendered":"<p><strong>Bez mirisa. Bez komplikacija. Samo \u010dista nega brade.<\/strong><br \/>\nZa istinske ljubitelje jednostavne i efikasne nege, Pure ulje za bradu je pravi izbor. Kreirano za mu\u0161karce koji preferiraju negu bez mirisa, ovo ulje ne sadr\u017ei etarska ulja \u2014 samo najkvalitetnija prirodna bazna ulja koja hrane, \u0161tite i ja\u010daju tvoju bradu.<br \/>\nSavr\u0161eno za osetljivu ko\u017eu, korisnike koji izbegavaju jake mirise, ili one koji \u017eele da nose svoj parfem bez me\u0161anja sa mirisom ulja za bradu.<\/p>\n<p>Napravljen od 100% prirodnih sastojaka i ru\u010dno punjen u malim serijama, ovaj proizvod dubinski hidrira, spre\u010dava suvo\u0107u, perutanje, svrab i lomljenje dlake, \u010dine\u0107i bradu mek\u0161om, zdravijom i lak\u0161om za oblikovanje.<\/p>\n<p>\u279c Formula bez mirisa, idealna za osetljivu ko\u017eu<br \/>\n\u279c Sadr\u017ei 100% prirodna, hranljiva ulja<br \/>\n\u279c Dubinski hidrira i neguje bradu i ko\u017eu<br \/>\n\u279c Smanjuje suvo\u0107u, perut i svrab<br \/>\n\u279c Ja\u010da dlaku i olak\u0161ava oblikovanje<br \/>\n\u279c Ru\u010dno punjeno malim serijama za vrhunski kvalitet<br \/>\n\u279c Idealno za svakodnevnu upotrebu<\/p>\n<p><em><strong>Sastav<\/strong>: ulje jojobe, badema, semenki gro\u017e\u0111a, kokosa, ricinusa, konoplje, vitamin E.<\/em><\/p>\n<p><em>\u2705\u00a0Na\u0161i proizvodi su klini\u010dki ispitani u akreditovanoj laboratoriji i poseduju izve\u0161taj o zdravstvenoj ispravnosti.<\/em><\/p>\n","protected":false},"featured_media":2862,"comment_status":"open","ping_status":"closed","template":"","meta":{"_acf_changed":false},"product_brand":[],"product_cat":[51],"product_tag":[],"class_list":{"0":"post-1650","1":"product","2":"type-product","3":"status-publish","4":"has-post-thumbnail","6":"product_cat-premium-ulja-za-bradu","8":"first","9":"instock","10":"shipping-taxable","11":"purchasable","12":"product-type-variable"},"acf":[],"aioseo_notices":[],"_links":{"self":[{"href":"https:\/\/www.thegoldenspartan.com\/sr\/wp-json\/wp\/v2\/product\/1650","targetHints":{"allow":["GET"]}}],"collection":[{"href":"https:\/\/www.thegoldenspartan.com\/sr\/wp-json\/wp\/v2\/product"}],"about":[{"href":"https:\/\/www.thegoldenspartan.com\/sr\/wp-json\/wp\/v2\/types\/product"}],"replies":[{"embeddable":true,"href":"https:\/\/www.thegoldenspartan.com\/sr\/wp-json\/wp\/v2\/comments?post=1650"}],"wp:featuredmedia":[{"embeddable":true,"href":"https:\/\/www.thegoldenspartan.com\/sr\/wp-json\/wp\/v2\/media\/2862"}],"wp:attachment":[{"href":"https:\/\/www.thegoldenspartan.com\/sr\/wp-json\/wp\/v2\/media?parent=1650"}],"wp:term":[{"taxonomy":"product_brand","embeddable":true,"href":"https:\/\/www.thegoldenspartan.com\/sr\/wp-json\/wp\/v2\/product_brand?post=1650"},{"taxonomy":"product_cat","embeddable":true,"href":"https:\/\/www.thegoldenspartan.com\/sr\/wp-json\/wp\/v2\/product_cat?post=1650"},{"taxonomy":"product_tag","embeddable":true,"href":"https:\/\/www.thegoldenspartan.com\/sr\/wp-json\/wp\/v2\/product_tag?post=1650"}],"curies":[{"name":"wp","href":"https:\/\/api.w.org\/{rel}","templated":true}]}}