{"id":16932,"date":"2022-10-04T10:06:49","date_gmt":"2022-10-04T10:06:50","guid":{"rendered":"https:\/\/www.thegoldenspartan.com\/?post_type=product&#038;p=16932"},"modified":"2022-10-04T12:29:21","modified_gmt":"2022-10-04T12:29:21","slug":"stencil-remover","status":"publish","type":"product","link":"https:\/\/www.thegoldenspartan.com\/sr\/shop\/nega-tetovaza\/stencil-remover\/","title":{"rendered":"Stencil Remover"},"content":{"rendered":"","protected":false},"excerpt":{"rendered":"<p>Na\u0161 Stencil Remover je proizvod kreiran za brisanje \u0161ablona (stencila) na ko\u017ei na udoban i bezbedan na\u010din.<br \/>\nBez agresivnih hemikalija. Ne ostavlja ko\u017eu iritiranom nakon uklanjanja \u0161ablona!<br \/>\nMo\u017ee se koristiti \u010dak i ako je stencil potpuno suv.<\/p>\n<p>Za najbolje rezultate koristite vatu ili sterilnu gazu.<br \/>\nNe\u017eno trljajte ko\u017eu kru\u017enim pokretima u suprotnim smerovima dok \u0161ablon ne nestane.<\/p>\n<p>Napomena: Na\u0161i proizvodi su klini\u010dki ispitani u akreditovanoj laboratoriji i poseduju izve\u0161taj o zdravstvenoj ispravnosti.<\/p>\n","protected":false},"featured_media":17318,"comment_status":"open","ping_status":"closed","template":"","meta":{"_acf_changed":false},"product_brand":[],"product_cat":[58],"product_tag":[],"class_list":{"0":"post-16932","1":"product","2":"type-product","3":"status-publish","4":"has-post-thumbnail","6":"product_cat-nega-tetovaza","8":"first","9":"instock","10":"shipping-taxable","11":"purchasable","12":"product-type-simple"},"acf":[],"aioseo_notices":[],"_links":{"self":[{"href":"https:\/\/www.thegoldenspartan.com\/sr\/wp-json\/wp\/v2\/product\/16932","targetHints":{"allow":["GET"]}}],"collection":[{"href":"https:\/\/www.thegoldenspartan.com\/sr\/wp-json\/wp\/v2\/product"}],"about":[{"href":"https:\/\/www.thegoldenspartan.com\/sr\/wp-json\/wp\/v2\/types\/product"}],"replies":[{"embeddable":true,"href":"https:\/\/www.thegoldenspartan.com\/sr\/wp-json\/wp\/v2\/comments?post=16932"}],"wp:featuredmedia":[{"embeddable":true,"href":"https:\/\/www.thegoldenspartan.com\/sr\/wp-json\/wp\/v2\/media\/17318"}],"wp:attachment":[{"href":"https:\/\/www.thegoldenspartan.com\/sr\/wp-json\/wp\/v2\/media?parent=16932"}],"wp:term":[{"taxonomy":"product_brand","embeddable":true,"href":"https:\/\/www.thegoldenspartan.com\/sr\/wp-json\/wp\/v2\/product_brand?post=16932"},{"taxonomy":"product_cat","embeddable":true,"href":"https:\/\/www.thegoldenspartan.com\/sr\/wp-json\/wp\/v2\/product_cat?post=16932"},{"taxonomy":"product_tag","embeddable":true,"href":"https:\/\/www.thegoldenspartan.com\/sr\/wp-json\/wp\/v2\/product_tag?post=16932"}],"curies":[{"name":"wp","href":"https:\/\/api.w.org\/{rel}","templated":true}]}}