{"id":1768,"date":"2018-05-30T12:18:27","date_gmt":"2018-05-30T12:32:11","guid":{"rendered":"https:\/\/www.thegoldenspartan.com\/?post_type=product&#038;p=1768"},"modified":"2025-06-10T13:35:10","modified_gmt":"2025-06-10T13:35:10","slug":"kozna-futrola-za-ulje-za-bradu","status":"publish","type":"product","link":"https:\/\/www.thegoldenspartan.com\/sr\/shop\/premium-ulja-za-bradu\/kozna-futrola-za-ulje-za-bradu\/","title":{"rendered":"Ko\u017ena futrola za ulje za bradu"},"content":{"rendered":"","protected":false},"excerpt":{"rendered":"<p><strong>Luksuzna Za\u0161tita za Va\u0161 Omiljeni Proizvod za Negu Brade<\/strong><br \/>\nRu\u010dno izra\u0111ena od vrhunske italijanske prirodne ko\u017ee, ova specijalno dizajnirana futrola savr\u0161en je saputnik za va\u0161e omiljeno ulje za bradu. Stvorena da spoji stil i funkcionalnost, \u010duva va\u0161u rutinu nege brade \u2013 gde god da vas \u017eivot odvede.<\/p>\n<p>Izdr\u017eljiva, elegantna i savr\u0161eno prilago\u0111ena na\u0161im uljima za bradu sa pipetom. Bilo da putujete, idete na posao ili jednostavno \u017eelite da va\u0161a bo\u010dica bude sigurna i izgleda besprekorno, ovo je vrhunsko re\u0161enje koje ste tra\u017eili.<\/p>\n","protected":false},"featured_media":2866,"comment_status":"open","ping_status":"closed","template":"","meta":{"_acf_changed":false},"product_brand":[],"product_cat":[51],"product_tag":[],"class_list":{"0":"post-1768","1":"product","2":"type-product","3":"status-publish","4":"has-post-thumbnail","6":"product_cat-premium-ulja-za-bradu","8":"first","9":"instock","10":"shipping-taxable","11":"purchasable","12":"product-type-simple"},"acf":[],"aioseo_notices":[],"_links":{"self":[{"href":"https:\/\/www.thegoldenspartan.com\/sr\/wp-json\/wp\/v2\/product\/1768","targetHints":{"allow":["GET"]}}],"collection":[{"href":"https:\/\/www.thegoldenspartan.com\/sr\/wp-json\/wp\/v2\/product"}],"about":[{"href":"https:\/\/www.thegoldenspartan.com\/sr\/wp-json\/wp\/v2\/types\/product"}],"replies":[{"embeddable":true,"href":"https:\/\/www.thegoldenspartan.com\/sr\/wp-json\/wp\/v2\/comments?post=1768"}],"wp:featuredmedia":[{"embeddable":true,"href":"https:\/\/www.thegoldenspartan.com\/sr\/wp-json\/wp\/v2\/media\/2866"}],"wp:attachment":[{"href":"https:\/\/www.thegoldenspartan.com\/sr\/wp-json\/wp\/v2\/media?parent=1768"}],"wp:term":[{"taxonomy":"product_brand","embeddable":true,"href":"https:\/\/www.thegoldenspartan.com\/sr\/wp-json\/wp\/v2\/product_brand?post=1768"},{"taxonomy":"product_cat","embeddable":true,"href":"https:\/\/www.thegoldenspartan.com\/sr\/wp-json\/wp\/v2\/product_cat?post=1768"},{"taxonomy":"product_tag","embeddable":true,"href":"https:\/\/www.thegoldenspartan.com\/sr\/wp-json\/wp\/v2\/product_tag?post=1768"}],"curies":[{"name":"wp","href":"https:\/\/api.w.org\/{rel}","templated":true}]}}