{"id":1841,"date":"2018-06-08T11:46:25","date_gmt":"2018-06-08T11:46:25","guid":{"rendered":"https:\/\/www.thegoldenspartan.com\/?post_type=product&#038;p=1841"},"modified":"2021-08-11T08:15:43","modified_gmt":"2021-08-11T08:15:43","slug":"tattoo-finisher-srb","status":"publish","type":"product","link":"https:\/\/www.thegoldenspartan.com\/sr\/shop\/nega-tetovaza\/tattoo-finisher-srb\/","title":{"rendered":"Tattoo Finisher"},"content":{"rendered":"","protected":false},"excerpt":{"rendered":"<p>Na\u0161 Tattoo Finisher omogu\u0107uje tetova\u017eama da zadr\u017ee vi\u0161e boje unutar ko\u017ee.<br \/>\nOvo se posti\u017ee zatvaranjem pora.<br \/>\nTattoo Finisher primetno smiruje otok i crvenilo.<br \/>\nNanesite Tattoo Finisher odmah nakon \u010di\u0161\u0107enja tetova\u017ee.<\/p>\n<p><a href=\"https:\/\/www.youtube.com\/watch?v=cAwpyzk39mA\" target=\"_blank\" rel=\"noopener\"><strong>VIDEO UPUTSTVO<\/strong><\/a><\/p>\n<p>Napomena: Na\u0161i proizvodi su klini\u010dki ispitani u akreditovanoj laboratoriji i poseduju izve\u0161taj o zdravstvenoj ispravnosti.<\/p>\n","protected":false},"featured_media":17326,"comment_status":"open","ping_status":"closed","template":"","meta":{"_acf_changed":false},"product_brand":[],"product_cat":[58],"product_tag":[],"class_list":{"0":"post-1841","1":"product","2":"type-product","3":"status-publish","4":"has-post-thumbnail","6":"product_cat-nega-tetovaza","8":"first","9":"instock","10":"shipping-taxable","11":"purchasable","12":"product-type-simple"},"acf":[],"aioseo_notices":[],"_links":{"self":[{"href":"https:\/\/www.thegoldenspartan.com\/sr\/wp-json\/wp\/v2\/product\/1841","targetHints":{"allow":["GET"]}}],"collection":[{"href":"https:\/\/www.thegoldenspartan.com\/sr\/wp-json\/wp\/v2\/product"}],"about":[{"href":"https:\/\/www.thegoldenspartan.com\/sr\/wp-json\/wp\/v2\/types\/product"}],"replies":[{"embeddable":true,"href":"https:\/\/www.thegoldenspartan.com\/sr\/wp-json\/wp\/v2\/comments?post=1841"}],"wp:featuredmedia":[{"embeddable":true,"href":"https:\/\/www.thegoldenspartan.com\/sr\/wp-json\/wp\/v2\/media\/17326"}],"wp:attachment":[{"href":"https:\/\/www.thegoldenspartan.com\/sr\/wp-json\/wp\/v2\/media?parent=1841"}],"wp:term":[{"taxonomy":"product_brand","embeddable":true,"href":"https:\/\/www.thegoldenspartan.com\/sr\/wp-json\/wp\/v2\/product_brand?post=1841"},{"taxonomy":"product_cat","embeddable":true,"href":"https:\/\/www.thegoldenspartan.com\/sr\/wp-json\/wp\/v2\/product_cat?post=1841"},{"taxonomy":"product_tag","embeddable":true,"href":"https:\/\/www.thegoldenspartan.com\/sr\/wp-json\/wp\/v2\/product_tag?post=1841"}],"curies":[{"name":"wp","href":"https:\/\/api.w.org\/{rel}","templated":true}]}}