{"id":1845,"date":"2018-06-08T12:12:13","date_gmt":"2018-06-08T12:12:13","guid":{"rendered":"https:\/\/www.thegoldenspartan.com\/?post_type=product&#038;p=1845"},"modified":"2021-08-11T08:13:33","modified_gmt":"2021-08-11T08:13:33","slug":"stencil-anchor-srb","status":"publish","type":"product","link":"https:\/\/www.thegoldenspartan.com\/sr\/shop\/nega-tetovaza\/stencil-anchor-srb\/","title":{"rendered":"Stencil Anchor"},"content":{"rendered":"","protected":false},"excerpt":{"rendered":"<p>Stencil Anchor \u0107e vam pomo\u0107i da napravite izuzetno jasne, \u010diste i o\u0161tre linije. Va\u0161 stencil \u0107e biti ta\u010dniji prikaz crte\u017ea.<br \/>\nStencil Anchor \u0161titi stencil od brisanja i razmazivanja.<br \/>\nStencil postaje postojan i dugotrajan, ostaje satima dok tetovirate. Nema vi\u0161e brige o brisanju i razmazivanju.<br \/>\nNa\u0161 Stencil Anchor ne sadr\u017ei dezodorans i mirise. Nije mastan i brzo se su\u0161i.<\/p>\n<p>Mala koli\u010dina Stencil Anchor-a zavr\u0161ava dosta posla.<br \/>\nNama\u017eite tanak sloj na ko\u017eu koja se tetovira i trljajte sve dok ne ostane samo delimi\u010dno vla\u017ean sloj. Stavite stencil na namazanu povr\u0161inu i lagano pritisnite rukom. Skinite papir i pustite da se stencil osu\u0161i nekoliko minuta.<\/p>\n<p><a href=\"https:\/\/www.youtube.com\/watch?v=7DYRdEAEZGA\" target=\"_blank\" rel=\"noopener\"><strong>VIDEO UPUTSTVO<\/strong><\/a><\/p>\n<p>Napomena: Na\u0161i proizvodi su klini\u010dki ispitani u akreditovanoj laboratoriji i poseduju izve\u0161taj o zdravstvenoj ispravnosti.<\/p>\n","protected":false},"featured_media":17324,"comment_status":"open","ping_status":"closed","template":"","meta":{"_acf_changed":false},"product_brand":[],"product_cat":[58],"product_tag":[],"class_list":{"0":"post-1845","1":"product","2":"type-product","3":"status-publish","4":"has-post-thumbnail","6":"product_cat-nega-tetovaza","8":"first","9":"instock","10":"shipping-taxable","11":"purchasable","12":"product-type-simple"},"acf":[],"aioseo_notices":[],"_links":{"self":[{"href":"https:\/\/www.thegoldenspartan.com\/sr\/wp-json\/wp\/v2\/product\/1845","targetHints":{"allow":["GET"]}}],"collection":[{"href":"https:\/\/www.thegoldenspartan.com\/sr\/wp-json\/wp\/v2\/product"}],"about":[{"href":"https:\/\/www.thegoldenspartan.com\/sr\/wp-json\/wp\/v2\/types\/product"}],"replies":[{"embeddable":true,"href":"https:\/\/www.thegoldenspartan.com\/sr\/wp-json\/wp\/v2\/comments?post=1845"}],"wp:featuredmedia":[{"embeddable":true,"href":"https:\/\/www.thegoldenspartan.com\/sr\/wp-json\/wp\/v2\/media\/17324"}],"wp:attachment":[{"href":"https:\/\/www.thegoldenspartan.com\/sr\/wp-json\/wp\/v2\/media?parent=1845"}],"wp:term":[{"taxonomy":"product_brand","embeddable":true,"href":"https:\/\/www.thegoldenspartan.com\/sr\/wp-json\/wp\/v2\/product_brand?post=1845"},{"taxonomy":"product_cat","embeddable":true,"href":"https:\/\/www.thegoldenspartan.com\/sr\/wp-json\/wp\/v2\/product_cat?post=1845"},{"taxonomy":"product_tag","embeddable":true,"href":"https:\/\/www.thegoldenspartan.com\/sr\/wp-json\/wp\/v2\/product_tag?post=1845"}],"curies":[{"name":"wp","href":"https:\/\/api.w.org\/{rel}","templated":true}]}}