{"id":1849,"date":"2018-06-08T12:23:05","date_gmt":"2018-06-08T12:23:05","guid":{"rendered":"https:\/\/www.thegoldenspartan.com\/?post_type=product&#038;p=1849"},"modified":"2021-08-11T08:13:29","modified_gmt":"2021-08-11T08:13:29","slug":"color-mixer-srb","status":"publish","type":"product","link":"https:\/\/www.thegoldenspartan.com\/sr\/shop\/nega-tetovaza\/color-mixer-srb\/","title":{"rendered":"Color Mixer"},"content":{"rendered":"","protected":false},"excerpt":{"rendered":"<p>Na\u0161 Color Mixer omogu\u0107ava da lako i brzo razredite boje.<br \/>\nOmogu\u0107ava vam da pravite razli\u010dite nijanse boja bez promene same boje.<br \/>\nColor Mixer spre\u010dava isu\u0161ivanje boja u \u010depu, \u0161to ih \u010dini prakti\u010dnim i lakim za rad.<br \/>\nPoma\u017ee vam da radite veoma efikasno i skra\u0107uje vreme tetoviranja.<br \/>\nZavr\u0161i\u0107ete mnoga remek dela sa 200ml ovog proizvoda.<\/p>\n<p><a href=\"https:\/\/www.youtube.com\/watch?v=ZEqaswtULq0\" target=\"_blank\" rel=\"noopener\"><strong>VIDEO UPUTSTVO<\/strong><\/a><\/p>\n<p>Napomena: Na\u0161i proizvodi su klini\u010dki ispitani u akreditovanoj laboratoriji i poseduju izve\u0161taj o zdravstvenoj ispravnosti.<\/p>\n","protected":false},"featured_media":17322,"comment_status":"open","ping_status":"closed","template":"","meta":{"_acf_changed":false},"product_brand":[],"product_cat":[58],"product_tag":[],"class_list":{"0":"post-1849","1":"product","2":"type-product","3":"status-publish","4":"has-post-thumbnail","6":"product_cat-nega-tetovaza","8":"first","9":"instock","10":"shipping-taxable","11":"purchasable","12":"product-type-simple"},"acf":[],"aioseo_notices":[],"_links":{"self":[{"href":"https:\/\/www.thegoldenspartan.com\/sr\/wp-json\/wp\/v2\/product\/1849","targetHints":{"allow":["GET"]}}],"collection":[{"href":"https:\/\/www.thegoldenspartan.com\/sr\/wp-json\/wp\/v2\/product"}],"about":[{"href":"https:\/\/www.thegoldenspartan.com\/sr\/wp-json\/wp\/v2\/types\/product"}],"replies":[{"embeddable":true,"href":"https:\/\/www.thegoldenspartan.com\/sr\/wp-json\/wp\/v2\/comments?post=1849"}],"wp:featuredmedia":[{"embeddable":true,"href":"https:\/\/www.thegoldenspartan.com\/sr\/wp-json\/wp\/v2\/media\/17322"}],"wp:attachment":[{"href":"https:\/\/www.thegoldenspartan.com\/sr\/wp-json\/wp\/v2\/media?parent=1849"}],"wp:term":[{"taxonomy":"product_brand","embeddable":true,"href":"https:\/\/www.thegoldenspartan.com\/sr\/wp-json\/wp\/v2\/product_brand?post=1849"},{"taxonomy":"product_cat","embeddable":true,"href":"https:\/\/www.thegoldenspartan.com\/sr\/wp-json\/wp\/v2\/product_cat?post=1849"},{"taxonomy":"product_tag","embeddable":true,"href":"https:\/\/www.thegoldenspartan.com\/sr\/wp-json\/wp\/v2\/product_tag?post=1849"}],"curies":[{"name":"wp","href":"https:\/\/api.w.org\/{rel}","templated":true}]}}