{"id":1851,"date":"2018-06-08T12:31:48","date_gmt":"2018-06-08T12:31:49","guid":{"rendered":"https:\/\/www.thegoldenspartan.com\/?post_type=product&#038;p=1851"},"modified":"2021-08-11T08:13:23","modified_gmt":"2021-08-11T08:13:23","slug":"tattoo-cleanser-srb","status":"publish","type":"product","link":"https:\/\/www.thegoldenspartan.com\/sr\/shop\/nega-tetovaza\/tattoo-cleanser-srb\/","title":{"rendered":"Tattoo Cleanser"},"content":{"rendered":"","protected":false},"excerpt":{"rendered":"<p>Tattoo Cleanser se razlikuje od drugih proizvoda koje koristite.<br \/>\nTattoo Cleanser je 100% prirodan i ru\u010dno ra\u0111en.<br \/>\nSmiruje ko\u017eu, smanjuje crvenilo i iritaciju tokom tetoviranja.<br \/>\nPoma\u017ee tattoo majstorima da lako o\u010diste i uklone vi\u0161ak boje.<br \/>\nTattoo Cleanser je gust i koncentrovan, jednostavno ga razbla\u017eite destilovanom vodom.<br \/>\nNa\u0161a preporuka je razre\u0111ivanje koncentrata 1: 20.<br \/>\nDakle, zapravo dobijate 4,2L Tattoo Cleanser-a!<\/p>\n<p><strong><a href=\"https:\/\/www.youtube.com\/watch?v=T5GbfAhPljI\" target=\"_blank\" rel=\"noopener\">VIDEO UPUTSTVO<\/a><\/strong><\/p>\n<p>Napomena: Na\u0161i proizvodi su klini\u010dki ispitani u akreditovanoj laboratoriji i poseduju izve\u0161taj o zdravstvenoj ispravnosti.<\/p>\n","protected":false},"featured_media":17320,"comment_status":"open","ping_status":"closed","template":"","meta":{"_acf_changed":false},"product_brand":[],"product_cat":[58],"product_tag":[],"class_list":{"0":"post-1851","1":"product","2":"type-product","3":"status-publish","4":"has-post-thumbnail","6":"product_cat-nega-tetovaza","8":"first","9":"instock","10":"shipping-taxable","11":"purchasable","12":"product-type-simple"},"acf":[],"aioseo_notices":[],"_links":{"self":[{"href":"https:\/\/www.thegoldenspartan.com\/sr\/wp-json\/wp\/v2\/product\/1851","targetHints":{"allow":["GET"]}}],"collection":[{"href":"https:\/\/www.thegoldenspartan.com\/sr\/wp-json\/wp\/v2\/product"}],"about":[{"href":"https:\/\/www.thegoldenspartan.com\/sr\/wp-json\/wp\/v2\/types\/product"}],"replies":[{"embeddable":true,"href":"https:\/\/www.thegoldenspartan.com\/sr\/wp-json\/wp\/v2\/comments?post=1851"}],"wp:featuredmedia":[{"embeddable":true,"href":"https:\/\/www.thegoldenspartan.com\/sr\/wp-json\/wp\/v2\/media\/17320"}],"wp:attachment":[{"href":"https:\/\/www.thegoldenspartan.com\/sr\/wp-json\/wp\/v2\/media?parent=1851"}],"wp:term":[{"taxonomy":"product_brand","embeddable":true,"href":"https:\/\/www.thegoldenspartan.com\/sr\/wp-json\/wp\/v2\/product_brand?post=1851"},{"taxonomy":"product_cat","embeddable":true,"href":"https:\/\/www.thegoldenspartan.com\/sr\/wp-json\/wp\/v2\/product_cat?post=1851"},{"taxonomy":"product_tag","embeddable":true,"href":"https:\/\/www.thegoldenspartan.com\/sr\/wp-json\/wp\/v2\/product_tag?post=1851"}],"curies":[{"name":"wp","href":"https:\/\/api.w.org\/{rel}","templated":true}]}}