{"id":19091,"date":"2023-06-05T09:00:16","date_gmt":"2023-06-05T09:00:16","guid":{"rendered":"https:\/\/www.thegoldenspartan.com\/?post_type=product&#038;p=19091"},"modified":"2025-06-16T13:15:17","modified_gmt":"2025-06-16T13:15:17","slug":"spartan-luxury-gift-box","status":"publish","type":"product","link":"https:\/\/www.thegoldenspartan.com\/sr\/shop\/setovi\/spartan-luxury-gift-box\/","title":{"rendered":"Spartan Luxury Gift Box"},"content":{"rendered":"","protected":false},"excerpt":{"rendered":"<p><strong>Odaberi. Odu\u0161evi. Ostavi utisak.<\/strong><br \/>\nTra\u017ei\u0161 savr\u0161en poklon za negu brade koji je jednako jedinstven kao i mu\u0161karac kojem je namenjen? The Golden Spartan luksuzna poklon kutija omogu\u0107ava ti da sam izabere\u0161 najkvalitetnije proizvode iz na\u0161e ponude i pokloni\u0161 ih u elegantnom, mo\u0107nom pakovanju \u2013 dostojnom modernog Spartanca.<\/p>\n<p>Stvorena za one koji cene personalizaciju i besprekornu prezentaciju, ova kutija pretvara svaki tvoj izbor ulja, balzama, \u010de\u0161ljeva i dodataka u nezaboravno iskustvo nege.<\/p>\n<p>Dimenzije: 24cm x 17cm x 6.5cm<\/p>\n","protected":false},"featured_media":19078,"comment_status":"open","ping_status":"closed","template":"","meta":{"_acf_changed":false},"product_brand":[],"product_cat":[54],"product_tag":[],"class_list":{"0":"post-19091","1":"product","2":"type-product","3":"status-publish","4":"has-post-thumbnail","6":"product_cat-setovi","8":"first","9":"instock","10":"shipping-taxable","11":"purchasable","12":"product-type-simple"},"acf":[],"aioseo_notices":[],"_links":{"self":[{"href":"https:\/\/www.thegoldenspartan.com\/sr\/wp-json\/wp\/v2\/product\/19091","targetHints":{"allow":["GET"]}}],"collection":[{"href":"https:\/\/www.thegoldenspartan.com\/sr\/wp-json\/wp\/v2\/product"}],"about":[{"href":"https:\/\/www.thegoldenspartan.com\/sr\/wp-json\/wp\/v2\/types\/product"}],"replies":[{"embeddable":true,"href":"https:\/\/www.thegoldenspartan.com\/sr\/wp-json\/wp\/v2\/comments?post=19091"}],"wp:featuredmedia":[{"embeddable":true,"href":"https:\/\/www.thegoldenspartan.com\/sr\/wp-json\/wp\/v2\/media\/19078"}],"wp:attachment":[{"href":"https:\/\/www.thegoldenspartan.com\/sr\/wp-json\/wp\/v2\/media?parent=19091"}],"wp:term":[{"taxonomy":"product_brand","embeddable":true,"href":"https:\/\/www.thegoldenspartan.com\/sr\/wp-json\/wp\/v2\/product_brand?post=19091"},{"taxonomy":"product_cat","embeddable":true,"href":"https:\/\/www.thegoldenspartan.com\/sr\/wp-json\/wp\/v2\/product_cat?post=19091"},{"taxonomy":"product_tag","embeddable":true,"href":"https:\/\/www.thegoldenspartan.com\/sr\/wp-json\/wp\/v2\/product_tag?post=19091"}],"curies":[{"name":"wp","href":"https:\/\/api.w.org\/{rel}","templated":true}]}}