{"id":20514,"date":"2023-12-15T11:41:05","date_gmt":"2023-12-15T11:41:05","guid":{"rendered":"https:\/\/www.thegoldenspartan.com\/?post_type=product&#038;p=20514"},"modified":"2025-08-06T07:56:19","modified_gmt":"2025-08-06T07:56:19","slug":"hiar-booster-serum-za-rast-kose","status":"publish","type":"product","link":"https:\/\/www.thegoldenspartan.com\/sr\/shop\/rast-kose\/hiar-booster-serum-za-rast-kose\/","title":{"rendered":"HAIR BOOSTER serum za rast kose"},"content":{"rendered":"","protected":false},"excerpt":{"rendered":"<h2>Na\u0161 prirodni Hair Booster serum za rast kose primenjuje najnovija saznanja u dermatologiji zasnivana na snazi prirodnih sastojaka.<\/h2>\n<p>Na\u0161 inovativni serum za rast kose predstavlja rezultat dugotrajnog istra\u017eivanja i razvoja; pa\u017eljivo formulisan za va\u0161u kosu i ko\u017eu. Bezbedan i bogat prirodnim sastojcima, pogodan je za dugotrajno kori\u0161\u0107enje. Njegova delotvornost zasnovana je na snazi prirode i mo\u0107nim vitaminima, biljnim ekstraktima i jakim antioksidansima.<\/p>\n<h2><strong>Na\u0161 pristup rastu kose:<\/strong><\/h2>\n<p>Hair Booster serum za rast kose pru\u017ea ciljanu podr\u0161ku korenu dlake, obnavljaju\u0107i i ja\u010daju\u0107i folikule iznutra. Poja\u010davaju\u0107i mikrocirkulaciju oko korena dlake, pove\u0107ava priliv hranljivih materija i molekula, \u010dime se stimuli\u0161e rast vlasi. Blaga tekstura omogu\u0107ava brzu apsorpciju bez zama\u0161\u0107ivanja kose. Redovnom upotrebom, mo\u017eete o\u010dekivati pobolj\u0161anu gustinu, ja\u010dinu i vitalnost va\u0161e kose.<\/p>\n<h2><strong>Klju\u010dni aktivni sastojci:<\/strong><\/h2>\n<p><strong>Hidrolat Mente<\/strong> osve\u017eava i stimuli\u0161e ko\u017eu glave, pru\u017eaju\u0107i prijatan ose\u0107aj tokom nano\u0161enja na kosu. Ima aromatska i terapeutska svojstva; osobine tonika i antioksidansa.<br \/>\n<strong>Hidrosolubilno Ulje Ricinusa<\/strong> je bogato esencijalnim masnim kiselinama, hrani vlasi\u0161te i podsti\u010de obnovu folikula kose.<br \/>\n<strong>Aloja vera<\/strong> je poznata po svojim hidratantnim svojstvima. Ova biljka smiruje ko\u017eu glave i doprinosi zdravom okru\u017eenju za rast kose. Bogata je mineralnim solima i enzimima, koji poja\u010davaju dejstvo ostalih sastojaka.<br \/>\n<strong>Ekstrakt ruzmarina<\/strong> je bogat esencijalnim uljima, kofeinskom kiselinom i brojnim mo\u0107nim antioksidansima koji spre\u010davaju oksidativna o\u0161te\u0107enja \u0107elija. Ima antiinflamatorna i antimikrobna svojstva, poja\u010dava mikrocirkulaciju ko\u017ee, reguli\u0161e lu\u010denje sebuma i uti\u010de na vitalnost i rast kose, \u010dine\u0107i je ja\u010dom i zdravijom.<br \/>\nPantenol ili provitamin B5, dubinski hidrira kosu, pobolj\u0161ava njenu elasti\u010dnost i smanjuje pojavu iskrzanih vrhova vlasi. \u010cini kosu mekom i lakom za stilizovanje.<br \/>\n<strong>Ekstrakt Kofeina<\/strong> je poznat po stimulativnom dejstvu. Kofein pobolj\u0161ava mikrocirkulaciju krvi u ko\u017ei vlasi\u0161ta, podsti\u010de priliv hranljivih materija i kiseonika folikulu dlake, \u010dime je budi iz &#8222;uspavanosti&#8220; i stimuli\u0161e njen rast i vitalnost. Postoje\u0107e vlasi o\u017eivljava, vra\u0107a im zdrav, prirodan sjaj i elasti\u010dnost. Ekstrakt kofeina sadr\u017ei i flavonoide, antioksidanse koji kosu \u0161tite od spolja\u0161njih \u0161tetnih uticaja, UV zra\u010denja i atmosferskih zaga\u0111enja.<br \/>\n<strong>Biotin<\/strong>, poznat kao vitamin B7, igra klju\u010dnu ulogu u o\u010duvanju zdravlja kose, ko\u017ee i noktiju. Poma\u017ee u ja\u010danju vlasi i smanjuje lomljenje kose (i njenu krtost). Odli\u010dno prolazi kroz ko\u017eu, ali i podsti\u010de bolju resorpciju ostalih aktivnih supstanci u preparatu. Tako\u0111e reguli\u0161e lu\u010denje sebuma.<br \/>\n<strong>Niacinamid<\/strong> (Vitamin B3) poma\u017ee u odr\u017eavanju zdravlja ko\u017ee glave, ja\u010daju\u0107i njenu prirodnu za\u0161titu. Ima smiruju\u0107e dejstvo i pove\u0107ava proizvodnju prirodnih faktora za vla\u017eenje ko\u017ee. Ovaj vitamin uti\u010de na prokrvljenost folikula dlake \u010dime stimuli\u0161e rast kose.<\/p>\n<p>&nbsp;<\/p>\n<h2>Kako Koristiti:<\/h2>\n<p>Rasporedite sadr\u017eaj jedne doze pipete, nanose\u0107i kap po kap na koren kose. Mo\u017eete ciljano koristiti na onim delovima vlasi\u0161ta gde je kosa najvi\u0161e proredjena. Ne\u017eno prstima umasirajte preparat u koren kose. Serum koristite uve\u010de, svakodnevno, a uz Hair Booster \u0161ampon za rast kose i dermaroler.<br \/>\n<a title=\"Derma roler\" href=\"https:\/\/www.thegoldenspartan.com\/sr\/shop\/rast-brade\/derma-roler-za-bradu\/\" target=\"_blank\" rel=\"noopener\">Derma roler<\/a> koristite dva puta nedeljno; desetak minuta nakon nano\u0161enja seruma za rast kose. Dva minuta tretmana \u0107e poja\u010dati resorpciju i dejstvo seruma.<br \/>\nRedovnom i strpljivom upotrebom, bi\u0107ete ubrzo nagradjeni prvim novim mladim vlasima, a postoje\u0107e vlasi bi\u0107e vitalnije.<br \/>\nRezultati \u0107e biti vidljivi ve\u0107 nakon 6 do 8 nedelja. Pune rezultate mo\u017eete o\u010dekivati nakon 6 do 12 meseci.<\/p>\n<h2><strong>Sastav:<\/strong><\/h2>\n<p>Hidrolat mente, Alcohol, Hidrogenizovano ulje ricinusa, Aloe Vera, Ekstrakt ruzmarina, Pantenol, Glicerin, Ekstrakt kofeina, Niacinamid, Biotin, Geogard ultra.<\/p>\n<p>Napomena: Na\u0161i proizvodi su klini\u010dki ispitani u akreditovanoj laboratoriji i poseduju izve\u0161taj o zdravstvenoj ispravnosti.<\/p>\n","protected":false},"featured_media":20542,"comment_status":"open","ping_status":"closed","template":"","meta":{"_acf_changed":false},"product_brand":[],"product_cat":[81],"product_tag":[],"class_list":{"0":"post-20514","1":"product","2":"type-product","3":"status-publish","4":"has-post-thumbnail","6":"product_cat-rast-kose","8":"first","9":"instock","10":"shipping-taxable","11":"purchasable","12":"product-type-simple"},"acf":[],"aioseo_notices":[],"_links":{"self":[{"href":"https:\/\/www.thegoldenspartan.com\/sr\/wp-json\/wp\/v2\/product\/20514","targetHints":{"allow":["GET"]}}],"collection":[{"href":"https:\/\/www.thegoldenspartan.com\/sr\/wp-json\/wp\/v2\/product"}],"about":[{"href":"https:\/\/www.thegoldenspartan.com\/sr\/wp-json\/wp\/v2\/types\/product"}],"replies":[{"embeddable":true,"href":"https:\/\/www.thegoldenspartan.com\/sr\/wp-json\/wp\/v2\/comments?post=20514"}],"wp:featuredmedia":[{"embeddable":true,"href":"https:\/\/www.thegoldenspartan.com\/sr\/wp-json\/wp\/v2\/media\/20542"}],"wp:attachment":[{"href":"https:\/\/www.thegoldenspartan.com\/sr\/wp-json\/wp\/v2\/media?parent=20514"}],"wp:term":[{"taxonomy":"product_brand","embeddable":true,"href":"https:\/\/www.thegoldenspartan.com\/sr\/wp-json\/wp\/v2\/product_brand?post=20514"},{"taxonomy":"product_cat","embeddable":true,"href":"https:\/\/www.thegoldenspartan.com\/sr\/wp-json\/wp\/v2\/product_cat?post=20514"},{"taxonomy":"product_tag","embeddable":true,"href":"https:\/\/www.thegoldenspartan.com\/sr\/wp-json\/wp\/v2\/product_tag?post=20514"}],"curies":[{"name":"wp","href":"https:\/\/api.w.org\/{rel}","templated":true}]}}