{"id":20517,"date":"2023-12-15T12:17:54","date_gmt":"2023-12-15T12:17:54","guid":{"rendered":"https:\/\/www.thegoldenspartan.com\/?post_type=product&#038;p=20517"},"modified":"2025-02-21T12:49:28","modified_gmt":"2025-02-21T12:49:28","slug":"hair-booster-sampon-za-rast-kose","status":"publish","type":"product","link":"https:\/\/www.thegoldenspartan.com\/sr\/shop\/rast-kose\/hair-booster-sampon-za-rast-kose\/","title":{"rendered":"HAIR BOOSTER \u0161ampon za rast kose"},"content":{"rendered":"","protected":false},"excerpt":{"rendered":"<h2>Ve\u0107 dugo tra\u017eite re\u0161enje za pobolj\u0161anje rasta kose? Kosa vam nije vi\u0161e tako gusta kao ranije ili su se pojavili prvi znaci prore\u0111ivanja na zaliscima ili temenu.  \u017delite prirodno i efikasno re\u0161enje koje mo\u017eete koristiti du\u017ei vremenski period bez straha za va\u0161e zdravlje?<\/h2>\n<p>Na\u0161 Hair Booster \u0161ampon za rast kose je prirodan proizvod od pa\u017eljivo odabranih prirodnih sastojaka koji \u0107e vam pomo\u0107i da postignete gu\u0161\u0107u i zdraviju kosu. Hair Booster je rezultat dugotrajnog istra\u017eivanja i rada, zasnovan na iskustvu i odli\u010dnim rezultatima na\u0161eg Beard Booster seruma za rast brade. <\/p>\n<p>Pru\u017eite svojoj kosi negu i podr\u0161ku koja joj je potrebna. Hair Booster je blag, bogat biljnim ekstraktima i vitaminima; te je pogodan za svakodnevnu upotrebu i sve tipove kose. Formulisalan tako da svaki njegov sastojak svojim dejstvom uti\u010de na koren dlake, njenu ishranu i razvoj, kao i negu i ja\u010danje ve\u0107 postoje\u0107ih vlasi.<br \/>\nVa\u0161a kosa \u0107e vam biti zahvalna, a prvi rezultati \u0107e biti vidljivi nakon  6 do 8 nedelja redovne i dosledne upotrebe. Pune rezultate mo\u017eete o\u010dekivati nakon 6 do 12 meseci.<\/p>\n<p><strong><\/p>\n<h2>Klju\u010dni aktivni sastojci:<\/strong><\/h2>\n<p><strong>Ekstrakt Kofeina<\/strong> je poznat po stimulativnom dejstvu. Kofein pobolj\u0161ava mikrocirkulaciju krvi u ko\u017ei vlasi\u0161ta, podsti\u010de priliv hranljivih materija i kiseonika folikulu dlake, \u010dime je budi iz &#8222;uspavanosti&#8220; i stimuli\u0161e njen rast i vitalnost. Postoje\u0107e vlasi o\u017eivljava, vra\u0107a im zdrav, prirodan sjaj i elasti\u010dnost. Ekstrakt kofeina sadr\u017ei i flavonoide, antioksidanse koji kosu \u0161tite od spolja\u0161njih \u0161tetnih uticaja, UV zra\u010denja i atmosferskih zaga\u0111enja.<br \/>\n<strong>Ekstrakt ruzmarina<\/strong> je bogat esencijalnim uljima, kofeinskom kiselinom i brojnim mo\u0107nim antioksidansima koji spre\u010davaju oksidativna o\u0161te\u0107enja \u0107elija. Ima antiinflamatorna i antimikrobna svojstva, poja\u010dava mikrocirkulaciju ko\u017ee, reguli\u0161e lu\u010denje sebuma i uti\u010de na vitalnost i rast kose, \u010dine\u0107i je ja\u010dom i zdravijom.<br \/>\n<strong>Biotin<\/strong>, poznat kao vitamin B7, igra klju\u010dnu ulogu u o\u010duvanju zdravlja kose, ko\u017ee i noktiju. Poma\u017ee u ja\u010danju vlasi i smanjuje lomljenje kose (i njenu krtost). Odli\u010dno prolazi kroz ko\u017eu, ali i podsti\u010de bolju resorpciju ostalih aktivnih supstanci u preparatu. Tako\u0111e reguli\u0161e lu\u010denje sebuma.<br \/>\n<strong>Pantenol<\/strong> ili provitamin B5, dubinski hidrira kosu, pobolj\u0161ava njenu elasti\u010dnost i smanjuje pojavu iskrzanih vrhova vlasi. \u010cini kosu mekom i lakom za stilizovanje.<br \/>\n<strong>Niacinamid<\/strong> (Vitamin B3) poma\u017ee u odr\u017eavanju zdravlja ko\u017ee glave, ja\u010daju\u0107i njenu prirodnu za\u0161titnu barijeru. Ima smiruju\u0107e dejstvo i pove\u0107ava proizvodnju prirodnih faktora za vla\u017eenje ko\u017ee. Uti\u010de na prokrvljenost folikula dlake \u010dime podr\u017eava rast kose.<br \/>\n<strong>Aloja vera<\/strong> je poznata po svojim hidratantnim svojstvima. Ova biljka smiruje ko\u017eu glave i doprinosi zdravom okru\u017eenju za rast kose. Bogata je mineralnim solima i enzimima, koji poja\u010davaju dejstvo ostalih sastojaka.<br \/>\n<strong>Hidrolat Mente<\/strong> osve\u017eava i stimuli\u0161e ko\u017eu glave, pru\u017eaju\u0107i prijatan ose\u0107aj tokom nano\u0161enja na kosu. Ima aromatska i terapeutska svojstva; osobine tonika i antioksidansa.<br \/>\n<strong>Ulje \u0110umbira<\/strong> je poznato po svojim antiinflamatornim svojstvima, pobolj\u0161ava lokalno ali i sistemski cirkulaciju u organizmu, &#8222;greje&#8220; i tonira. Svojim aromaterapeutskim osobinama doprinosi zdravom rastu kose. Miri\u0161e toplo i za\u010dinski.<\/p>\n<p><strong><\/p>\n<h2>Kako Koristiti:<\/strong><\/h2>\n<p>Nanesite 2 doze (dva puna pritiska pumpe) \u0161ampona na vla\u017enu kosu, masirajte ne\u017eno ko\u017eu glave, ostavite da deluje dva minuta, a zatim isperite i osu\u0161ite kosu.<br \/>\nZa najbolje rezultate, potom nanesite <a href=\"https:\/\/www.thegoldenspartan.com\/sr\/shop\/rast-kose\/hiar-booster-serum-za-rast-kose\/\" title=\"HAIR BOOSTER\" rel=\"noopener\" target=\"_blank\">SERUM ZA RAST KOSE<\/a>. <\/p>\n<p>Pakovanje od 200 ml \u0161ampona sadr\u017ei 120 doza, \u0161to je dovoljno za svakodnevni tretman u trajanju od dva meseca. <\/p>\n<p>Efikasnost oba preparata \u0107ete pove\u0107ati kori\u0161\u0107enjem <a href=\"https:\/\/www.thegoldenspartan.com\/sr\/shop\/rast-brade\/derma-roler-za-bradu\/\" title=\"Derma roler za bradu\" rel=\"noopener\" target=\"_blank\">derma rolera<\/a> dva puta nedeljno.<\/p>\n<p> <strong><\/p>\n<h2>Sastav:<\/strong><\/h2>\n<p>Hidrolat mente, amino kiseline zobi, koko glukozid, aloe vera, koko betain, ekstrakt ruzmarina, ekstrakt kofeina, hidrosolubilno ulje pamuka, glicerin, glucose sorb, glikol distearat, geogard ultra, niacinamide, biotin, panthenol, vitamin E, natrijum hlorid, etericno ulje \u0111umbira.<\/p>\n<p>Napomena: Na\u0161i proizvodi su klini\u010dki ispitani u akreditovanoj laboratoriji i poseduju izve\u0161taj o zdravstvenoj ispravnosti.<\/p>\n","protected":false},"featured_media":21227,"comment_status":"open","ping_status":"closed","template":"","meta":{"_acf_changed":false},"product_brand":[],"product_cat":[81],"product_tag":[],"class_list":{"0":"post-20517","1":"product","2":"type-product","3":"status-publish","4":"has-post-thumbnail","6":"product_cat-rast-kose","8":"first","9":"instock","10":"shipping-taxable","11":"purchasable","12":"product-type-simple"},"acf":[],"aioseo_notices":[],"_links":{"self":[{"href":"https:\/\/www.thegoldenspartan.com\/sr\/wp-json\/wp\/v2\/product\/20517","targetHints":{"allow":["GET"]}}],"collection":[{"href":"https:\/\/www.thegoldenspartan.com\/sr\/wp-json\/wp\/v2\/product"}],"about":[{"href":"https:\/\/www.thegoldenspartan.com\/sr\/wp-json\/wp\/v2\/types\/product"}],"replies":[{"embeddable":true,"href":"https:\/\/www.thegoldenspartan.com\/sr\/wp-json\/wp\/v2\/comments?post=20517"}],"wp:featuredmedia":[{"embeddable":true,"href":"https:\/\/www.thegoldenspartan.com\/sr\/wp-json\/wp\/v2\/media\/21227"}],"wp:attachment":[{"href":"https:\/\/www.thegoldenspartan.com\/sr\/wp-json\/wp\/v2\/media?parent=20517"}],"wp:term":[{"taxonomy":"product_brand","embeddable":true,"href":"https:\/\/www.thegoldenspartan.com\/sr\/wp-json\/wp\/v2\/product_brand?post=20517"},{"taxonomy":"product_cat","embeddable":true,"href":"https:\/\/www.thegoldenspartan.com\/sr\/wp-json\/wp\/v2\/product_cat?post=20517"},{"taxonomy":"product_tag","embeddable":true,"href":"https:\/\/www.thegoldenspartan.com\/sr\/wp-json\/wp\/v2\/product_tag?post=20517"}],"curies":[{"name":"wp","href":"https:\/\/api.w.org\/{rel}","templated":true}]}}