{"id":20523,"date":"2023-12-15T13:13:09","date_gmt":"2023-12-15T13:13:09","guid":{"rendered":"https:\/\/www.thegoldenspartan.com\/?post_type=product&#038;p=20523"},"modified":"2025-06-18T12:40:54","modified_gmt":"2025-06-18T12:40:54","slug":"hair-cream-krema-za-kosu","status":"publish","type":"product","link":"https:\/\/www.thegoldenspartan.com\/sr\/shop\/nega-kose\/hair-cream-krema-za-kosu\/","title":{"rendered":"HAIR CREAM krema za kosu"},"content":{"rendered":"","protected":false},"excerpt":{"rendered":"<h2>Stvorite savr\u0161en izgled frizure sa na\u0161om inovativnom Hair Cream kremom za kosu koja nagla\u0161ava prirodne lokne i stvara razbaru\u0161ene frizure, isti\u010du\u0107i potpuno prirodan izgled.<\/h2>\n<p>Lagana formula na\u0161e kreme sa kosu vam omogu\u0107ava postojanost i mogucnost ponovnog formiranja frizure tokom celog dana. Idealna je za definisanje prirodnih oblika frizura, bez ose\u0107aja te\u017eine ili lepljivosti.<br \/>\n<strong>Za razliku od na\u0161e paste za kosu, koja pru\u017ea \u010dvrsto dr\u017eanje i ima lepljivu teksturu, Hair Cream ima srednje dr\u017eanje i laganu kremastu teksturu. <\/strong><br \/>\nOsve\u017eavaju\u0107i i suptilni miris sperminta i limete ne\u0107e vas ostaviti ravnodu\u0161nim.<\/p>\n<p><strong>Ne sadr\u017ei:<\/strong><br \/>\n\u279c Petroleum<br \/>\n\u279c Sulfate<br \/>\n\u279c Mineralna ulja<br \/>\n\u279c Parabene<br \/>\n\u279c Ftalate<br \/>\n\u279c Ve\u0161ta\u010dke boje<br \/>\n\u279c Ve\u0161ta\u010dke mirise<\/p>\n<p><strong>Uputstvo za kori\u0161\u0107enje<\/strong>: Zahvatite odgovaraju\u0107u koli\u010dinu kreme prstom, sadr\u017eaj stavite na dlan. Protrljajte dlanove radi boljeg nanosenja na kosu. Ravnomerno nanesite kremu na suvu kosu. Dodajte jo\u0161 proizvoda po potrebi i stilizujte kosu po \u017eelji.<\/p>\n<p><strong>Sadr\u017eaj<\/strong>: Destilat mente, frakcionisano kokosovo ulje, gliceril stearate, ricinusovo ulje, glina, PVP, cetil alkohol, cetil palmitat, cetrimonijum hlorid, pantenol, euxil, etericno ulje sperminta. i limete.<\/p>\n<p>\u2705 Na\u0161i proizvodi su klini\u010dki ispitani u akreditovanoj laboratoriji i poseduju izve\u0161taj o zdravstvenoj ispravnosti.<\/p>\n","protected":false},"featured_media":21205,"comment_status":"open","ping_status":"closed","template":"","meta":{"_acf_changed":false},"product_brand":[],"product_cat":[56],"product_tag":[],"class_list":{"0":"post-20523","1":"product","2":"type-product","3":"status-publish","4":"has-post-thumbnail","6":"product_cat-nega-kose","8":"first","9":"instock","10":"shipping-taxable","11":"purchasable","12":"product-type-simple"},"acf":[],"aioseo_notices":[],"_links":{"self":[{"href":"https:\/\/www.thegoldenspartan.com\/sr\/wp-json\/wp\/v2\/product\/20523","targetHints":{"allow":["GET"]}}],"collection":[{"href":"https:\/\/www.thegoldenspartan.com\/sr\/wp-json\/wp\/v2\/product"}],"about":[{"href":"https:\/\/www.thegoldenspartan.com\/sr\/wp-json\/wp\/v2\/types\/product"}],"replies":[{"embeddable":true,"href":"https:\/\/www.thegoldenspartan.com\/sr\/wp-json\/wp\/v2\/comments?post=20523"}],"wp:featuredmedia":[{"embeddable":true,"href":"https:\/\/www.thegoldenspartan.com\/sr\/wp-json\/wp\/v2\/media\/21205"}],"wp:attachment":[{"href":"https:\/\/www.thegoldenspartan.com\/sr\/wp-json\/wp\/v2\/media?parent=20523"}],"wp:term":[{"taxonomy":"product_brand","embeddable":true,"href":"https:\/\/www.thegoldenspartan.com\/sr\/wp-json\/wp\/v2\/product_brand?post=20523"},{"taxonomy":"product_cat","embeddable":true,"href":"https:\/\/www.thegoldenspartan.com\/sr\/wp-json\/wp\/v2\/product_cat?post=20523"},{"taxonomy":"product_tag","embeddable":true,"href":"https:\/\/www.thegoldenspartan.com\/sr\/wp-json\/wp\/v2\/product_tag?post=20523"}],"curies":[{"name":"wp","href":"https:\/\/api.w.org\/{rel}","templated":true}]}}