{"id":21270,"date":"2024-03-11T13:59:23","date_gmt":"2024-03-11T13:59:22","guid":{"rendered":"https:\/\/www.thegoldenspartan.com\/?post_type=product&#038;p=21270"},"modified":"2024-06-12T13:15:08","modified_gmt":"2024-06-12T13:15:08","slug":"profesionalne-makaze-za-oblikovanje-kose-5-inch","status":"publish","type":"product","link":"https:\/\/www.thegoldenspartan.com\/sr\/shop\/oprema-pribor-za-berbernice\/profesionalne-makaze-za-oblikovanje-kose-5-inch\/","title":{"rendered":"Profesionalne makaze za oblikovanje kose 5 inch"},"content":{"rendered":"","protected":false},"excerpt":{"rendered":"<p>Na\u0161e makaze za kra\u0107enje kose pru\u017eaju potpunu kontrolu prilikom oblikovanja frizure, ravnote\u017eu, brzo i lako se\u010denje.<br \/>\nIdealne su za rad sa detaljima, do \u010ditavog spektra tehnika \u0161i\u0161anja.<br \/>\nU veli\u010dini od 5.5 incha izradjene od ner\u0111aju\u0107eg \u010delika 440c pru\u017eaju izuzetnu udobnost.<\/p>\n","protected":false},"featured_media":21503,"comment_status":"open","ping_status":"closed","template":"","meta":{"_acf_changed":false},"product_brand":[],"product_cat":[91],"product_tag":[],"class_list":{"0":"post-21270","1":"product","2":"type-product","3":"status-publish","4":"has-post-thumbnail","6":"product_cat-oprema-pribor-za-berbernice","8":"first","9":"instock","10":"shipping-taxable","11":"purchasable","12":"product-type-simple"},"acf":[],"aioseo_notices":[],"_links":{"self":[{"href":"https:\/\/www.thegoldenspartan.com\/sr\/wp-json\/wp\/v2\/product\/21270","targetHints":{"allow":["GET"]}}],"collection":[{"href":"https:\/\/www.thegoldenspartan.com\/sr\/wp-json\/wp\/v2\/product"}],"about":[{"href":"https:\/\/www.thegoldenspartan.com\/sr\/wp-json\/wp\/v2\/types\/product"}],"replies":[{"embeddable":true,"href":"https:\/\/www.thegoldenspartan.com\/sr\/wp-json\/wp\/v2\/comments?post=21270"}],"wp:featuredmedia":[{"embeddable":true,"href":"https:\/\/www.thegoldenspartan.com\/sr\/wp-json\/wp\/v2\/media\/21503"}],"wp:attachment":[{"href":"https:\/\/www.thegoldenspartan.com\/sr\/wp-json\/wp\/v2\/media?parent=21270"}],"wp:term":[{"taxonomy":"product_brand","embeddable":true,"href":"https:\/\/www.thegoldenspartan.com\/sr\/wp-json\/wp\/v2\/product_brand?post=21270"},{"taxonomy":"product_cat","embeddable":true,"href":"https:\/\/www.thegoldenspartan.com\/sr\/wp-json\/wp\/v2\/product_cat?post=21270"},{"taxonomy":"product_tag","embeddable":true,"href":"https:\/\/www.thegoldenspartan.com\/sr\/wp-json\/wp\/v2\/product_tag?post=21270"}],"curies":[{"name":"wp","href":"https:\/\/api.w.org\/{rel}","templated":true}]}}