{"id":21274,"date":"2024-03-11T14:10:12","date_gmt":"2024-03-11T14:10:13","guid":{"rendered":"https:\/\/www.thegoldenspartan.com\/?post_type=product&#038;p=21274"},"modified":"2024-06-12T13:06:37","modified_gmt":"2024-06-12T13:06:37","slug":"profesionalne-makaze-za-proredjivanje-kose-7-inch","status":"publish","type":"product","link":"https:\/\/www.thegoldenspartan.com\/sr\/shop\/oprema-pribor-za-berbernice\/profesionalne-makaze-za-proredjivanje-kose-7-inch\/","title":{"rendered":"Profesionalne makaze za prore\u0111ivanje kose 7 inch"},"content":{"rendered":"","protected":false},"excerpt":{"rendered":"<p>Na\u0161e makaze za prore\u0111ivanje kose za kratko vreme postale su omiljene me\u0111u stilistima zbog svojih preciznih performansi.<br \/>\nOmogu\u0107avaju prore\u0111ivanje ve\u0107ih sekcija zbog du\u017eine od 7 incha kao i mogu\u0107nost odli\u010dnog teksturisanja.<br \/>\nNa\u0161e makaze sa 40 zuba stapaju, usavr\u0161avaju i omek\u0161avaju formu frizure.<\/p>\n","protected":false},"featured_media":21501,"comment_status":"open","ping_status":"closed","template":"","meta":{"_acf_changed":false},"product_brand":[],"product_cat":[91],"product_tag":[],"class_list":{"0":"post-21274","1":"product","2":"type-product","3":"status-publish","4":"has-post-thumbnail","6":"product_cat-oprema-pribor-za-berbernice","8":"first","9":"instock","10":"shipping-taxable","11":"purchasable","12":"product-type-simple"},"acf":[],"aioseo_notices":[],"_links":{"self":[{"href":"https:\/\/www.thegoldenspartan.com\/sr\/wp-json\/wp\/v2\/product\/21274","targetHints":{"allow":["GET"]}}],"collection":[{"href":"https:\/\/www.thegoldenspartan.com\/sr\/wp-json\/wp\/v2\/product"}],"about":[{"href":"https:\/\/www.thegoldenspartan.com\/sr\/wp-json\/wp\/v2\/types\/product"}],"replies":[{"embeddable":true,"href":"https:\/\/www.thegoldenspartan.com\/sr\/wp-json\/wp\/v2\/comments?post=21274"}],"wp:featuredmedia":[{"embeddable":true,"href":"https:\/\/www.thegoldenspartan.com\/sr\/wp-json\/wp\/v2\/media\/21501"}],"wp:attachment":[{"href":"https:\/\/www.thegoldenspartan.com\/sr\/wp-json\/wp\/v2\/media?parent=21274"}],"wp:term":[{"taxonomy":"product_brand","embeddable":true,"href":"https:\/\/www.thegoldenspartan.com\/sr\/wp-json\/wp\/v2\/product_brand?post=21274"},{"taxonomy":"product_cat","embeddable":true,"href":"https:\/\/www.thegoldenspartan.com\/sr\/wp-json\/wp\/v2\/product_cat?post=21274"},{"taxonomy":"product_tag","embeddable":true,"href":"https:\/\/www.thegoldenspartan.com\/sr\/wp-json\/wp\/v2\/product_tag?post=21274"}],"curies":[{"name":"wp","href":"https:\/\/api.w.org\/{rel}","templated":true}]}}