{"id":21276,"date":"2024-03-11T14:10:54","date_gmt":"2024-03-11T14:10:54","guid":{"rendered":"https:\/\/www.thegoldenspartan.com\/?post_type=product&#038;p=21276"},"modified":"2024-06-12T13:02:22","modified_gmt":"2024-06-12T13:02:22","slug":"profesionalne-makaze-za-oblikovanje-brade-i-kose-7-inch","status":"publish","type":"product","link":"https:\/\/www.thegoldenspartan.com\/sr\/shop\/oprema-pribor-za-berbernice\/profesionalne-makaze-za-oblikovanje-brade-i-kose-7-inch\/","title":{"rendered":"Profesionalne makaze za oblikovanje brade i kose 7 inch"},"content":{"rendered":"","protected":false},"excerpt":{"rendered":"<p>Istrazivanjem tr\u017eista uvideli smo da su berberi uskra\u0107eni makazama od 7 incha koje su savr\u0161ene za oblikovanje prelaza kao i sre\u0111ivanja brade.<br \/>\nThe Golden Spartan sedmica je pravi berberski alat, pored gore navedenih prednosti zbog svoje ja\u010dine, sedmica je odli\u010dna kod oblikovanja gustih i kovrd\u017eavih kosa.<\/p>\n","protected":false},"featured_media":21498,"comment_status":"open","ping_status":"closed","template":"","meta":{"_acf_changed":false},"product_brand":[],"product_cat":[91],"product_tag":[],"class_list":{"0":"post-21276","1":"product","2":"type-product","3":"status-publish","4":"has-post-thumbnail","6":"product_cat-oprema-pribor-za-berbernice","8":"first","9":"instock","10":"shipping-taxable","11":"purchasable","12":"product-type-simple"},"acf":[],"aioseo_notices":[],"_links":{"self":[{"href":"https:\/\/www.thegoldenspartan.com\/sr\/wp-json\/wp\/v2\/product\/21276","targetHints":{"allow":["GET"]}}],"collection":[{"href":"https:\/\/www.thegoldenspartan.com\/sr\/wp-json\/wp\/v2\/product"}],"about":[{"href":"https:\/\/www.thegoldenspartan.com\/sr\/wp-json\/wp\/v2\/types\/product"}],"replies":[{"embeddable":true,"href":"https:\/\/www.thegoldenspartan.com\/sr\/wp-json\/wp\/v2\/comments?post=21276"}],"wp:featuredmedia":[{"embeddable":true,"href":"https:\/\/www.thegoldenspartan.com\/sr\/wp-json\/wp\/v2\/media\/21498"}],"wp:attachment":[{"href":"https:\/\/www.thegoldenspartan.com\/sr\/wp-json\/wp\/v2\/media?parent=21276"}],"wp:term":[{"taxonomy":"product_brand","embeddable":true,"href":"https:\/\/www.thegoldenspartan.com\/sr\/wp-json\/wp\/v2\/product_brand?post=21276"},{"taxonomy":"product_cat","embeddable":true,"href":"https:\/\/www.thegoldenspartan.com\/sr\/wp-json\/wp\/v2\/product_cat?post=21276"},{"taxonomy":"product_tag","embeddable":true,"href":"https:\/\/www.thegoldenspartan.com\/sr\/wp-json\/wp\/v2\/product_tag?post=21276"}],"curies":[{"name":"wp","href":"https:\/\/api.w.org\/{rel}","templated":true}]}}