{"id":21280,"date":"2024-03-11T14:14:58","date_gmt":"2024-03-11T14:14:59","guid":{"rendered":"https:\/\/www.thegoldenspartan.com\/?post_type=product&#038;p=21280"},"modified":"2024-06-12T13:16:38","modified_gmt":"2024-06-12T13:16:38","slug":"cesalj-karbonski-s","status":"publish","type":"product","link":"https:\/\/www.thegoldenspartan.com\/sr\/shop\/oprema-pribor-za-berbernice\/cesalj-karbonski-s\/","title":{"rendered":"\u010ce\u0161alj karbonski S"},"content":{"rendered":"","protected":false},"excerpt":{"rendered":"<p>\u010ce\u0161alj namenjen detaljima, zbog tankog dizajna idealan je za detaljisanje na kosi i bradi.<br \/>\nKarbonska vlakna od kojih je izra\u0111en omogu\u0107avaju da pored tankog dizajna ovaj \u010de\u0161alj ima neverovatnu \u010dvrstinu.<br \/>\nIglice su gusto raspore\u0111ene, \u0161to olak\u0161ava sre\u0111ivanje brkova.<\/p>\n<p>Du\u017eina: 18cm<\/p>\n","protected":false},"featured_media":21505,"comment_status":"open","ping_status":"closed","template":"","meta":{"_acf_changed":false},"product_brand":[],"product_cat":[91],"product_tag":[],"class_list":{"0":"post-21280","1":"product","2":"type-product","3":"status-publish","4":"has-post-thumbnail","6":"product_cat-oprema-pribor-za-berbernice","8":"first","9":"instock","10":"shipping-taxable","11":"purchasable","12":"product-type-simple"},"acf":[],"aioseo_notices":[],"_links":{"self":[{"href":"https:\/\/www.thegoldenspartan.com\/sr\/wp-json\/wp\/v2\/product\/21280","targetHints":{"allow":["GET"]}}],"collection":[{"href":"https:\/\/www.thegoldenspartan.com\/sr\/wp-json\/wp\/v2\/product"}],"about":[{"href":"https:\/\/www.thegoldenspartan.com\/sr\/wp-json\/wp\/v2\/types\/product"}],"replies":[{"embeddable":true,"href":"https:\/\/www.thegoldenspartan.com\/sr\/wp-json\/wp\/v2\/comments?post=21280"}],"wp:featuredmedia":[{"embeddable":true,"href":"https:\/\/www.thegoldenspartan.com\/sr\/wp-json\/wp\/v2\/media\/21505"}],"wp:attachment":[{"href":"https:\/\/www.thegoldenspartan.com\/sr\/wp-json\/wp\/v2\/media?parent=21280"}],"wp:term":[{"taxonomy":"product_brand","embeddable":true,"href":"https:\/\/www.thegoldenspartan.com\/sr\/wp-json\/wp\/v2\/product_brand?post=21280"},{"taxonomy":"product_cat","embeddable":true,"href":"https:\/\/www.thegoldenspartan.com\/sr\/wp-json\/wp\/v2\/product_cat?post=21280"},{"taxonomy":"product_tag","embeddable":true,"href":"https:\/\/www.thegoldenspartan.com\/sr\/wp-json\/wp\/v2\/product_tag?post=21280"}],"curies":[{"name":"wp","href":"https:\/\/api.w.org\/{rel}","templated":true}]}}