{"id":21282,"date":"2024-03-11T14:16:23","date_gmt":"2024-03-11T14:16:23","guid":{"rendered":"https:\/\/www.thegoldenspartan.com\/?post_type=product&#038;p=21282"},"modified":"2024-03-15T11:52:38","modified_gmt":"2024-03-15T11:52:38","slug":"cesalj-karbonski-m","status":"publish","type":"product","link":"https:\/\/www.thegoldenspartan.com\/sr\/shop\/oprema-pribor-za-berbernice\/cesalj-karbonski-m\/","title":{"rendered":"\u010ce\u0161alj karbonski M"},"content":{"rendered":"","protected":false},"excerpt":{"rendered":"<p>Klasi\u010dni \u201c\u0161kolski\u201d primer \u010de\u0161lja za kra\u0107enje i oblikovanje mu\u0161kih frizura. Dimenzija je pazljivo odabrana kako bi se \u010de\u0161alj prilagodio svakoj tehnici mu\u0161kog \u0161i\u0161anja. Izra\u0111en je od vrhunskih karbonskih vlakana \u0161to spre\u010dava lomljenje iglica pri \u010destoj upotrebi.<\/p>\n<p>Du\u017eina: 17.8cm<\/p>\n","protected":false},"featured_media":21508,"comment_status":"open","ping_status":"closed","template":"","meta":{"_acf_changed":false},"product_brand":[],"product_cat":[91],"product_tag":[],"class_list":{"0":"post-21282","1":"product","2":"type-product","3":"status-publish","4":"has-post-thumbnail","6":"product_cat-oprema-pribor-za-berbernice","8":"first","9":"instock","10":"shipping-taxable","11":"purchasable","12":"product-type-simple"},"acf":[],"aioseo_notices":[],"_links":{"self":[{"href":"https:\/\/www.thegoldenspartan.com\/sr\/wp-json\/wp\/v2\/product\/21282","targetHints":{"allow":["GET"]}}],"collection":[{"href":"https:\/\/www.thegoldenspartan.com\/sr\/wp-json\/wp\/v2\/product"}],"about":[{"href":"https:\/\/www.thegoldenspartan.com\/sr\/wp-json\/wp\/v2\/types\/product"}],"replies":[{"embeddable":true,"href":"https:\/\/www.thegoldenspartan.com\/sr\/wp-json\/wp\/v2\/comments?post=21282"}],"wp:featuredmedia":[{"embeddable":true,"href":"https:\/\/www.thegoldenspartan.com\/sr\/wp-json\/wp\/v2\/media\/21508"}],"wp:attachment":[{"href":"https:\/\/www.thegoldenspartan.com\/sr\/wp-json\/wp\/v2\/media?parent=21282"}],"wp:term":[{"taxonomy":"product_brand","embeddable":true,"href":"https:\/\/www.thegoldenspartan.com\/sr\/wp-json\/wp\/v2\/product_brand?post=21282"},{"taxonomy":"product_cat","embeddable":true,"href":"https:\/\/www.thegoldenspartan.com\/sr\/wp-json\/wp\/v2\/product_cat?post=21282"},{"taxonomy":"product_tag","embeddable":true,"href":"https:\/\/www.thegoldenspartan.com\/sr\/wp-json\/wp\/v2\/product_tag?post=21282"}],"curies":[{"name":"wp","href":"https:\/\/api.w.org\/{rel}","templated":true}]}}