{"id":21284,"date":"2024-03-11T14:17:03","date_gmt":"2024-03-11T14:17:03","guid":{"rendered":"https:\/\/www.thegoldenspartan.com\/?post_type=product&#038;p=21284"},"modified":"2024-03-15T11:40:18","modified_gmt":"2024-03-15T11:40:18","slug":"cesalj-karbonski-l","status":"publish","type":"product","link":"https:\/\/www.thegoldenspartan.com\/sr\/shop\/oprema-pribor-za-berbernice\/cesalj-karbonski-l\/","title":{"rendered":"\u010ce\u0161alj karbonski L"},"content":{"rendered":"","protected":false},"excerpt":{"rendered":"<p>\u010ce\u0161alj velikog formata omogu\u0107ava da savladate najgu\u0161\u0107u kosu i bradu. Zbog svoje veli\u010dine idealan je za oblikovanje prelaza (over comb) tehnikom.<br \/>\nKod oblikovanja brade pru\u017ea veliku preciznost i lako i\u0161\u010de\u0161ljavanje.<\/p>\n<p>Du\u017eina: 21.3cm<\/p>\n","protected":false},"featured_media":21510,"comment_status":"open","ping_status":"closed","template":"","meta":{"_acf_changed":false},"product_brand":[],"product_cat":[91],"product_tag":[],"class_list":{"0":"post-21284","1":"product","2":"type-product","3":"status-publish","4":"has-post-thumbnail","6":"product_cat-oprema-pribor-za-berbernice","8":"first","9":"instock","10":"shipping-taxable","11":"purchasable","12":"product-type-simple"},"acf":[],"aioseo_notices":[],"_links":{"self":[{"href":"https:\/\/www.thegoldenspartan.com\/sr\/wp-json\/wp\/v2\/product\/21284","targetHints":{"allow":["GET"]}}],"collection":[{"href":"https:\/\/www.thegoldenspartan.com\/sr\/wp-json\/wp\/v2\/product"}],"about":[{"href":"https:\/\/www.thegoldenspartan.com\/sr\/wp-json\/wp\/v2\/types\/product"}],"replies":[{"embeddable":true,"href":"https:\/\/www.thegoldenspartan.com\/sr\/wp-json\/wp\/v2\/comments?post=21284"}],"wp:featuredmedia":[{"embeddable":true,"href":"https:\/\/www.thegoldenspartan.com\/sr\/wp-json\/wp\/v2\/media\/21510"}],"wp:attachment":[{"href":"https:\/\/www.thegoldenspartan.com\/sr\/wp-json\/wp\/v2\/media?parent=21284"}],"wp:term":[{"taxonomy":"product_brand","embeddable":true,"href":"https:\/\/www.thegoldenspartan.com\/sr\/wp-json\/wp\/v2\/product_brand?post=21284"},{"taxonomy":"product_cat","embeddable":true,"href":"https:\/\/www.thegoldenspartan.com\/sr\/wp-json\/wp\/v2\/product_cat?post=21284"},{"taxonomy":"product_tag","embeddable":true,"href":"https:\/\/www.thegoldenspartan.com\/sr\/wp-json\/wp\/v2\/product_tag?post=21284"}],"curies":[{"name":"wp","href":"https:\/\/api.w.org\/{rel}","templated":true}]}}