{"id":21317,"date":"2024-03-12T11:15:10","date_gmt":"2024-03-12T11:15:11","guid":{"rendered":"https:\/\/www.thegoldenspartan.com\/?post_type=product&#038;p=21317"},"modified":"2024-07-11T12:01:45","modified_gmt":"2024-07-11T12:01:45","slug":"ogrtac-za-sisanje","status":"publish","type":"product","link":"https:\/\/www.thegoldenspartan.com\/sr\/shop\/oprema-pribor-za-berbernice\/ogrtac-za-sisanje\/","title":{"rendered":"Ogrta\u010d za \u0161i\u0161anje"},"content":{"rendered":"","protected":false},"excerpt":{"rendered":"<p>Izra\u0111en od laganog i prijatnog materijala \u0161to omogu\u0107ava da se klijent ispod ogrta\u010da ose\u0107a prijatno.<br \/>\nSistem kop\u010danja oko vrata dizajniran je kvalitetno kako bi omogu\u0107io dugogodi\u0161nju upotrebu.<br \/>\nDimenzije ogrta\u010da su dovoljne da kompletno pokriju klijenta.<\/p>\n<p>Dimenzije: 110cm x 140cm<\/p>\n","protected":false},"featured_media":21323,"comment_status":"open","ping_status":"closed","template":"","meta":{"_acf_changed":false},"product_brand":[],"product_cat":[91],"product_tag":[],"class_list":{"0":"post-21317","1":"product","2":"type-product","3":"status-publish","4":"has-post-thumbnail","6":"product_cat-oprema-pribor-za-berbernice","8":"first","9":"instock","10":"shipping-taxable","11":"purchasable","12":"product-type-variable"},"acf":[],"aioseo_notices":[],"_links":{"self":[{"href":"https:\/\/www.thegoldenspartan.com\/sr\/wp-json\/wp\/v2\/product\/21317","targetHints":{"allow":["GET"]}}],"collection":[{"href":"https:\/\/www.thegoldenspartan.com\/sr\/wp-json\/wp\/v2\/product"}],"about":[{"href":"https:\/\/www.thegoldenspartan.com\/sr\/wp-json\/wp\/v2\/types\/product"}],"replies":[{"embeddable":true,"href":"https:\/\/www.thegoldenspartan.com\/sr\/wp-json\/wp\/v2\/comments?post=21317"}],"wp:featuredmedia":[{"embeddable":true,"href":"https:\/\/www.thegoldenspartan.com\/sr\/wp-json\/wp\/v2\/media\/21323"}],"wp:attachment":[{"href":"https:\/\/www.thegoldenspartan.com\/sr\/wp-json\/wp\/v2\/media?parent=21317"}],"wp:term":[{"taxonomy":"product_brand","embeddable":true,"href":"https:\/\/www.thegoldenspartan.com\/sr\/wp-json\/wp\/v2\/product_brand?post=21317"},{"taxonomy":"product_cat","embeddable":true,"href":"https:\/\/www.thegoldenspartan.com\/sr\/wp-json\/wp\/v2\/product_cat?post=21317"},{"taxonomy":"product_tag","embeddable":true,"href":"https:\/\/www.thegoldenspartan.com\/sr\/wp-json\/wp\/v2\/product_tag?post=21317"}],"curies":[{"name":"wp","href":"https:\/\/api.w.org\/{rel}","templated":true}]}}