{"id":2197,"date":"2018-07-30T08:20:04","date_gmt":"2018-07-30T08:20:04","guid":{"rendered":"https:\/\/www.thegoldenspartan.com\/?post_type=product&#038;p=2197"},"modified":"2025-06-17T07:11:42","modified_gmt":"2025-06-17T07:11:42","slug":"after-nine-balzam-za-bradu","status":"publish","type":"product","link":"https:\/\/www.thegoldenspartan.com\/sr\/shop\/balzami-i-voskovi\/after-nine-balzam-za-bradu\/","title":{"rendered":"AFTER NINE balzam za bradu"},"content":{"rendered":"","protected":false},"excerpt":{"rendered":"<p><strong>\u010cokolada i menta. Slatko zadovoljstvo u nezi.<\/strong><br \/>\nNeke kombinacije su jednostavno legendarne \u2013 a After Nine balzam za bradu to dokazuje svakim nano\u0161enjem. Inspirisan omiljenim choco-mint poslasticama, ovaj balzam spaja bogatu aromu \u010dokolade sa osve\u017eavaju\u0107im notama eteri\u010dnog ulja mente, pru\u017eaju\u0107i rasko\u0161no iskustvo nege brade koje je istovremeno intenzivno i osve\u017eavaju\u0107e.<br \/>\nOd trenutka kada ga nanese\u0161, ovaj dugotrajni miris obavija tvoju bradu neodoljivom sve\u017einom koja se razvija tokom dana. Bilo da te \u010deka no\u0107 u gradu ili jednostavno \u017eeli\u0161 da u\u017eiva\u0161 u svakodnevnom ritualu, After Nine \u0107e se pobrinuti da tvoja brada miri\u0161e jednako dobro koliko i izgleda.<\/p>\n<p>Ru\u010dno izra\u0111en od 100% prirodnih sastojaka i izliven u malim serijama, ovaj balzam za bradu pru\u017ea intenzivnu hidrataciju i daje bradi potrebnu strukturu. Obuzdava neuredne dlake, smanjuje svrab, suvo\u0107u i perutanje \u2013 ostavljaju\u0107i bradu mekanom, stilizovanom i prijatnom na dodir.<\/p>\n<p>\u279c Neodoljiva \u010doko-mint aroma<br \/>\n\u279c Napravljen od prirodnih, visokokvalitetnih sastojaka<br \/>\n\u279c Dubinski hidrira bradu i ko\u017eu ispod nje<br \/>\n\u279c Olak\u0161ava oblikovanje dok istovremeno hidrira bradu<br \/>\n\u279c Smanjuje svrab, perut i lomljenje dlaka<br \/>\n\u279c Ru\u010dno ra\u0111en u malim serijama za besprekoran kvalitet<\/p>\n<p><em><strong>Sadr\u017eaj<\/strong>: Beli p\u010delinji vosak, \u0161ea puter, kakao puter, ulje jojobe, badema, konoplje, vitamin E, eteri\u010dno ulje mente, ulje \u010dokolade.<\/em><\/p>\n<p><em>\u2705 Na\u0161i proizvodi su klini\u010dki ispitani u akreditovanoj laboratoriji i poseduju izve\u0161taj o zdravstvenoj ispravnosti.<\/em><\/p>\n","protected":false},"featured_media":2959,"comment_status":"open","ping_status":"closed","template":"","meta":{"_acf_changed":false},"product_brand":[],"product_cat":[52],"product_tag":[],"class_list":{"0":"post-2197","1":"product","2":"type-product","3":"status-publish","4":"has-post-thumbnail","6":"product_cat-balzami-i-voskovi","8":"first","9":"instock","10":"shipping-taxable","11":"purchasable","12":"product-type-simple"},"acf":[],"aioseo_notices":[],"_links":{"self":[{"href":"https:\/\/www.thegoldenspartan.com\/sr\/wp-json\/wp\/v2\/product\/2197","targetHints":{"allow":["GET"]}}],"collection":[{"href":"https:\/\/www.thegoldenspartan.com\/sr\/wp-json\/wp\/v2\/product"}],"about":[{"href":"https:\/\/www.thegoldenspartan.com\/sr\/wp-json\/wp\/v2\/types\/product"}],"replies":[{"embeddable":true,"href":"https:\/\/www.thegoldenspartan.com\/sr\/wp-json\/wp\/v2\/comments?post=2197"}],"wp:featuredmedia":[{"embeddable":true,"href":"https:\/\/www.thegoldenspartan.com\/sr\/wp-json\/wp\/v2\/media\/2959"}],"wp:attachment":[{"href":"https:\/\/www.thegoldenspartan.com\/sr\/wp-json\/wp\/v2\/media?parent=2197"}],"wp:term":[{"taxonomy":"product_brand","embeddable":true,"href":"https:\/\/www.thegoldenspartan.com\/sr\/wp-json\/wp\/v2\/product_brand?post=2197"},{"taxonomy":"product_cat","embeddable":true,"href":"https:\/\/www.thegoldenspartan.com\/sr\/wp-json\/wp\/v2\/product_cat?post=2197"},{"taxonomy":"product_tag","embeddable":true,"href":"https:\/\/www.thegoldenspartan.com\/sr\/wp-json\/wp\/v2\/product_tag?post=2197"}],"curies":[{"name":"wp","href":"https:\/\/api.w.org\/{rel}","templated":true}]}}