{"id":25383,"date":"2025-10-02T12:03:29","date_gmt":"2025-10-02T12:03:29","guid":{"rendered":"https:\/\/www.thegoldenspartan.com\/?post_type=product&#038;p=25383"},"modified":"2026-01-28T13:31:41","modified_gmt":"2026-01-28T13:31:41","slug":"bald-baron-krema-za-obrijane-glave","status":"publish","type":"product","link":"https:\/\/www.thegoldenspartan.com\/sr\/shop\/nega-kose\/bald-baron-krema-za-obrijane-glave\/","title":{"rendered":"BALD BARON krema za \u0107elave"},"content":{"rendered":"","protected":false},"excerpt":{"rendered":"<h2>Bald Baron \u2013 krema za obrijane glave sa mat efektom<\/h2>\n<p>Zaboravi na mastan i sjajan izgled temena \u2013 na\u0161a zero shine formula obezbe\u0111uje dugotrajan, prirodni mat izgled tokom celog dana.<br \/>\nBald Baron krema za \u0107elave pru\u017ea dubinsku negu tvojoj obrijanoj glavi \u2013 oboga\u0107ena \u0161ea i mango puterom i jojobinim uljem.<br \/>\nKoristi se nakon brijanja kako bi se umirila ko\u017ea, spre\u010dile iritacije i urastanje dla\u010dica.<\/p>\n<p>\u279c Uklanja sjaj \u2013 Ekstrakt semenki bundeve balansira lu\u010denje sebuma, \u0161to pru\u017ea sna\u017ean zero shine efekat i obezbe\u0111uje dugotrajan mat fini\u0161.<br \/>\n\u279c \u0160titi od perutanja \u2013 Oboga\u0107ena \u0161ea i mango puterom, uljem jojobe i konoplje, bori se protiv suvo\u0107e i perutanja, ostavljaju\u0107i teme mekim i negovanim.<br \/>\n\u279c Umiruje posle brijanja \u2013 Donosi trenutno olak\u0161anje nakon brijanja, ubla\u017eava crvenilo, nelagodnost i iritacije.<\/p>\n<p><strong>Za koga je namenjena?<\/strong><br \/>\nSpecijalno formulisana za obrijane i kratko o\u0161i\u0161ane glave (0\u20133 mm), pru\u017ea kompletnu negu za \u010dist, zdrav i mat izgled.<\/p>\n<p><strong>Premium prirodni sastojci<\/strong><br \/>\nKoristimo samo najkvalitetnije biljne sastojke za maksimalnu efikasnost.<br \/>\n\u279c Ulje jojobe, \u0161ea i mango puter \u2013 dubinski hrane i hidriraju<br \/>\n\u279c Ekstrakt ovsa \u2013 umiruje i \u0161titi osetljivu ko\u017eu<br \/>\n\u279c Ulje \u0161afranike i ekstrakt semenki bundeve \u2013 reguli\u0161u masno\u0107u i elemini\u0161u ne\u017eeljeni sjaj<\/p>\n<p><strong>Uputstvo za kori\u0161\u0107enje:<\/strong><br \/>\nNanesi malu dozu kreme, veli\u010dine pola jagodice prsta i ne\u017eno umasiraj u teme. Koristi svakodnevno za dubinsku negu i kao tretman posle brijanja. Zahvaljuju\u0107i premium koncentrisanim sastojcima, mala koli\u010dina je sasvim dovoljna \u2013 manje je zaista vi\u0161e.<\/p>\n<p><strong>Sadr\u017eaj<\/strong>: Destilat mati\u010dnjaka, Aloe vera, Ekstrakt bundeve, Koko-kaprilat, Gliceril stearat SE, Ekstrakt ovsa, Glicerin, Cetearil alkohol, Pantenol, Ulje soje, Ulje jojobe, Ulje \u0161afranike, Ulje konoplje, Mango puter, Vitamin E, Voda, Glukonolakton, Natrijum benzoat, Kalcijum glukonat, Kalijum sorbat, Askorbinska kiselina, Ksantan guma, Alantoin, eteri\u010dno ulje pa\u010dulija, eukaliptusa i peperminta, Limonen, Linalol, Citral, Eugenol.<\/p>\n<p>\u2705 Na\u0161i proizvodi su klini\u010dki ispitani u akreditovanoj laboratoriji i poseduju izve\u0161taj o zdravstvenoj ispravnosti.<\/p>\n","protected":false},"featured_media":25651,"comment_status":"open","ping_status":"closed","template":"","meta":{"_acf_changed":false},"product_brand":[],"product_cat":[56],"product_tag":[],"class_list":{"0":"post-25383","1":"product","2":"type-product","3":"status-publish","4":"has-post-thumbnail","6":"product_cat-nega-kose","8":"first","9":"instock","10":"shipping-taxable","11":"purchasable","12":"product-type-simple"},"acf":[],"aioseo_notices":[],"_links":{"self":[{"href":"https:\/\/www.thegoldenspartan.com\/sr\/wp-json\/wp\/v2\/product\/25383","targetHints":{"allow":["GET"]}}],"collection":[{"href":"https:\/\/www.thegoldenspartan.com\/sr\/wp-json\/wp\/v2\/product"}],"about":[{"href":"https:\/\/www.thegoldenspartan.com\/sr\/wp-json\/wp\/v2\/types\/product"}],"replies":[{"embeddable":true,"href":"https:\/\/www.thegoldenspartan.com\/sr\/wp-json\/wp\/v2\/comments?post=25383"}],"wp:featuredmedia":[{"embeddable":true,"href":"https:\/\/www.thegoldenspartan.com\/sr\/wp-json\/wp\/v2\/media\/25651"}],"wp:attachment":[{"href":"https:\/\/www.thegoldenspartan.com\/sr\/wp-json\/wp\/v2\/media?parent=25383"}],"wp:term":[{"taxonomy":"product_brand","embeddable":true,"href":"https:\/\/www.thegoldenspartan.com\/sr\/wp-json\/wp\/v2\/product_brand?post=25383"},{"taxonomy":"product_cat","embeddable":true,"href":"https:\/\/www.thegoldenspartan.com\/sr\/wp-json\/wp\/v2\/product_cat?post=25383"},{"taxonomy":"product_tag","embeddable":true,"href":"https:\/\/www.thegoldenspartan.com\/sr\/wp-json\/wp\/v2\/product_tag?post=25383"}],"curies":[{"name":"wp","href":"https:\/\/api.w.org\/{rel}","templated":true}]}}