{"id":396,"date":"2018-02-21T14:07:11","date_gmt":"2018-02-21T14:07:11","guid":{"rendered":"http:\/\/www.thegoldenspartan.com\/product\/uncategorized\/aftercare-tattoo-butter\/"},"modified":"2025-05-21T07:12:41","modified_gmt":"2025-05-21T07:12:41","slug":"aftercare-krema-za-tetovaze","status":"publish","type":"product","link":"https:\/\/www.thegoldenspartan.com\/sr\/shop\/nega-tetovaza\/aftercare-krema-za-tetovaze\/","title":{"rendered":"Aftercare krema za tetova\u017ee"},"content":{"rendered":"","protected":false},"excerpt":{"rendered":"<p>The Golden Spartan Aftercare Tattoo Butter je luksuzna, premium, 100% prirodna, veganska krema za negovanje va\u0161ih tetova\u017ea.<br \/>\nMe\u0161avina najkvalitetnijih prirodnih sastojaka ubrzava vreme oporavka, smanjuje crvenilo i \u010dak smanjuje rizik od inficiranja tetova\u017ee.<br \/>\nNano\u0161enje tankog sloja na novu tetova\u017eu, pomo\u0107i \u0107e vam da za\u0161titite, nahranite i hidrirate ko\u017eu. Na\u0161a krema \u0107e umiriti i ubla\u017eiti svrab bez zatvaranja pora i ispiranja boja.<br \/>\nTako\u0111e se mo\u017ee koristiti za ogrebotine, o\u017eiljke i manje posekotine.<br \/>\nDa bi ste izbegli kontaminaciju, temeljito operite ruke pre svake upotrebe.<\/p>\n<p>Na\u0161a Aftercare krema za tetova\u017ee ne sadr\u017ei petrolej, paraben, silikonsko ni mineralno ulje.<\/p>\n<p>UTISCI:<\/p>\n<p>Robert Stevanovi\u0107 <a href=\"http:\/\/fuckthepain.rs\/\" target=\"_blank\" rel=\"noopener\">\u201cFuck The Pain Tattoo Studio\u201d<\/a><br \/>\nNakon toga \u0161to sam probao The Golden Spartan Aftercare tattoo butter, stavio sam na stranu sve druge proizvode za negu tetova\u017ea. Aftercare tattoo butter ima odli\u010dan uticaj na ko\u017eu, jer ubrzava vreme oporavka. A najbitnija stvar je to \u0161to je ovaj butter 101% prirodan, \u0161to je izuzetno va\u017eno, pogotovo za osetljivu ko\u017eu nakon nekoliko sati tetoviranja.<\/p>\n<p>Nemanja Pani\u0107 <a href=\"https:\/\/www.instagram.com\/white_rabbit_tattoo_social\/\" target=\"_blank\" rel=\"noopener\">\u201cWhite Rabbit Tattoo Social Club\u201d<\/a><br \/>\nOvo je proizvod koji je tattoo zajednica dugo \u010dekala! Prirodan, prijatan za ko\u017eu, ubrzava proces zaceljenja i bez obzira na veli\u010dinu tetova\u017ee, zaslu\u017ean je za njenu ukupnu negu i krajnji izgled. A ono \u0161to je najva\u017enije, sve na\u0161e mu\u0161terije stoprocentno su zadovoljne.<\/p>\n<p>Sadr\u017eaj: \u0160ea puter, mango puter, ulje kokosa, pantenol, vitamin E,\u00a0ulje konoplje, kantarionovo ulje, etericno ulje mente, dehidroacetat kiselina i benzil alkohol.<\/p>\n<p>Napomena: Na\u0161i proizvodi su klini\u010dki ispitani u akreditovanoj laboratoriji i poseduju izve\u0161taj o zdravstvenoj ispravnosti.<\/p>\n","protected":false},"featured_media":17291,"comment_status":"open","ping_status":"closed","template":"","meta":{"_acf_changed":false},"product_brand":[],"product_cat":[58],"product_tag":[],"class_list":{"0":"post-396","1":"product","2":"type-product","3":"status-publish","4":"has-post-thumbnail","6":"product_cat-nega-tetovaza","8":"first","9":"instock","10":"shipping-taxable","11":"purchasable","12":"product-type-simple"},"acf":[],"aioseo_notices":[],"_links":{"self":[{"href":"https:\/\/www.thegoldenspartan.com\/sr\/wp-json\/wp\/v2\/product\/396","targetHints":{"allow":["GET"]}}],"collection":[{"href":"https:\/\/www.thegoldenspartan.com\/sr\/wp-json\/wp\/v2\/product"}],"about":[{"href":"https:\/\/www.thegoldenspartan.com\/sr\/wp-json\/wp\/v2\/types\/product"}],"replies":[{"embeddable":true,"href":"https:\/\/www.thegoldenspartan.com\/sr\/wp-json\/wp\/v2\/comments?post=396"}],"wp:featuredmedia":[{"embeddable":true,"href":"https:\/\/www.thegoldenspartan.com\/sr\/wp-json\/wp\/v2\/media\/17291"}],"wp:attachment":[{"href":"https:\/\/www.thegoldenspartan.com\/sr\/wp-json\/wp\/v2\/media?parent=396"}],"wp:term":[{"taxonomy":"product_brand","embeddable":true,"href":"https:\/\/www.thegoldenspartan.com\/sr\/wp-json\/wp\/v2\/product_brand?post=396"},{"taxonomy":"product_cat","embeddable":true,"href":"https:\/\/www.thegoldenspartan.com\/sr\/wp-json\/wp\/v2\/product_cat?post=396"},{"taxonomy":"product_tag","embeddable":true,"href":"https:\/\/www.thegoldenspartan.com\/sr\/wp-json\/wp\/v2\/product_tag?post=396"}],"curies":[{"name":"wp","href":"https:\/\/api.w.org\/{rel}","templated":true}]}}