{"id":402,"date":"2018-03-13T11:43:14","date_gmt":"2018-03-13T11:43:14","guid":{"rendered":"http:\/\/www.thegoldenspartan.com\/product\/uncategorized\/artists-tattoo-butter\/"},"modified":"2025-04-17T10:45:45","modified_gmt":"2025-04-17T10:45:45","slug":"artists-krema-za-tetoviranje","status":"publish","type":"product","link":"https:\/\/www.thegoldenspartan.com\/sr\/shop\/nega-tetovaza\/artists-krema-za-tetoviranje\/","title":{"rendered":"Artist\u2019s krema za tetoviranje"},"content":{"rendered":"","protected":false},"excerpt":{"rendered":"<p>The Golden Spartan Artist&#8217;s Tattoo Butter je luksuzna, premium, 100% prirodna, veganska krema koja se koristi pre, u toku i posle tetoviranja.<br \/>\nMe\u0161avina najkvalitetnijih prirodnih sastojaka znatno olak\u0161ava proces tetoviranja, poma\u017ee u spremanju ko\u017ee za tetoviranje, \u010dine\u0107i je mekom, popustljivom, fleksibilnom i dobro podmazanom.<br \/>\nOmogu\u0107uje tetoviranje sa \u0161to manjim naprezanjem ko\u017ee tokom samog procesa.<br \/>\nTako\u0111e, ubrzava oporavak ko\u017ee nakon tetoviranja. Ima hranljivi, regeneri\u0161uc\u0301i, umiruju\u0107i i hidriraju\u0107i efekat.<\/p>\n<p>Prednosti na\u0161e kreme:<\/p>\n<p>&#8211; Odr\u017eava ko\u017eu pogodnom za rad<br \/>\n&#8211; Smiruje crvenilo<br \/>\n&#8211; Ne uklanja \u0161ablone<br \/>\n&#8211; Ne za\u010depljuje tube<br \/>\n&#8211; Ko\u017ea bolje prima boje<br \/>\n&#8211; Promovi\u0161e br\u017ei oporavak<br \/>\n&#8211; Ne sadr\u017ei petrolej, paraben, silikonsko ni mineralno ulje<br \/>\n&#8211; 100% veganski sastojci<\/p>\n<p><a href=\"https:\/\/www.youtube.com\/watch?v=va_i4dBOAoo\" target=\"_blank\" rel=\"noopener\"><strong>VIDEO UPUTSTVO<\/strong><\/a><\/p>\n<p>UTISCI:<\/p>\n<p>Robert Stevanovi\u0107 <a href=\"http:\/\/fuckthepain.rs\/\" target=\"_blank\" rel=\"noopener\">\u201cFuck The Pain Tattoo Studio\u201d<\/a><br \/>\nArtist&#8217;s tattoo butter je neophodan za vreme tetoviranja. Lako se nanosi, smanjuje crvenilo i ima blagi miris koji svakome odgovara. Najve\u0107a prednost je \u0161to je napravljen od 101% prirodnih sastojaka, \u0161to je najbitnije za osetljivu ko\u017eu tokom tetoviranja.<\/p>\n<p>Sadr\u017eaj: \u0160ea puter, mango puter, ulje kokosa, aloe vera, vitamin E,\u00a0ulje konoplje, kantarionovo ulje, etericno ulje mente, dehidroacetat kiselina i benzil alkohol.<\/p>\n<p>Napomena: Na\u0161i proizvodi su klini\u010dki ispitani u akreditovanoj laboratoriji i poseduju izve\u0161taj o zdravstvenoj ispravnosti.<\/p>\n","protected":false},"featured_media":17289,"comment_status":"open","ping_status":"closed","template":"","meta":{"_acf_changed":false},"product_brand":[],"product_cat":[58],"product_tag":[],"class_list":{"0":"post-402","1":"product","2":"type-product","3":"status-publish","4":"has-post-thumbnail","6":"product_cat-nega-tetovaza","8":"first","9":"instock","10":"shipping-taxable","11":"purchasable","12":"product-type-simple"},"acf":[],"aioseo_notices":[],"_links":{"self":[{"href":"https:\/\/www.thegoldenspartan.com\/sr\/wp-json\/wp\/v2\/product\/402","targetHints":{"allow":["GET"]}}],"collection":[{"href":"https:\/\/www.thegoldenspartan.com\/sr\/wp-json\/wp\/v2\/product"}],"about":[{"href":"https:\/\/www.thegoldenspartan.com\/sr\/wp-json\/wp\/v2\/types\/product"}],"replies":[{"embeddable":true,"href":"https:\/\/www.thegoldenspartan.com\/sr\/wp-json\/wp\/v2\/comments?post=402"}],"wp:featuredmedia":[{"embeddable":true,"href":"https:\/\/www.thegoldenspartan.com\/sr\/wp-json\/wp\/v2\/media\/17289"}],"wp:attachment":[{"href":"https:\/\/www.thegoldenspartan.com\/sr\/wp-json\/wp\/v2\/media?parent=402"}],"wp:term":[{"taxonomy":"product_brand","embeddable":true,"href":"https:\/\/www.thegoldenspartan.com\/sr\/wp-json\/wp\/v2\/product_brand?post=402"},{"taxonomy":"product_cat","embeddable":true,"href":"https:\/\/www.thegoldenspartan.com\/sr\/wp-json\/wp\/v2\/product_cat?post=402"},{"taxonomy":"product_tag","embeddable":true,"href":"https:\/\/www.thegoldenspartan.com\/sr\/wp-json\/wp\/v2\/product_tag?post=402"}],"curies":[{"name":"wp","href":"https:\/\/api.w.org\/{rel}","templated":true}]}}