{"id":403,"date":"2018-02-21T12:49:44","date_gmt":"2018-02-21T12:49:44","guid":{"rendered":"http:\/\/www.thegoldenspartan.com\/product\/uncategorized\/barista-premium-beard-balm\/"},"modified":"2025-06-12T07:37:46","modified_gmt":"2025-06-12T07:37:46","slug":"barista-balzam-za-bradu","status":"publish","type":"product","link":"https:\/\/www.thegoldenspartan.com\/sr\/shop\/balzami-i-voskovi\/barista-balzam-za-bradu\/","title":{"rendered":"BARISTA balzam za bradu"},"content":{"rendered":"","protected":false},"excerpt":{"rendered":"<p><strong>Za mu\u0161karce koji \u017eive za miris sve\u017ee skuvane kafe<\/strong><br \/>\nBarista Premium balzam za bradu posta\u0107e tvoj omiljeni deo jutarnje rutine. Oboga\u0107en \u010distim, visokokvalitetnim eteri\u010dnim uljem kafe, ovaj balzam prekriva tvoju bradu bogatom, slatkom i kremastom aromom espressa koja te vodi u tvoj omiljeni kafi\u0107.<br \/>\nBilo da \u017euri\u0161 na posao ili u\u017eiva\u0161 u sporom vikendu, Barista balzam za bradu donosi toplu, umiruju\u0107u dozu luksuza u tvoju svakodnevnu negu \u2013 dok tvojoj bradi pru\u017ea potrebnu hidrataciju i dr\u017eanje.<\/p>\n<p>Napravljen od 100% prirodnih sastojaka i ru\u010dno izliven u malim serijama, ovaj balzam omek\u0161ava grubu bradu, hidrira ko\u017eu ispod i poma\u017ee da ukroti\u0161 neposlu\u0161ne dlake. Smanjuje perutanje, svrab i lomljenje dlake, \u010dine\u0107i tvoju bradu mek\u0161om, ja\u010dom i stilizovanijom nego ikad.<\/p>\n<p>\u279c Slatka, kremasta aroma kafe<br \/>\n\u279c 100% prirodni sastojci<br \/>\n\u279c Intenzivno hidrira i neguje i bradu i ko\u017eu<br \/>\n\u279c Pru\u017ea kontrolu za oblikovanje<br \/>\n\u279c Smanjuje suvo\u0107u, perut i svrab brade<br \/>\n\u279c Ru\u010dno ra\u0111en u malim serijama za vrhunski kvalitet<\/p>\n<p><em><strong>Sadr\u017eaj<\/strong>: Beli p\u010delinji vosak, \u0161ea puter, kakao puter, ulje jojobe, badema, konoplje, vitamin E, eteri\u010dno ulje kafe.<\/em><\/p>\n<p><em>\u2705\u00a0Na\u0161i proizvodi su klini\u010dki ispitani u akreditovanoj laboratoriji i poseduju izve\u0161taj o zdravstvenoj ispravnosti.<\/em><\/p>\n","protected":false},"featured_media":2965,"comment_status":"open","ping_status":"closed","template":"","meta":{"_acf_changed":false},"product_brand":[],"product_cat":[52],"product_tag":[],"class_list":{"0":"post-403","1":"product","2":"type-product","3":"status-publish","4":"has-post-thumbnail","6":"product_cat-balzami-i-voskovi","8":"first","9":"instock","10":"shipping-taxable","11":"purchasable","12":"product-type-simple"},"acf":[],"aioseo_notices":[],"_links":{"self":[{"href":"https:\/\/www.thegoldenspartan.com\/sr\/wp-json\/wp\/v2\/product\/403","targetHints":{"allow":["GET"]}}],"collection":[{"href":"https:\/\/www.thegoldenspartan.com\/sr\/wp-json\/wp\/v2\/product"}],"about":[{"href":"https:\/\/www.thegoldenspartan.com\/sr\/wp-json\/wp\/v2\/types\/product"}],"replies":[{"embeddable":true,"href":"https:\/\/www.thegoldenspartan.com\/sr\/wp-json\/wp\/v2\/comments?post=403"}],"wp:featuredmedia":[{"embeddable":true,"href":"https:\/\/www.thegoldenspartan.com\/sr\/wp-json\/wp\/v2\/media\/2965"}],"wp:attachment":[{"href":"https:\/\/www.thegoldenspartan.com\/sr\/wp-json\/wp\/v2\/media?parent=403"}],"wp:term":[{"taxonomy":"product_brand","embeddable":true,"href":"https:\/\/www.thegoldenspartan.com\/sr\/wp-json\/wp\/v2\/product_brand?post=403"},{"taxonomy":"product_cat","embeddable":true,"href":"https:\/\/www.thegoldenspartan.com\/sr\/wp-json\/wp\/v2\/product_cat?post=403"},{"taxonomy":"product_tag","embeddable":true,"href":"https:\/\/www.thegoldenspartan.com\/sr\/wp-json\/wp\/v2\/product_tag?post=403"}],"curies":[{"name":"wp","href":"https:\/\/api.w.org\/{rel}","templated":true}]}}