{"id":407,"date":"2018-02-21T12:27:46","date_gmt":"2018-02-21T12:27:46","guid":{"rendered":"http:\/\/www.thegoldenspartan.com\/product\/uncategorized\/barista-ulje-za-bradu\/"},"modified":"2025-10-14T10:31:48","modified_gmt":"2025-10-14T10:31:48","slug":"barista-ulje-za-bradu","status":"publish","type":"product","link":"https:\/\/www.thegoldenspartan.com\/sr\/shop\/premium-ulja-za-bradu\/barista-ulje-za-bradu\/","title":{"rendered":"BARISTA ulje za bradu"},"content":{"rendered":"","protected":false},"excerpt":{"rendered":"<p><strong>Za mu\u0161karce koji \u017eive za miris sve\u017ee skuvane kafe<\/strong><br \/>\nObo\u017eava\u0161 kafu? Onda \u0107e\u0161 zavoleti i svoju novu rutinu nege brade. Barista Premium ulje za bradu stvoreno je za istinske ljubitelje kafe \u2013 za one koji ne mogu da odole toplom, bogatom i prijatnom mirisu sve\u017ee pripremljenog espresa.<br \/>\nOboga\u0107eno visokokvalitetnim etarskim uljem kafe, ovo ulje za negu brade pru\u017ea slatkast, kremast miris kafe koji odmah budi ose\u0107aj kao da si zakora\u010dio u omiljeni kafi\u0107. Vi\u0161e od obi\u010dnog mirisa \u2013 ovo je dnevni ritual u\u017eivanja, osmi\u0161ljen za modernog mu\u0161karca koji zna da ceni male stvari.<\/p>\n<p>Ru\u010dno punjeno u malim serijama i napravljeno od najfinijih 100% prirodnih sastojaka, Barista ulje za bradu dubinski hidrira, neguje i omek\u0161ava tvoju bradu, istovremeno \u0161tite\u0107i i umiruju\u0107i ko\u017eu ispod nje. Poma\u017ee u spre\u010davanju suvo\u0107e, perutanja, svraba i lomljenja dlake, ostavljaju\u0107i bradu zdravijom, glatkom i savr\u0161eno mirisnom.<\/p>\n<p>\u279c Slatkast, kremast miris kafe<br \/>\n\u279c Napravljeno od 100% prirodnih, visokokvalitetnih sastojaka<br \/>\n\u279c Dubinski hidrira i neguje bradu i ko\u017eu<br \/>\n\u279c Smanjuje suvo\u0107u, svrab i perutanje<br \/>\n\u279c Ja\u010da i omek\u0161ava grubu dlaku<br \/>\n\u279c Ru\u010dno sipano u malim serijama za postojan kvalitet<br \/>\n\u279c Savr\u0161eno za svakodnevnu negu uz topao i prijatan miris<\/p>\n<p><em><strong>Sastav<\/strong>: ulje jojobe, badema, semenki gro\u017e\u0111a, kokosa, ricinusa, konoplje, vitamin E, eteri\u010dno ulje kafe, 2 zrna kafe.<\/em><\/p>\n<p><em>\u2705 Na\u0161i proizvodi su klini\u010dki ispitani u akreditovanoj laboratoriji i poseduju izve\u0161taj o zdravstvenoj ispravnosti.<\/em><\/p>\n","protected":false},"featured_media":2848,"comment_status":"open","ping_status":"closed","template":"","meta":{"_acf_changed":false},"product_brand":[],"product_cat":[51],"product_tag":[],"class_list":{"0":"post-407","1":"product","2":"type-product","3":"status-publish","4":"has-post-thumbnail","6":"product_cat-premium-ulja-za-bradu","8":"first","9":"instock","10":"shipping-taxable","11":"purchasable","12":"product-type-variable"},"acf":[],"aioseo_notices":[],"_links":{"self":[{"href":"https:\/\/www.thegoldenspartan.com\/sr\/wp-json\/wp\/v2\/product\/407","targetHints":{"allow":["GET"]}}],"collection":[{"href":"https:\/\/www.thegoldenspartan.com\/sr\/wp-json\/wp\/v2\/product"}],"about":[{"href":"https:\/\/www.thegoldenspartan.com\/sr\/wp-json\/wp\/v2\/types\/product"}],"replies":[{"embeddable":true,"href":"https:\/\/www.thegoldenspartan.com\/sr\/wp-json\/wp\/v2\/comments?post=407"}],"wp:featuredmedia":[{"embeddable":true,"href":"https:\/\/www.thegoldenspartan.com\/sr\/wp-json\/wp\/v2\/media\/2848"}],"wp:attachment":[{"href":"https:\/\/www.thegoldenspartan.com\/sr\/wp-json\/wp\/v2\/media?parent=407"}],"wp:term":[{"taxonomy":"product_brand","embeddable":true,"href":"https:\/\/www.thegoldenspartan.com\/sr\/wp-json\/wp\/v2\/product_brand?post=407"},{"taxonomy":"product_cat","embeddable":true,"href":"https:\/\/www.thegoldenspartan.com\/sr\/wp-json\/wp\/v2\/product_cat?post=407"},{"taxonomy":"product_tag","embeddable":true,"href":"https:\/\/www.thegoldenspartan.com\/sr\/wp-json\/wp\/v2\/product_tag?post=407"}],"curies":[{"name":"wp","href":"https:\/\/api.w.org\/{rel}","templated":true}]}}