{"id":4502,"date":"2019-02-13T08:35:49","date_gmt":"2019-02-13T08:35:49","guid":{"rendered":"https:\/\/www.thegoldenspartan.com\/?post_type=product&#038;p=4502"},"modified":"2025-06-20T11:54:30","modified_gmt":"2025-06-20T11:54:30","slug":"balzam-za-usne","status":"publish","type":"product","link":"https:\/\/www.thegoldenspartan.com\/sr\/shop\/nega-tela\/balzam-za-usne\/","title":{"rendered":"Balzam za usne"},"content":{"rendered":"","protected":false},"excerpt":{"rendered":"<p><strong>Meke Usne. \u010cvrst Stav.<\/strong><br \/>\nSuve, ispucale i vetru izlo\u017eene usne nemaju \u0161anse protiv The Golden Spartan Premium balzama za usne \u2014 tvoje svakodnevne za\u0161tite za meke, zdrave usne. Bilo da se suo\u010dava\u0161 sa vetrom, hladno\u0107om ili jakim suncem, na\u0161 balzam hidrira usne i pru\u017ea prirodnu barijeru.<br \/>\nRu\u010dno izra\u0111en i 100% prirodan, ovaj balzam sadr\u017ei mo\u0107nu me\u0161avinu biljnih ulja i putera, oboga\u0107enu vitaminom E i pantenolom za dubinsku regeneraciju i dugotrajnu hidrataciju. Bez ve\u0161ta\u010dkih sastojaka. Bez petroleja.<br \/>\nIdealan za svakodnevnu upotrebu, balzam se lako nanosi, ne ostavlja mastan ose\u0107aj i ne lepi se \u2014 tvoje usne postaju trenutno mek\u0161e i prirodno za\u0161ti\u0107ene.<\/p>\n<p>\u279c 100% prirodna formula \u2013 bez parabena, petroleuma i ve\u0161ta\u010dkih dodataka<br \/>\n\u279c Dubinska hidratacija i obnova \u2013 protiv suvo\u0107e, pucanja i iritacija<br \/>\n\u279c Vitamin E i pantenol \u2013 za umirivanje i regeneraciju ko\u017ee<br \/>\n\u279c Savr\u0161en za svaki dan \u2013 tokom cele godine, u svim uslovima<\/p>\n<p><strong>Sadr\u017eaj<\/strong>: Beli p\u010delinji vosak, kakao puter, \u0161ea puter, ulje jojobe, ulje badema, vitamin E, pantenol.<\/p>\n<p>\u2705 Na\u0161i proizvodi su klini\u010dki ispitani u akreditovanoj laboratoriji i poseduju izve\u0161taj o zdravstvenoj ispravnosti.<\/p>\n","protected":false},"featured_media":4524,"comment_status":"open","ping_status":"closed","template":"","meta":{"_acf_changed":false},"product_brand":[],"product_cat":[65],"product_tag":[],"class_list":{"0":"post-4502","1":"product","2":"type-product","3":"status-publish","4":"has-post-thumbnail","6":"product_cat-nega-tela","8":"first","9":"instock","10":"shipping-taxable","11":"purchasable","12":"product-type-simple"},"acf":[],"aioseo_notices":[],"_links":{"self":[{"href":"https:\/\/www.thegoldenspartan.com\/sr\/wp-json\/wp\/v2\/product\/4502","targetHints":{"allow":["GET"]}}],"collection":[{"href":"https:\/\/www.thegoldenspartan.com\/sr\/wp-json\/wp\/v2\/product"}],"about":[{"href":"https:\/\/www.thegoldenspartan.com\/sr\/wp-json\/wp\/v2\/types\/product"}],"replies":[{"embeddable":true,"href":"https:\/\/www.thegoldenspartan.com\/sr\/wp-json\/wp\/v2\/comments?post=4502"}],"wp:featuredmedia":[{"embeddable":true,"href":"https:\/\/www.thegoldenspartan.com\/sr\/wp-json\/wp\/v2\/media\/4524"}],"wp:attachment":[{"href":"https:\/\/www.thegoldenspartan.com\/sr\/wp-json\/wp\/v2\/media?parent=4502"}],"wp:term":[{"taxonomy":"product_brand","embeddable":true,"href":"https:\/\/www.thegoldenspartan.com\/sr\/wp-json\/wp\/v2\/product_brand?post=4502"},{"taxonomy":"product_cat","embeddable":true,"href":"https:\/\/www.thegoldenspartan.com\/sr\/wp-json\/wp\/v2\/product_cat?post=4502"},{"taxonomy":"product_tag","embeddable":true,"href":"https:\/\/www.thegoldenspartan.com\/sr\/wp-json\/wp\/v2\/product_tag?post=4502"}],"curies":[{"name":"wp","href":"https:\/\/api.w.org\/{rel}","templated":true}]}}