{"id":5210,"date":"2019-04-19T13:02:00","date_gmt":"2019-04-19T13:02:00","guid":{"rendered":"https:\/\/www.thegoldenspartan.com\/?post_type=product&#038;p=5210"},"modified":"2025-06-23T12:44:07","modified_gmt":"2025-06-23T12:44:07","slug":"sapun-za-brijanje","status":"publish","type":"product","link":"https:\/\/www.thegoldenspartan.com\/sr\/shop\/brijanje\/sapun-za-brijanje\/","title":{"rendered":"Sapun za brijanje"},"content":{"rendered":"","protected":false},"excerpt":{"rendered":"<p><strong>Brijanje koje bi i tvoj deda po\u0161tovao.<\/strong><br \/>\nThe Golden Spartan Sapun za Brijanje \u2014 ru\u010dne izrade, sa tradicionalnom formulom na bazi loja i 100% prirodnih sastojaka, ovaj sapun je formulisan da umiri \u010dak i najosetljiviju ko\u017eu. Bez parabena. Bez ve\u0161ta\u010dkih boja. Bez sinteti\u010dkih punioca. Samo \u010dista, hranljiva nega koja ostavlja tvoju ko\u017eu hidriranom, glatkom i bez iritacija od brijanja.<br \/>\nDizajniran da stvori gustu, bogatu i za\u0161titnu penu \u2014 \u010dak i u tvrdoj vodi \u2014 na\u0161 sapun za brijanje pobolj\u0161ava klizanje brija\u010da i smanjuje trenje, omogu\u0107avaju\u0107i ti najbli\u017ee mogu\u0107e brijanje bez crvenila, posekotina ili neprijatnosti. Bilo da koristi\u0161 klasi\u010dni ili moderni brija\u010d, ovaj sapun ti pru\u017ea idealnu podlogu i hidrataciju.<\/p>\n<p>Oboga\u0107en na\u0161im prepoznatljivim Blue Lagoon mirisom, kombinuje mu\u017eevnu sve\u017einu sa bezvremenskom elegancijom starih berbernica. <\/p>\n<p>\u279c Tradicionalna formula sa lojem<br \/>\n\u279c 100% prirodan \u2013 bez parabena, ve\u0161ta\u010dkih mirisa i hemikalija<br \/>\n\u279c \u0160titi i neguje \u2013 idealan za osetljivu ko\u017eu<br \/>\n\u279c Glatko i prijatno brijanje \u2013 bez iritacija<br \/>\n\u279c Bogata pena \u010dak i u tvrdoj vodi<br \/>\n\u279c Mu\u017eevni Blue Lagoon miris<\/p>\n<p>\u2705 Na\u0161i proizvodi su klini\u010dki ispitani u akreditovanoj laboratoriji i poseduju izve\u0161taj o zdravstvenoj ispravnosti.<\/p>\n","protected":false},"featured_media":5362,"comment_status":"open","ping_status":"closed","template":"","meta":{"_acf_changed":false},"product_brand":[],"product_cat":[67],"product_tag":[],"class_list":{"0":"post-5210","1":"product","2":"type-product","3":"status-publish","4":"has-post-thumbnail","6":"product_cat-brijanje","8":"first","9":"instock","10":"shipping-taxable","11":"purchasable","12":"product-type-simple"},"acf":[],"aioseo_notices":[],"_links":{"self":[{"href":"https:\/\/www.thegoldenspartan.com\/sr\/wp-json\/wp\/v2\/product\/5210","targetHints":{"allow":["GET"]}}],"collection":[{"href":"https:\/\/www.thegoldenspartan.com\/sr\/wp-json\/wp\/v2\/product"}],"about":[{"href":"https:\/\/www.thegoldenspartan.com\/sr\/wp-json\/wp\/v2\/types\/product"}],"replies":[{"embeddable":true,"href":"https:\/\/www.thegoldenspartan.com\/sr\/wp-json\/wp\/v2\/comments?post=5210"}],"wp:featuredmedia":[{"embeddable":true,"href":"https:\/\/www.thegoldenspartan.com\/sr\/wp-json\/wp\/v2\/media\/5362"}],"wp:attachment":[{"href":"https:\/\/www.thegoldenspartan.com\/sr\/wp-json\/wp\/v2\/media?parent=5210"}],"wp:term":[{"taxonomy":"product_brand","embeddable":true,"href":"https:\/\/www.thegoldenspartan.com\/sr\/wp-json\/wp\/v2\/product_brand?post=5210"},{"taxonomy":"product_cat","embeddable":true,"href":"https:\/\/www.thegoldenspartan.com\/sr\/wp-json\/wp\/v2\/product_cat?post=5210"},{"taxonomy":"product_tag","embeddable":true,"href":"https:\/\/www.thegoldenspartan.com\/sr\/wp-json\/wp\/v2\/product_tag?post=5210"}],"curies":[{"name":"wp","href":"https:\/\/api.w.org\/{rel}","templated":true}]}}