{"id":5620,"date":"2019-06-03T11:53:08","date_gmt":"2019-06-03T11:53:08","guid":{"rendered":"https:\/\/www.thegoldenspartan.com\/?post_type=product&#038;p=5620"},"modified":"2025-06-23T12:31:22","modified_gmt":"2025-06-23T12:31:22","slug":"blue-lagoon-losion-posle-brijanja","status":"publish","type":"product","link":"https:\/\/www.thegoldenspartan.com\/sr\/shop\/brijanje\/blue-lagoon-losion-posle-brijanja\/","title":{"rendered":"BLUE LAGOON losion posle brijanja"},"content":{"rendered":"","protected":false},"excerpt":{"rendered":"<p><strong>Umiri. Hidriraj. Osve\u017ei.<\/strong><br \/>\nThe Golden Spartan Blue Lagoon Aftershave nije jo\u0161 jedan obi\u010dan losion posle brijanja \u2013 ve\u0107 pa\u017eljivo osmi\u0161ljena nega za modernog mu\u0161karca koji po\u0161tuje tradiciju i o\u010dekuje vrhunske rezultate.<br \/>\nPrilago\u0111en i najosetljivijoj ko\u017ei, ovaj aftershave ne samo da spre\u010dava peckanje, ve\u0107 pru\u017ea kompletnu negu nakon brijanja. \u010cak i najpreciznije brijanje ostavlja sitne iritacije koje izazivaju crvenilo i neprijatan ose\u0107aj. Tu nastupa Blue Lagoon aftershave \u2013 kao osve\u017eavaju\u0107i saveznik koji umiruje ko\u017eu i vra\u0107a joj ravnote\u017eu.<\/p>\n<p>Oboga\u0107en hamamelisom, aloe verom i pantenolom, ovaj luksuzni blend smiruje upaljenu ko\u017eu, dubinski hidrira i ubrzava oporavak ko\u017ee \u2013 ostavljaju\u0107i tvoje lice glatkim, sve\u017eim i bez iritacija od brijanja.<br \/>\nZavr\u0161ni dodir? Suptilna, prijatna sve\u017eina zahvaljuju\u0107i prirodnim etarskim uljima nane i eukaliptusa, upotpunjena na\u0161im prepoznatljivim Blue Lagoon mirisom \u2013 mu\u017eevnim, \u010distim i sa \u0161armom starinskih berbernica.<\/p>\n<p>\u279c Umiruje i ubla\u017eava iritacije nakon brijanja<br \/>\n\u279c Hidriraju\u0107a nega sa aloe verom i pantenolom<br \/>\n\u279c Antiinflamatorno dejstvo zahvaljuju\u0107i hamamelisu<br \/>\n\u279c Ose\u0107aj hla\u0111enja uz prirodna ulja nane i eukaliptusa<br \/>\n\u279c Blue Lagoon miris \u2013 osve\u017eavaju\u0107, \u010dist i bezvremenski<\/p>\n<p><strong>Sadr\u017eaj<\/strong>: Destilovana voda, alkohol, destilat hamamelisa, aloe vera, pantenol, etericno ulje eukaliptusa i mente, miris, glukonolakton, polisorbat 80, ultramarine plava boja.<\/p>\n<p>\u2705 Na\u0161i proizvodi su klini\u010dki ispitani u akreditovanoj laboratoriji i poseduju izve\u0161taj o zdravstvenoj ispravnosti.<\/p>\n","protected":false},"featured_media":6167,"comment_status":"open","ping_status":"closed","template":"","meta":{"_acf_changed":false},"product_brand":[],"product_cat":[67],"product_tag":[],"class_list":{"0":"post-5620","1":"product","2":"type-product","3":"status-publish","4":"has-post-thumbnail","6":"product_cat-brijanje","8":"first","9":"instock","10":"shipping-taxable","11":"purchasable","12":"product-type-simple"},"acf":[],"aioseo_notices":[],"_links":{"self":[{"href":"https:\/\/www.thegoldenspartan.com\/sr\/wp-json\/wp\/v2\/product\/5620","targetHints":{"allow":["GET"]}}],"collection":[{"href":"https:\/\/www.thegoldenspartan.com\/sr\/wp-json\/wp\/v2\/product"}],"about":[{"href":"https:\/\/www.thegoldenspartan.com\/sr\/wp-json\/wp\/v2\/types\/product"}],"replies":[{"embeddable":true,"href":"https:\/\/www.thegoldenspartan.com\/sr\/wp-json\/wp\/v2\/comments?post=5620"}],"wp:featuredmedia":[{"embeddable":true,"href":"https:\/\/www.thegoldenspartan.com\/sr\/wp-json\/wp\/v2\/media\/6167"}],"wp:attachment":[{"href":"https:\/\/www.thegoldenspartan.com\/sr\/wp-json\/wp\/v2\/media?parent=5620"}],"wp:term":[{"taxonomy":"product_brand","embeddable":true,"href":"https:\/\/www.thegoldenspartan.com\/sr\/wp-json\/wp\/v2\/product_brand?post=5620"},{"taxonomy":"product_cat","embeddable":true,"href":"https:\/\/www.thegoldenspartan.com\/sr\/wp-json\/wp\/v2\/product_cat?post=5620"},{"taxonomy":"product_tag","embeddable":true,"href":"https:\/\/www.thegoldenspartan.com\/sr\/wp-json\/wp\/v2\/product_tag?post=5620"}],"curies":[{"name":"wp","href":"https:\/\/api.w.org\/{rel}","templated":true}]}}