{"id":5686,"date":"2019-06-10T11:49:59","date_gmt":"2019-06-10T11:49:59","guid":{"rendered":"https:\/\/www.thegoldenspartan.com\/?post_type=product&#038;p=5686"},"modified":"2025-06-20T11:13:23","modified_gmt":"2025-06-20T11:13:23","slug":"dezodorans","status":"publish","type":"product","link":"https:\/\/www.thegoldenspartan.com\/sr\/shop\/nega-tela\/dezodorans\/","title":{"rendered":"Dezodorans"},"content":{"rendered":"","protected":false},"excerpt":{"rendered":"<p><strong>Prirodan. Efikasan. Svakodnevni saveznik.<\/strong><br \/>\nDosta ti je brige oko sastava svog dezodoransa i njegove efikasnosti? Vreme je da ka\u017ee\u0161 zbogom agresivnim hemikalijama i izabere\u0161 potpuno prirodan pristup.<br \/>\nPredstavljamo ti na\u0161 100% Prirodni Dezodorans \u2013 \u010dista, efikasna i prema ko\u017ei ne\u017ena formula koja se bori protiv neprijatnih mirisa bez za\u010depljivanja pora i ugro\u017eavanja tvog zdravlja. Namenjen za svakodnevnu upotrebu i sve tipove ko\u017ee, ovaj dezodorans koristi idealnu koli\u010dinu sode bikarbone koja spre\u010dava bakterije koje izazivaju neugodne mirise \u2013 obezbe\u0111uju\u0107i ti sve\u017einu od izlaska do zalaska sunca.<br \/>\nZa razliku od sinteti\u010dkih dezodoransa koji samo maskiraju miris i pune tvoju ko\u017eu toksinima, na\u0161 dezodorans omogu\u0107ava tvojim porama da di\u0161u.<br \/>\nBez aluminijuma. Bez parabena. Bez alkohola. Samo pa\u017eljivo odabrana kombinacija kokosovog ulja, \u0161ea putera i pantenola za negu i za\u0161titu \u010dak i najosetljivije ko\u017ee.<br \/>\nBilo da ide\u0161 u teretanu, na posao ili osvajanje prirode \u2013 na\u0161 dezodorans donosi ti pru\u017ea potrebnu za\u0161titu.<\/p>\n<p>\u279c 100% prirodna formula \u2013 bez aluminijuma, parabena, ftalata, alkohola i mineralnih ulja<br \/>\n\u279c Efikasna za\u0161tita od neprijatnih mirisa \u2013 neutrali\u0161e bakterije bez za\u010depljivanja pora<br \/>\n\u279c Blag prema ko\u017ei \u2013 oboga\u0107en kokosovim uljem, \u0161i puterom i pantenolom<br \/>\n\u279c Idealno za svakodnevnu upotrebu \u2013 efikasan, neiritiraju\u0107i, za sve tipove ko\u017ee<br \/>\n\u279c Bez lepljivih ostataka \u2013 lako se nanosi i brzo upija<br \/>\n\u279c Ru\u010dno pravljen \u2013 u malim serijama, za vrhunski kvalitet<\/p>\n<p><strong>Sadr\u017eaj<\/strong>: Kokosovo ulje, \u0161ea puter, cera alba, pantenol, vitamin E, soda bikarbona, miris, eteri\u010dno ulje mente.<\/p>\n<p>\u2705 Na\u0161i proizvodi su klini\u010dki ispitani u akreditovanoj laboratoriji i poseduju izve\u0161taj o zdravstvenoj ispravnosti.<\/p>\n","protected":false},"featured_media":5783,"comment_status":"open","ping_status":"closed","template":"","meta":{"_acf_changed":false},"product_brand":[],"product_cat":[65],"product_tag":[],"class_list":{"0":"post-5686","1":"product","2":"type-product","3":"status-publish","4":"has-post-thumbnail","6":"product_cat-nega-tela","8":"first","9":"instock","10":"shipping-taxable","11":"purchasable","12":"product-type-simple"},"acf":[],"aioseo_notices":[],"_links":{"self":[{"href":"https:\/\/www.thegoldenspartan.com\/sr\/wp-json\/wp\/v2\/product\/5686","targetHints":{"allow":["GET"]}}],"collection":[{"href":"https:\/\/www.thegoldenspartan.com\/sr\/wp-json\/wp\/v2\/product"}],"about":[{"href":"https:\/\/www.thegoldenspartan.com\/sr\/wp-json\/wp\/v2\/types\/product"}],"replies":[{"embeddable":true,"href":"https:\/\/www.thegoldenspartan.com\/sr\/wp-json\/wp\/v2\/comments?post=5686"}],"wp:featuredmedia":[{"embeddable":true,"href":"https:\/\/www.thegoldenspartan.com\/sr\/wp-json\/wp\/v2\/media\/5783"}],"wp:attachment":[{"href":"https:\/\/www.thegoldenspartan.com\/sr\/wp-json\/wp\/v2\/media?parent=5686"}],"wp:term":[{"taxonomy":"product_brand","embeddable":true,"href":"https:\/\/www.thegoldenspartan.com\/sr\/wp-json\/wp\/v2\/product_brand?post=5686"},{"taxonomy":"product_cat","embeddable":true,"href":"https:\/\/www.thegoldenspartan.com\/sr\/wp-json\/wp\/v2\/product_cat?post=5686"},{"taxonomy":"product_tag","embeddable":true,"href":"https:\/\/www.thegoldenspartan.com\/sr\/wp-json\/wp\/v2\/product_tag?post=5686"}],"curies":[{"name":"wp","href":"https:\/\/api.w.org\/{rel}","templated":true}]}}