{"id":6636,"date":"2019-09-25T13:28:01","date_gmt":"2019-09-25T13:28:01","guid":{"rendered":"https:\/\/www.thegoldenspartan.com\/?post_type=product&#038;p=6636"},"modified":"2025-08-27T08:11:02","modified_gmt":"2025-08-27T08:11:02","slug":"imperial-ulje-za-bradu","status":"publish","type":"product","link":"https:\/\/www.thegoldenspartan.com\/sr\/shop\/premium-ulja-za-bradu\/imperial-ulje-za-bradu\/","title":{"rendered":"IMPERIAL ulje za bradu"},"content":{"rendered":"","protected":false},"excerpt":{"rendered":"<p><strong>Ekskluzivnost u svakoj kapi. Neguj se kao car.<\/strong><br \/>\nImperial ulje za bradu nije samo jo\u0161 jedan preparat za negu brade \u2014 to je iskustvo rezervisano za one sa stilom. Nastalo na osnovu na\u0161e EKSKLUZIVNE formule, ovo ulje za negu brade je plod godina posve\u0107enog istra\u017eivanja, stru\u010dnog razvijanja i realnog testiranja. Rezultat? Ulje za bradu koje je toliko luksuzno i delotvorno da sa pravom nosi ime Imperial. Ve\u0107 pri prvom dodiru oseti\u0107e\u0161 razliku. Svilenkasta tekstura, bogata konzistencija i sofisticirani miris pru\u017eaju ti ose\u0107aj nege kakav zaslu\u017euje samo pravi gospodin.<\/p>\n<p>Napravljen od najfinijih 100% prirodnih sastojaka i ru\u010dno punjen u malim serijama, Imperial dubinski hidrira, omek\u0161ava i revitalizuje tvoju bradu i ko\u017eu ispod nje. Poma\u017ee u borbi protiv suvo\u0107e, perutanja, svraba i lomljenja dlake, ostavljaju\u0107i bradu urednom, sna\u017enom i besprekorno stilizovanom.<\/p>\n<p>\u279c EKSKLUZIVNA formula, stvorena za vrhunsku negu<br \/>\n\u279c Sadr\u017ei 100% prirodne sastojke premium kvaliteta<br \/>\n\u279c Obezbe\u0111uje dubinsku hidrataciju i regeneraciju<br \/>\n\u279c Suzbija suvo\u0107u, perut, svrab i grubu dlaku<br \/>\n\u279c Ja\u010da dlaku i \u010dini je mek\u0161om i lak\u0161om za oblikovanje<br \/>\n\u279c Ru\u010dno punjeno u malim serijama, sa posebnom pa\u017enjom<br \/>\n\u279c Za mu\u0161karce koji tra\u017ee profesionalnu negu brade<\/p>\n<p><em><strong>Sastav<\/strong>: ulje argana, ulje jojobe, ulje amle, ulje pekan oraha, ulje ricinusa, ulje \u017eutog no\u0107urka, vitamin E, vitamin A, eteri\u010dna i mirisna ulja.<\/em><\/p>\n<p><em>\u2705 Na\u0161i proizvodi su klini\u010dki ispitani u akreditovanoj laboratoriji i poseduju izve\u0161taj o zdravstvenoj ispravnosti.<\/em><\/p>\n","protected":false},"featured_media":6640,"comment_status":"open","ping_status":"closed","template":"","meta":{"_acf_changed":false},"product_brand":[],"product_cat":[51],"product_tag":[],"class_list":{"0":"post-6636","1":"product","2":"type-product","3":"status-publish","4":"has-post-thumbnail","6":"product_cat-premium-ulja-za-bradu","8":"first","9":"instock","10":"shipping-taxable","11":"purchasable","12":"product-type-simple"},"acf":[],"aioseo_notices":[],"_links":{"self":[{"href":"https:\/\/www.thegoldenspartan.com\/sr\/wp-json\/wp\/v2\/product\/6636","targetHints":{"allow":["GET"]}}],"collection":[{"href":"https:\/\/www.thegoldenspartan.com\/sr\/wp-json\/wp\/v2\/product"}],"about":[{"href":"https:\/\/www.thegoldenspartan.com\/sr\/wp-json\/wp\/v2\/types\/product"}],"replies":[{"embeddable":true,"href":"https:\/\/www.thegoldenspartan.com\/sr\/wp-json\/wp\/v2\/comments?post=6636"}],"wp:featuredmedia":[{"embeddable":true,"href":"https:\/\/www.thegoldenspartan.com\/sr\/wp-json\/wp\/v2\/media\/6640"}],"wp:attachment":[{"href":"https:\/\/www.thegoldenspartan.com\/sr\/wp-json\/wp\/v2\/media?parent=6636"}],"wp:term":[{"taxonomy":"product_brand","embeddable":true,"href":"https:\/\/www.thegoldenspartan.com\/sr\/wp-json\/wp\/v2\/product_brand?post=6636"},{"taxonomy":"product_cat","embeddable":true,"href":"https:\/\/www.thegoldenspartan.com\/sr\/wp-json\/wp\/v2\/product_cat?post=6636"},{"taxonomy":"product_tag","embeddable":true,"href":"https:\/\/www.thegoldenspartan.com\/sr\/wp-json\/wp\/v2\/product_tag?post=6636"}],"curies":[{"name":"wp","href":"https:\/\/api.w.org\/{rel}","templated":true}]}}