{"id":721,"date":"2018-02-21T13:21:23","date_gmt":"2018-02-21T13:21:23","guid":{"rendered":"http:\/\/www.thegoldenspartan.com\/shop\/uncategorized\/beard-oil-luxury-gift-set\/"},"modified":"2025-06-12T13:13:28","modified_gmt":"2025-06-12T13:13:28","slug":"lux-set-ulje-za-bradu","status":"publish","type":"product","link":"https:\/\/www.thegoldenspartan.com\/sr\/shop\/setovi\/lux-set-ulje-za-bradu\/","title":{"rendered":"LUX SET ulje za bradu"},"content":{"rendered":"","protected":false},"excerpt":{"rendered":"<p><strong>4 vrhunska ulja. Jedna luksuzna kutija.<\/strong><br \/>\nPru\u017ei svojoj bradi tretman kakav zaslu\u017euje \u2013 ili obraduj bradonju u svom \u017eivotu poklonom koji zaista ostavlja utisak. The Golden Spartan Lux Set ulje za bradu nije samo poklon, ve\u0107 celokupno iskustvo nege brade, za one koji s ponosom nose svoju bradu.<br \/>\nU elegantnoj kutiji od punog drveta oraha nalaze se \u010detiri na\u0161a ulja za bradu, svako napravljeno od 100% prirodnih sastojaka. Ova ulja za bradz dubinski hidriraju, omek\u0161avaju i ja\u010daju bradu, dok istovremeno neguju ko\u017eu ispod nje.<br \/>\nBilo da \u017eeli\u0161 da istra\u017ei\u0161 razli\u010dite mirisne note ili pokloni\u0161 ne\u0161to posebno \u2014 ovaj set donosi raznovrsnost, vrhunski kvalitet i luksuz u svakoj kapi.<\/p>\n<p>Set sadr\u017ei:<\/p>\n<p>4 x 30ml premium ulja za Bradu \u2013 za hidrataciju, sjaj i zdravu bradu<br \/>\n1 x luksuzna kutija od punog orahovog drveta \u2013 idealna za poklon ili li\u010dnu kolekciju<\/p>\n","protected":false},"featured_media":11976,"comment_status":"open","ping_status":"closed","template":"","meta":{"_acf_changed":false},"product_brand":[],"product_cat":[54],"product_tag":[],"class_list":{"0":"post-721","1":"product","2":"type-product","3":"status-publish","4":"has-post-thumbnail","6":"product_cat-setovi","8":"first","9":"instock","10":"shipping-taxable","11":"purchasable","12":"product-type-variable"},"acf":[],"aioseo_notices":[],"_links":{"self":[{"href":"https:\/\/www.thegoldenspartan.com\/sr\/wp-json\/wp\/v2\/product\/721","targetHints":{"allow":["GET"]}}],"collection":[{"href":"https:\/\/www.thegoldenspartan.com\/sr\/wp-json\/wp\/v2\/product"}],"about":[{"href":"https:\/\/www.thegoldenspartan.com\/sr\/wp-json\/wp\/v2\/types\/product"}],"replies":[{"embeddable":true,"href":"https:\/\/www.thegoldenspartan.com\/sr\/wp-json\/wp\/v2\/comments?post=721"}],"wp:featuredmedia":[{"embeddable":true,"href":"https:\/\/www.thegoldenspartan.com\/sr\/wp-json\/wp\/v2\/media\/11976"}],"wp:attachment":[{"href":"https:\/\/www.thegoldenspartan.com\/sr\/wp-json\/wp\/v2\/media?parent=721"}],"wp:term":[{"taxonomy":"product_brand","embeddable":true,"href":"https:\/\/www.thegoldenspartan.com\/sr\/wp-json\/wp\/v2\/product_brand?post=721"},{"taxonomy":"product_cat","embeddable":true,"href":"https:\/\/www.thegoldenspartan.com\/sr\/wp-json\/wp\/v2\/product_cat?post=721"},{"taxonomy":"product_tag","embeddable":true,"href":"https:\/\/www.thegoldenspartan.com\/sr\/wp-json\/wp\/v2\/product_tag?post=721"}],"curies":[{"name":"wp","href":"https:\/\/api.w.org\/{rel}","templated":true}]}}