{"id":761,"date":"2018-02-21T13:33:25","date_gmt":"2018-02-21T13:33:25","guid":{"rendered":"http:\/\/www.thegoldenspartan.com\/shop\/uncategorized\/beard-station-luxury-gift-set\/"},"modified":"2025-06-16T13:09:41","modified_gmt":"2025-06-16T13:09:41","slug":"beard-station-lux-set","status":"publish","type":"product","link":"https:\/\/www.thegoldenspartan.com\/sr\/shop\/setovi\/beard-station-lux-set\/","title":{"rendered":"Beard Station Lux Set"},"content":{"rendered":"","protected":false},"excerpt":{"rendered":"<p><strong>Luksuzna Nega. Jedna Elegantna Stanica.<\/strong><br \/>\nZaboravi na razbacane proizvode i pretrpane fioke \u2014 Na\u0161 Beard Station Gift Set donosi eleganciju, red i vrhunsku negu u jednom sofisticiranom paketu. Dizajniran za prave ljubitelje brade; vi\u0161e od rutine &#8211; ovaj set je komad koji zaslu\u017euje da bude izlo\u017een.<br \/>\nU srcu seta nalazi se ru\u010dno izra\u0111ena drvena stanica za bradu, stvorena da tvoje omiljene proizvode za negu dr\u017ei organizovano i na dohvat ruke. Bez tra\u017eenja po policama i fiokama \u2014 samo efikasna, uredna i stilizovana nega, svakog dana.<br \/>\nBilo da unapre\u0111uje\u0161 sopstveni ritual ili tra\u017ei\u0161 savr\u0161en poklon za bradonju, ovaj luksuzni set predstavlja idealan spoj funkcionalnosti i prefinjenosti.<\/p>\n<p>Set sadr\u017ei:<\/p>\n<p>    2 x 30ml Premium ulja za bradu po izboru<br \/>\n    1 x 50g Premium balzam za bradu po izboru<br \/>\n    1 x \u010de\u0161alj za bradu po izboru<br \/>\n    1 x Drvena stanica za bradu (16cm x 14cm)<\/p>\n","protected":false},"featured_media":2932,"comment_status":"open","ping_status":"closed","template":"","meta":{"_acf_changed":false},"product_brand":[],"product_cat":[54],"product_tag":[],"class_list":{"0":"post-761","1":"product","2":"type-product","3":"status-publish","4":"has-post-thumbnail","6":"product_cat-setovi","8":"first","9":"instock","10":"shipping-taxable","11":"purchasable","12":"product-type-variable"},"acf":[],"aioseo_notices":[],"_links":{"self":[{"href":"https:\/\/www.thegoldenspartan.com\/sr\/wp-json\/wp\/v2\/product\/761","targetHints":{"allow":["GET"]}}],"collection":[{"href":"https:\/\/www.thegoldenspartan.com\/sr\/wp-json\/wp\/v2\/product"}],"about":[{"href":"https:\/\/www.thegoldenspartan.com\/sr\/wp-json\/wp\/v2\/types\/product"}],"replies":[{"embeddable":true,"href":"https:\/\/www.thegoldenspartan.com\/sr\/wp-json\/wp\/v2\/comments?post=761"}],"wp:featuredmedia":[{"embeddable":true,"href":"https:\/\/www.thegoldenspartan.com\/sr\/wp-json\/wp\/v2\/media\/2932"}],"wp:attachment":[{"href":"https:\/\/www.thegoldenspartan.com\/sr\/wp-json\/wp\/v2\/media?parent=761"}],"wp:term":[{"taxonomy":"product_brand","embeddable":true,"href":"https:\/\/www.thegoldenspartan.com\/sr\/wp-json\/wp\/v2\/product_brand?post=761"},{"taxonomy":"product_cat","embeddable":true,"href":"https:\/\/www.thegoldenspartan.com\/sr\/wp-json\/wp\/v2\/product_cat?post=761"},{"taxonomy":"product_tag","embeddable":true,"href":"https:\/\/www.thegoldenspartan.com\/sr\/wp-json\/wp\/v2\/product_tag?post=761"}],"curies":[{"name":"wp","href":"https:\/\/api.w.org\/{rel}","templated":true}]}}