{"id":764,"date":"2018-02-21T10:02:27","date_gmt":"2018-02-21T10:02:27","guid":{"rendered":"http:\/\/www.thegoldenspartan.com\/shop\/uncategorized\/citrus-island-premium-beard-oil\/"},"modified":"2026-03-09T09:06:02","modified_gmt":"2026-03-09T09:06:02","slug":"citrus-island-ulje-za-bradu","status":"publish","type":"product","link":"https:\/\/www.thegoldenspartan.com\/sr\/shop\/premium-ulja-za-bradu\/citrus-island-ulje-za-bradu\/","title":{"rendered":"CITRUS ISLAND ulje za bradu"},"content":{"rendered":"","protected":false},"excerpt":{"rendered":"<p><strong>Tropski ose\u0107aj za tvoju bradu. Tokom celog dana.<\/strong><br \/>\nZatvori o\u010di i prepusti se mirisu leta \u2013 Citrus Island ulje za bradu donosi osve\u017eavaju\u0107e citrusne note koje \u0107e te, sa svakom kapljicom, odvesti pravo na tropsko ostrvo. Par kapi ujutru i tvoja brada \u0107e ceo dan mirisati sve\u017ee, dok se miris postepeno razvija i otkriva svoju punu snagu.<\/p>\n<p>Formulisano sa 100% prirodnim sastojcima, na\u0161e ulje dubinski hidrira, neguje i \u0161titi tvoju bradu. Umiruje svrab, elimini\u0161e perutanje i ja\u010da dlaku od korena do vrha. Rezultat? Meka, uredna i stilizovana brada koja izgleda i miri\u0161e fantasti\u010dno.<\/p>\n<p>\u279c Osve\u017eavaju\u0107i citrusni miris koji traje ceo dan<br \/>\n\u279c Napravljen od 100% prirodnih sastojaka<br \/>\n\u279c Dubinska hidratacija bez masnog ose\u0107aja<br \/>\n\u279c Protiv svraba i perutanja brade<br \/>\n\u279c Ja\u010da i \u0161titi svaku dlaku<br \/>\n\u279c Ru\u010dno punjeno u malim serijama<br \/>\n\u279c Idealno za svakodnevnu negu i stilizovanje<\/p>\n<p><em><strong>Sastav<\/strong>: ulje jojobe, badema, semenki gro\u017e\u0111a, kokosa, ricinusa, konoplje, vitamin E, eteri\u010dna ulja citrusa.<\/em><\/p>\n<p><em>\u2705 Na\u0161i proizvodi su klini\u010dki ispitani u akreditovanoj laboratoriji i poseduju izve\u0161taj o zdravstvenoj ispravnosti.<\/em><\/p>\n","protected":false},"featured_media":2856,"comment_status":"open","ping_status":"closed","template":"","meta":{"_acf_changed":false},"product_brand":[],"product_cat":[51],"product_tag":[],"class_list":{"0":"post-764","1":"product","2":"type-product","3":"status-publish","4":"has-post-thumbnail","6":"product_cat-premium-ulja-za-bradu","8":"first","9":"instock","10":"shipping-taxable","11":"purchasable","12":"product-type-variable"},"acf":[],"aioseo_notices":[],"_links":{"self":[{"href":"https:\/\/www.thegoldenspartan.com\/sr\/wp-json\/wp\/v2\/product\/764","targetHints":{"allow":["GET"]}}],"collection":[{"href":"https:\/\/www.thegoldenspartan.com\/sr\/wp-json\/wp\/v2\/product"}],"about":[{"href":"https:\/\/www.thegoldenspartan.com\/sr\/wp-json\/wp\/v2\/types\/product"}],"replies":[{"embeddable":true,"href":"https:\/\/www.thegoldenspartan.com\/sr\/wp-json\/wp\/v2\/comments?post=764"}],"wp:featuredmedia":[{"embeddable":true,"href":"https:\/\/www.thegoldenspartan.com\/sr\/wp-json\/wp\/v2\/media\/2856"}],"wp:attachment":[{"href":"https:\/\/www.thegoldenspartan.com\/sr\/wp-json\/wp\/v2\/media?parent=764"}],"wp:term":[{"taxonomy":"product_brand","embeddable":true,"href":"https:\/\/www.thegoldenspartan.com\/sr\/wp-json\/wp\/v2\/product_brand?post=764"},{"taxonomy":"product_cat","embeddable":true,"href":"https:\/\/www.thegoldenspartan.com\/sr\/wp-json\/wp\/v2\/product_cat?post=764"},{"taxonomy":"product_tag","embeddable":true,"href":"https:\/\/www.thegoldenspartan.com\/sr\/wp-json\/wp\/v2\/product_tag?post=764"}],"curies":[{"name":"wp","href":"https:\/\/api.w.org\/{rel}","templated":true}]}}