{"id":7677,"date":"2020-01-13T10:54:47","date_gmt":"2020-01-13T10:54:47","guid":{"rendered":"https:\/\/www.thegoldenspartan.com\/?post_type=product&#038;p=7677"},"modified":"2025-06-20T10:42:36","modified_gmt":"2025-06-20T10:42:36","slug":"pankration-sportski-balzam","status":"publish","type":"product","link":"https:\/\/www.thegoldenspartan.com\/sr\/shop\/nega-tela\/pankration-sportski-balzam\/","title":{"rendered":"PANKRATION Sportski balzam"},"content":{"rendered":"","protected":false},"excerpt":{"rendered":"<p><strong>Prirodni oporavak. Bez hemije. Bez bola.<\/strong><br \/>\nTe\u0161ko je na\u0107i nekoga ko se nije \u201cmazao\u201d raznim sportskim kremama i kremama protiv bolova.<br \/>\nAko ste bili radoznali da saznate \u0161ta sve te kreme sadr\u017ee, i bez diplome Farmaceutskog fakulteta lako biste zaklju\u010dili da mnogi sastojci nisu prirodnog porekla, da su \u0161tetni, pa \u010dak i opasni.<br \/>\nZato smo odlu\u010dili da na\u0161im Spartancima napravimo pravo re\u0161enje za bolove uzrokovane nagnje\u010denjima, i\u0161\u010da\u0161enjima, udarcima i drugim povredama ko\u0161tanog i mi\u0161\u0107nog tkiva.<br \/>\nI to sve 100% prirodno.<br \/>\nNa\u0161 Pankration sportski balzam je izra\u0111en od uljnog macerata korena gaveza i cveta arnike, oboga\u0107en odli\u010dnom singergijskom kombinacijom eteri\u010dnih ulja.<br \/>\nNa\u0161 sportski balzam opu\u0161ta uko\u010dene mi\u0161i\u0107e deluju\u0107i kao mi\u0161i\u0107ni relaksant, ima antiinflamatorni efekat na mestu aplikacije. Osim toga, kombinovano delovanje eteri\u010dnih ulja izaziva poja\u010danu mikrocirkulaciju na mestu povrede, limfotoni\u010di efekat i analgeziju bez \u0161tetnih efekata po organizam.<br \/>\nPogodan je za opu\u0161tanje mi\u0161i\u0107a i ubla\u017eavanje bolova pre i posle fizi\u010dke aktivnosti.<\/p>\n<p>\u279c 100% prirodna formula<br \/>\n\u279c Oboga\u0107en gavezom i arnikom<br \/>\n\u279c Ubla\u017eava bolove u mi\u0161i\u0107ima i zglobovima<br \/>\n\u279c Idealan pre i posle treninga<br \/>\n\u279c Mo\u0107na kombinacija etarskih ulja<br \/>\n\u279c Ru\u010dno ra\u0111en u malim serijama<\/p>\n<p><strong>Sadr\u017eaj<\/strong>: Macerirano ulje gaveza, ulje arnike, beli vosak, lanolin, kamfor, mentol, eteri\u010dna ulja: menta, eukaliptus, biber, kleka, zimzelen, vitamin E.<\/p>\n<p>\u2705 Na\u0161i proizvodi su klini\u010dki ispitani u akreditovanoj laboratoriji i poseduju izve\u0161taj o zdravstvenoj ispravnosti.<\/p>\n","protected":false},"featured_media":8091,"comment_status":"open","ping_status":"closed","template":"","meta":{"_acf_changed":false},"product_brand":[],"product_cat":[65],"product_tag":[],"class_list":{"0":"post-7677","1":"product","2":"type-product","3":"status-publish","4":"has-post-thumbnail","6":"product_cat-nega-tela","8":"first","9":"instock","10":"shipping-taxable","11":"purchasable","12":"product-type-simple"},"acf":[],"aioseo_notices":[],"_links":{"self":[{"href":"https:\/\/www.thegoldenspartan.com\/sr\/wp-json\/wp\/v2\/product\/7677","targetHints":{"allow":["GET"]}}],"collection":[{"href":"https:\/\/www.thegoldenspartan.com\/sr\/wp-json\/wp\/v2\/product"}],"about":[{"href":"https:\/\/www.thegoldenspartan.com\/sr\/wp-json\/wp\/v2\/types\/product"}],"replies":[{"embeddable":true,"href":"https:\/\/www.thegoldenspartan.com\/sr\/wp-json\/wp\/v2\/comments?post=7677"}],"wp:featuredmedia":[{"embeddable":true,"href":"https:\/\/www.thegoldenspartan.com\/sr\/wp-json\/wp\/v2\/media\/8091"}],"wp:attachment":[{"href":"https:\/\/www.thegoldenspartan.com\/sr\/wp-json\/wp\/v2\/media?parent=7677"}],"wp:term":[{"taxonomy":"product_brand","embeddable":true,"href":"https:\/\/www.thegoldenspartan.com\/sr\/wp-json\/wp\/v2\/product_brand?post=7677"},{"taxonomy":"product_cat","embeddable":true,"href":"https:\/\/www.thegoldenspartan.com\/sr\/wp-json\/wp\/v2\/product_cat?post=7677"},{"taxonomy":"product_tag","embeddable":true,"href":"https:\/\/www.thegoldenspartan.com\/sr\/wp-json\/wp\/v2\/product_tag?post=7677"}],"curies":[{"name":"wp","href":"https:\/\/api.w.org\/{rel}","templated":true}]}}