{"id":778,"date":"2018-02-12T14:37:10","date_gmt":"2018-02-12T14:37:10","guid":{"rendered":"http:\/\/www.thegoldenspartan.com\/shop\/uncategorized\/citrus-island-bar-shampoo-115g\/"},"modified":"2025-06-17T13:17:03","modified_gmt":"2025-06-17T13:17:03","slug":"citrus-island-sapun-za-bradu","status":"publish","type":"product","link":"https:\/\/www.thegoldenspartan.com\/sr\/shop\/pranje\/citrus-island-sapun-za-bradu\/","title":{"rendered":"CITRUS ISLAND sapun za bradu"},"content":{"rendered":"","protected":false},"excerpt":{"rendered":"<p><strong>Tvrda Forma. Meka Brada. \u010cisto Samopouzdanje.<\/strong><br \/>\nZaboravi na agresivne hemikalije i pre\u0111i na \u010dvrsti \u0161ampon za bradu koji je sna\u017ean, prirodan i bez kompromisa. The Golden Spartan sapun za bradu je ru\u010dno pravljen od 100% prirodnih sastojaka i osmi\u0161ljen da temeljno o\u010disti tvoju bradu bez isu\u0161ivanja dlake i ko\u017ee.<\/p>\n<p>Bez parabena, sulfata i ve\u0161ta\u010dkih boja, ovaj tvrdi \u0161ampon za bradu je pun hranljivih biljnih ulja koja neguju, hidriraju i \u0161tite kako dlaku, tako i ko\u017eu ispod nje. Za razliku od komercijalnih sapuna koji ostavljaju bradu suvom i iritiranom, na\u0161a formula ne\u017eno uklanja ne\u010disto\u0107e i vi\u0161ak ulja, dok \u010duva prirodnu barijeru ko\u017ee.<\/p>\n<p>Idealan za svakodnevnu upotrebu i osetljivu ko\u017eu, ovaj sapun za bradu stvara bogatu, kremastu penu koja ostavlja bradu \u010distom, mekom i lakom za oblikovanje. Blaga citrusna aroma iz prirodnih etarskih ulja osve\u017eava bez me\u0161anja sa mirisom tvog omiljenog ulja ili balzama.<\/p>\n<p>\u279c Dugotrajan i \u010dvrst \u2013 prakti\u010dan za putovanja i bez otpada<br \/>\n\u279c 100% prirodna formula \u2013 bez sulfata, parabena i ve\u0161ta\u010dkih dodataka<br \/>\n\u279c Ne\u017eno \u010disti bez isu\u0161ivanja i iritacije<br \/>\n\u279c Diskretan i prirodan citrusni miris<br \/>\n\u279c Ostavlja bradu mekanom i zdravijom<\/p>\n<p><strong>Sadr\u017eaj<\/strong>: Saponifikovane masno\u0107e kokosa, masline, ricinusa, jojobe, \u0161ea putera i kakao putera. P\u010delinji vosak, demineralizovana voda, eteri\u010dna ulja citrusa.<\/p>\n<p><strong>Preporuka za upotrebu:<\/strong> Pokvasite va\u0161u bradu. Zatim napravite penu izme\u0111u dlanova i utrljajte je u bradu, ili direktno utrljajtesapun o bradu. Dobro utrljajte penu u va\u0161u bradu kako bi dosla i do va\u0161e ko\u017ee na koju ima blagotvorno\u00a0dejstvo. Potom, dobro isperite bradu i osu\u0161ite je pe\u0161kirom.\u00a0Na\u0161a preporuka je da odmah nakon ovih koraka nanesete neko od na\u0161ih ulja kako biste pru\u017eili potpuni\u00a0ugo\u0111aj va\u0161oj bradi.<\/p>\n<p>\u2705 Na\u0161i proizvodi su klini\u010dki ispitani u akreditovanoj laboratoriji i poseduju izve\u0161taj o zdravstvenoj ispravnosti.<\/p>\n","protected":false},"featured_media":12093,"comment_status":"open","ping_status":"closed","template":"","meta":{"_acf_changed":false},"product_brand":[],"product_cat":[55],"product_tag":[],"class_list":{"0":"post-778","1":"product","2":"type-product","3":"status-publish","4":"has-post-thumbnail","6":"product_cat-pranje","8":"first","9":"instock","10":"shipping-taxable","11":"purchasable","12":"product-type-simple"},"acf":[],"aioseo_notices":[],"_links":{"self":[{"href":"https:\/\/www.thegoldenspartan.com\/sr\/wp-json\/wp\/v2\/product\/778","targetHints":{"allow":["GET"]}}],"collection":[{"href":"https:\/\/www.thegoldenspartan.com\/sr\/wp-json\/wp\/v2\/product"}],"about":[{"href":"https:\/\/www.thegoldenspartan.com\/sr\/wp-json\/wp\/v2\/types\/product"}],"replies":[{"embeddable":true,"href":"https:\/\/www.thegoldenspartan.com\/sr\/wp-json\/wp\/v2\/comments?post=778"}],"wp:featuredmedia":[{"embeddable":true,"href":"https:\/\/www.thegoldenspartan.com\/sr\/wp-json\/wp\/v2\/media\/12093"}],"wp:attachment":[{"href":"https:\/\/www.thegoldenspartan.com\/sr\/wp-json\/wp\/v2\/media?parent=778"}],"wp:term":[{"taxonomy":"product_brand","embeddable":true,"href":"https:\/\/www.thegoldenspartan.com\/sr\/wp-json\/wp\/v2\/product_brand?post=778"},{"taxonomy":"product_cat","embeddable":true,"href":"https:\/\/www.thegoldenspartan.com\/sr\/wp-json\/wp\/v2\/product_cat?post=778"},{"taxonomy":"product_tag","embeddable":true,"href":"https:\/\/www.thegoldenspartan.com\/sr\/wp-json\/wp\/v2\/product_tag?post=778"}],"curies":[{"name":"wp","href":"https:\/\/api.w.org\/{rel}","templated":true}]}}