{"id":780,"date":"2018-02-12T14:36:53","date_gmt":"2018-02-12T14:36:53","guid":{"rendered":"http:\/\/www.thegoldenspartan.com\/shop\/uncategorized\/spartan-oil-balm-gift-set\/"},"modified":"2026-04-03T09:27:43","modified_gmt":"2026-04-03T09:27:43","slug":"dark-forest-ulje-za-bradu","status":"publish","type":"product","link":"https:\/\/www.thegoldenspartan.com\/sr\/shop\/premium-ulja-za-bradu\/dark-forest-ulje-za-bradu\/","title":{"rendered":"DARK FOREST ulje za bradu"},"content":{"rendered":"","protected":false},"excerpt":{"rendered":"<p><strong>\u0160uma u boci. Sirova priroda. \u010cista nega.<\/strong><br \/>\nKreni na put kroz gustu borovu \u0161umu \u2014 bez napu\u0161tanja svog doma. Dark Forest ulje za bradu donosi osve\u017eavaju\u0107u i mu\u017eevnu kombinaciju drvenastih i zemljanih nota, koje bude ose\u0107aj slobode, snage i povezanosti sa prirodom. Svaka kap ulja je kao udah sve\u017eeg \u0161umskog vazduha, dok ti brada upija sve prednosti prirodne nege.<\/p>\n<p>Ru\u010dno pravljeno od 100% prirodnih sastojaka i punjeno u malim serijama, ovo ulje dubinski hidrira, omek\u0161ava i \u0161titi tvoju bradu i ko\u017eu ispod nje. Poma\u017ee u borbi protiv perutanja, svraba, suvo\u0107e i lomljenja dlake, ostavljaju\u0107i bradu zdravom i urednom.<\/p>\n<p>\u279c Sna\u017ean, prirodan miris \u0161ume koji traje ceo dan<br \/>\n\u279c Napravljeno od 100% prirodnih, vrhunskih sastojaka<br \/>\n\u279c Dubinska hidratacija za bradu i ko\u017eu<br \/>\n\u279c Protiv perutanja, svraba i suvo\u0107e<br \/>\n\u279c Omek\u0161ava i ja\u010da dlaku, olak\u0161ava stilizovanje<br \/>\n\u279c Ru\u010dno sipano u malim serijama za vrhunski kvalitet<br \/>\n\u279c Idealno za svakodnevnu negu<\/p>\n<p><em><strong>Sastav<\/strong>: ulje jojobe, badema, semenki gro\u017e\u0111a, kokosa, ricinusa, konoplje, vitamin E, eteri\u010dna ulja\u00a0drvenih nota.<\/em><\/p>\n<p><em>\u2705 Na\u0161i proizvodi su klini\u010dki ispitani u akreditovanoj laboratoriji i poseduju izve\u0161taj o zdravstvenoj ispravnosti.<\/em><\/p>\n","protected":false},"featured_media":2858,"comment_status":"open","ping_status":"closed","template":"","meta":{"_acf_changed":false},"product_brand":[],"product_cat":[51],"product_tag":[],"class_list":{"0":"post-780","1":"product","2":"type-product","3":"status-publish","4":"has-post-thumbnail","6":"product_cat-premium-ulja-za-bradu","8":"first","9":"instock","10":"shipping-taxable","11":"purchasable","12":"product-type-variable"},"acf":[],"aioseo_notices":[],"_links":{"self":[{"href":"https:\/\/www.thegoldenspartan.com\/sr\/wp-json\/wp\/v2\/product\/780","targetHints":{"allow":["GET"]}}],"collection":[{"href":"https:\/\/www.thegoldenspartan.com\/sr\/wp-json\/wp\/v2\/product"}],"about":[{"href":"https:\/\/www.thegoldenspartan.com\/sr\/wp-json\/wp\/v2\/types\/product"}],"replies":[{"embeddable":true,"href":"https:\/\/www.thegoldenspartan.com\/sr\/wp-json\/wp\/v2\/comments?post=780"}],"wp:featuredmedia":[{"embeddable":true,"href":"https:\/\/www.thegoldenspartan.com\/sr\/wp-json\/wp\/v2\/media\/2858"}],"wp:attachment":[{"href":"https:\/\/www.thegoldenspartan.com\/sr\/wp-json\/wp\/v2\/media?parent=780"}],"wp:term":[{"taxonomy":"product_brand","embeddable":true,"href":"https:\/\/www.thegoldenspartan.com\/sr\/wp-json\/wp\/v2\/product_brand?post=780"},{"taxonomy":"product_cat","embeddable":true,"href":"https:\/\/www.thegoldenspartan.com\/sr\/wp-json\/wp\/v2\/product_cat?post=780"},{"taxonomy":"product_tag","embeddable":true,"href":"https:\/\/www.thegoldenspartan.com\/sr\/wp-json\/wp\/v2\/product_tag?post=780"}],"curies":[{"name":"wp","href":"https:\/\/api.w.org\/{rel}","templated":true}]}}