{"id":7851,"date":"2020-01-31T13:14:34","date_gmt":"2020-01-31T13:14:34","guid":{"rendered":"https:\/\/www.thegoldenspartan.com\/?post_type=product&#038;p=7851"},"modified":"2025-06-17T13:00:22","modified_gmt":"2025-06-17T13:00:22","slug":"citrus-island-sampon-za-kosu","status":"publish","type":"product","link":"https:\/\/www.thegoldenspartan.com\/sr\/shop\/pranje\/citrus-island-sampon-za-kosu\/","title":{"rendered":"CITRUS ISLAND \u0161ampon za kosu"},"content":{"rendered":"","protected":false},"excerpt":{"rendered":"<p><strong>Snaga Prirode za Va\u0161u Kosu.<\/strong><br \/>\nZaboravite na agresivne \u0161ampone koji isu\u0161uju kosu i nadra\u017euju teme. Citrus Island prirodni \u0161ampon za kosu je pa\u017eljivo formulisan za one koji \u017eele ne\u017eno, ali temeljno \u010di\u0161\u0107enje bez kompromisa. Kreiran od aktivnih sastojaka na bazi aminokiselina iz ovsenih pahuljica i kokosovog ulja, ovaj \u0161ampon pru\u017ea balans izme\u0111u efikasnosti i ne\u017enosti \u2014 \u010dak i za najosetljiviju ko\u017eu.<br \/>\nBez sulfata. Bez parabena. Bez ve\u0161ta\u010dkih boja i mirisa. Samo \u010dista priroda u slu\u017ebi zdravlja va\u0161e kose i temena.<br \/>\nOboga\u0107en ekstraktom ovsa, pantenolom i hidrolatom cveta jasmina, ovaj \u0161ampon hidrira, umiruje i pru\u017ea osve\u017eavaju\u0107i ose\u0107aj nakon svakog pranja. Njegova bogata, citrusna aroma poti\u010de isklju\u010divo iz etri\u010dnih ulja \u2013 bez sinteti\u010dkih dodataka \u2013 ostavljaju\u0107i va\u0161u kosu osve\u017eom, sjajnom i mirisnom.<\/p>\n<p>Zahvaljuju\u0107i vi\u0161enamenskoj formuli, mo\u017ee se koristiti i kao \u0161ampon za bradu i blagi gel za tu\u0161iranje.<br \/>\nSavr\u0161en za uklanjanje Hair Wax, Hair Clay, Hair Paste i Hair Cream proizvoda iz na\u0161e kolekcije.<\/p>\n<p>\u279c 100% prirodna formula sa citrusnim etarskim uljima<br \/>\n\u279c Blag, ali mo\u0107an \u2014 pogodan i za osetljivo teme<br \/>\n\u279c Poma\u017ee u borbi protiv peruti i suvo\u0107e ko\u017ee glave<br \/>\n\u279c Vi\u0161enamenska upotreba: kosa, brada i telo<br \/>\n\u279c Bez sulfata, parabena, ve\u0161ta\u010dkih boja i mirisa<br \/>\n\u279c Lagan, prirodan miris jasmina i citrusa<\/p>\n<p><strong>Sadr\u017eaj<\/strong>: Amino kiseline zobi, hidrolat jasmina, koko glukozid, koko betain, hidrosolubilno ulje avokada, glukosa D, ekstrakt zobi, pantenol, glicerin, eteri\u010dna ulja citrusa, dehidroacetat kiselina i benzil alkohol.<\/p>\n<p>\u2705 Na\u0161i proizvodi su klini\u010dki ispitani u akreditovanoj laboratoriji i poseduju izve\u0161taj o zdravstvenoj ispravnosti.<\/p>\n","protected":false},"featured_media":17295,"comment_status":"open","ping_status":"closed","template":"","meta":{"_acf_changed":false},"product_brand":[],"product_cat":[55],"product_tag":[],"class_list":{"0":"post-7851","1":"product","2":"type-product","3":"status-publish","4":"has-post-thumbnail","6":"product_cat-pranje","8":"first","9":"instock","10":"shipping-taxable","11":"purchasable","12":"product-type-simple"},"acf":[],"aioseo_notices":[],"_links":{"self":[{"href":"https:\/\/www.thegoldenspartan.com\/sr\/wp-json\/wp\/v2\/product\/7851","targetHints":{"allow":["GET"]}}],"collection":[{"href":"https:\/\/www.thegoldenspartan.com\/sr\/wp-json\/wp\/v2\/product"}],"about":[{"href":"https:\/\/www.thegoldenspartan.com\/sr\/wp-json\/wp\/v2\/types\/product"}],"replies":[{"embeddable":true,"href":"https:\/\/www.thegoldenspartan.com\/sr\/wp-json\/wp\/v2\/comments?post=7851"}],"wp:featuredmedia":[{"embeddable":true,"href":"https:\/\/www.thegoldenspartan.com\/sr\/wp-json\/wp\/v2\/media\/17295"}],"wp:attachment":[{"href":"https:\/\/www.thegoldenspartan.com\/sr\/wp-json\/wp\/v2\/media?parent=7851"}],"wp:term":[{"taxonomy":"product_brand","embeddable":true,"href":"https:\/\/www.thegoldenspartan.com\/sr\/wp-json\/wp\/v2\/product_brand?post=7851"},{"taxonomy":"product_cat","embeddable":true,"href":"https:\/\/www.thegoldenspartan.com\/sr\/wp-json\/wp\/v2\/product_cat?post=7851"},{"taxonomy":"product_tag","embeddable":true,"href":"https:\/\/www.thegoldenspartan.com\/sr\/wp-json\/wp\/v2\/product_tag?post=7851"}],"curies":[{"name":"wp","href":"https:\/\/api.w.org\/{rel}","templated":true}]}}