{"id":790,"date":"2018-02-21T12:45:57","date_gmt":"2018-02-21T12:45:57","guid":{"rendered":"http:\/\/www.thegoldenspartan.com\/shop\/uncategorized\/gentleman-premium-beard-balm\/"},"modified":"2025-06-17T07:13:06","modified_gmt":"2025-06-17T07:13:06","slug":"gentleman-balzam-za-bradu","status":"publish","type":"product","link":"https:\/\/www.thegoldenspartan.com\/sr\/shop\/balzami-i-voskovi\/gentleman-balzam-za-bradu\/","title":{"rendered":"GENTLEMAN balzam za bradu"},"content":{"rendered":"","protected":false},"excerpt":{"rendered":"<p><strong>Suptilno. Sofisticirano. Nepogre\u0161ivo mu\u017eevno.<\/strong><br \/>\nGentleman balzam za bradu stvoren je za mu\u0161karce koji cene diskretnu eleganciju vi\u0161e od upadljivosti. Inspirisan klasi\u010dnim \u0161armom vanile i cimeta, ovaj balzam pru\u017ea miris koji je ne\u017ean, prijatan i prirodno mu\u017eevan. Intenzivan, ali nenametljiv \u2013 ba\u0161 kao pravi d\u017eentlmen.<br \/>\nSavr\u0161eno izbalansiran izme\u0111u hidratacije i postojanog u\u010dvr\u0161\u0107ivanja, Gentleman balzam je idealan za oblikovanje i kontrolu brade, dok istovremeno neguje i dlaku i ko\u017eu. Bilo da ide\u0161 na posao ili na ve\u010deru, tvoja brada \u0107e biti u savr\u0161enom redu \u2013 stilizovana, uredna i negovana, bez prejakih mirisnih nota.<\/p>\n<p>Napravljen od 100% prirodnih sastojaka i ru\u010dno izliven u malim serijama, ovaj balzam dubinski hrani bradu, spre\u010dava perutanje, svrab i suvo\u0107u, te daje tvojoj bradi snagu, meko\u0107u i besprekoran izgled.<\/p>\n<p>\u279c Sofisticirana kombinacija mirisa vanile i cimeta<br \/>\n\u279c Napravljen od 100% prirodnih sastojaka<br \/>\n\u279c Intenzivno hidrira i neguje bradu i ko\u017eu<br \/>\n\u279c Srednje dr\u017eanje za svakodnevno stilizovanje<br \/>\n\u279c Smanjuje svrab, perutanje i suvo\u0107u<br \/>\n\u279c Ru\u010dno ra\u0111en u malim serijama za vrhunski kvalitet<\/p>\n<p><em><strong>Sadr\u017eaj<\/strong>: 100% prirodni p\u010delinji vosak, \u0161ea puter, kakao puter, ulje jojobe, badema, konoplje, vitamin E, eteri\u010dno ulje vanile sa za\u010dinom gorke esencije.<\/em><\/p>\n<p><em>\u2705 Na\u0161i proizvodi su klini\u010dki ispitani u akreditovanoj laboratoriji i poseduju izve\u0161taj o zdravstvenoj ispravnosti.<\/em><\/p>\n","protected":false},"featured_media":2975,"comment_status":"open","ping_status":"closed","template":"","meta":{"_acf_changed":false},"product_brand":[],"product_cat":[52],"product_tag":[],"class_list":{"0":"post-790","1":"product","2":"type-product","3":"status-publish","4":"has-post-thumbnail","6":"product_cat-balzami-i-voskovi","8":"first","9":"instock","10":"featured","11":"shipping-taxable","12":"purchasable","13":"product-type-simple"},"acf":[],"aioseo_notices":[],"_links":{"self":[{"href":"https:\/\/www.thegoldenspartan.com\/sr\/wp-json\/wp\/v2\/product\/790","targetHints":{"allow":["GET"]}}],"collection":[{"href":"https:\/\/www.thegoldenspartan.com\/sr\/wp-json\/wp\/v2\/product"}],"about":[{"href":"https:\/\/www.thegoldenspartan.com\/sr\/wp-json\/wp\/v2\/types\/product"}],"replies":[{"embeddable":true,"href":"https:\/\/www.thegoldenspartan.com\/sr\/wp-json\/wp\/v2\/comments?post=790"}],"wp:featuredmedia":[{"embeddable":true,"href":"https:\/\/www.thegoldenspartan.com\/sr\/wp-json\/wp\/v2\/media\/2975"}],"wp:attachment":[{"href":"https:\/\/www.thegoldenspartan.com\/sr\/wp-json\/wp\/v2\/media?parent=790"}],"wp:term":[{"taxonomy":"product_brand","embeddable":true,"href":"https:\/\/www.thegoldenspartan.com\/sr\/wp-json\/wp\/v2\/product_brand?post=790"},{"taxonomy":"product_cat","embeddable":true,"href":"https:\/\/www.thegoldenspartan.com\/sr\/wp-json\/wp\/v2\/product_cat?post=790"},{"taxonomy":"product_tag","embeddable":true,"href":"https:\/\/www.thegoldenspartan.com\/sr\/wp-json\/wp\/v2\/product_tag?post=790"}],"curies":[{"name":"wp","href":"https:\/\/api.w.org\/{rel}","templated":true}]}}