{"id":793,"date":"2018-02-12T14:36:07","date_gmt":"2018-02-12T14:36:07","guid":{"rendered":"http:\/\/www.thegoldenspartan.com\/shop\/uncategorized\/beard-brush\/"},"modified":"2025-08-13T08:41:08","modified_gmt":"2025-08-13T08:41:08","slug":"gentleman-ulje-za-bradu","status":"publish","type":"product","link":"https:\/\/www.thegoldenspartan.com\/sr\/shop\/premium-ulja-za-bradu\/gentleman-ulje-za-bradu\/","title":{"rendered":"GENTLEMAN ulje za bradu"},"content":{"rendered":"","protected":false},"excerpt":{"rendered":"<p><strong>Suptilno. Sofisticirano. Nepogre\u0161ivo mu\u017eevno.<\/strong><br \/>\nZa one koji cene eleganciju umesto upadljivosti, ulje za bradu Gentleman je oma\u017e bezvremenom stilu. Inspirisano toplim notama vanile i cimeta, ovo ulje je intenzivno, a ipak ne\u017eno \u2014 savr\u0161en izbor za modernog mu\u0161karca koji zna \u0161ta \u017eeli. Suptilno, otmeno i samouvereno \u2014 jer pravi d\u017eentlmen ne mora da se name\u0107e.<\/p>\n<p>Napravljen od 100% prirodnih, visokokvalitetnih sastojaka i ru\u010dno sipan u malim serijama, ovaj proizvod dubinski hidrira, omek\u0161ava i neguje tvoju bradu, istovremeno hrane\u0107i i \u0161tite\u0107i ko\u017eu ispod nje. Poma\u017ee u borbi protiv suvo\u0107e, svraba, perutanja i lomljenja dlake, ostavljaju\u0107i tvoju bradu zdravom, urednom i prijatnom na dodir.<\/p>\n<p>\u279c Otmena aroma vanile i cimeta<br \/>\n\u279c Napravljeno od 100% prirodnih sastojaka<br \/>\n\u279c Pru\u017ea dubinsku hidrataciju i negu<br \/>\n\u279c Umiruje iritacije, suvo\u0107u i perutanje<br \/>\n\u279c Omek\u0161ava i ja\u010da grubu dlaku<br \/>\n\u279c Ru\u010dno izra\u0111eno u malim serijama<br \/>\n\u279c Idealno za svakodnevnu negu i stilizovanje<\/p>\n<p><em><strong>Sastav<\/strong>: ulje jojobe, badema, semenki gro\u017e\u0111a, kokosa, ricinusa, konoplje, vitamin E, eteri\u010dno ulje vanile\u00a0sa za\u010dinom gorke esencije.<\/em><\/p>\n<p><em>\u2705\u00a0Na\u0161i proizvodi su klini\u010dki ispitani u akreditovanoj laboratoriji i poseduju izve\u0161taj o zdravstvenoj ispravnosti<\/em><\/p>\n","protected":false},"featured_media":2860,"comment_status":"open","ping_status":"closed","template":"","meta":{"_acf_changed":false},"product_brand":[],"product_cat":[51],"product_tag":[],"class_list":{"0":"post-793","1":"product","2":"type-product","3":"status-publish","4":"has-post-thumbnail","6":"product_cat-premium-ulja-za-bradu","8":"first","9":"instock","10":"featured","11":"shipping-taxable","12":"purchasable","13":"product-type-variable"},"acf":[],"aioseo_notices":[],"_links":{"self":[{"href":"https:\/\/www.thegoldenspartan.com\/sr\/wp-json\/wp\/v2\/product\/793","targetHints":{"allow":["GET"]}}],"collection":[{"href":"https:\/\/www.thegoldenspartan.com\/sr\/wp-json\/wp\/v2\/product"}],"about":[{"href":"https:\/\/www.thegoldenspartan.com\/sr\/wp-json\/wp\/v2\/types\/product"}],"replies":[{"embeddable":true,"href":"https:\/\/www.thegoldenspartan.com\/sr\/wp-json\/wp\/v2\/comments?post=793"}],"wp:featuredmedia":[{"embeddable":true,"href":"https:\/\/www.thegoldenspartan.com\/sr\/wp-json\/wp\/v2\/media\/2860"}],"wp:attachment":[{"href":"https:\/\/www.thegoldenspartan.com\/sr\/wp-json\/wp\/v2\/media?parent=793"}],"wp:term":[{"taxonomy":"product_brand","embeddable":true,"href":"https:\/\/www.thegoldenspartan.com\/sr\/wp-json\/wp\/v2\/product_brand?post=793"},{"taxonomy":"product_cat","embeddable":true,"href":"https:\/\/www.thegoldenspartan.com\/sr\/wp-json\/wp\/v2\/product_cat?post=793"},{"taxonomy":"product_tag","embeddable":true,"href":"https:\/\/www.thegoldenspartan.com\/sr\/wp-json\/wp\/v2\/product_tag?post=793"}],"curies":[{"name":"wp","href":"https:\/\/api.w.org\/{rel}","templated":true}]}}