{"id":797,"date":"2018-02-21T13:45:07","date_gmt":"2018-02-21T13:45:07","guid":{"rendered":"http:\/\/www.thegoldenspartan.com\/shop\/uncategorized\/hair-clay\/"},"modified":"2025-06-29T21:03:40","modified_gmt":"2025-06-29T21:03:40","slug":"hair-clay-glina-za-kosu","status":"publish","type":"product","link":"https:\/\/www.thegoldenspartan.com\/sr\/shop\/nega-kose\/hair-clay-glina-za-kosu\/","title":{"rendered":"HAIR CLAY glina za kosu"},"content":{"rendered":"","protected":false},"excerpt":{"rendered":"<p><strong>Srednje Dr\u017eanje. Prirodno Samopouzdanje. Legendaran Stil.<\/strong><br \/>\nThe Golden Spartan Hair Clay glina za kosu je nezaobilazni saveznik modernog mu\u0161karca koji zahteva vrhunske rezultate bez kompromisa. Napravljena od 100% prirodnih sastojaka, bez petroleja, parabena i ve\u0161ta\u010dkih hemikalija, na\u0161a glina za kosu pru\u017ea srednje do jako dr\u017eanje tokom celog dana uz umereni sjaj koji izgleda prirodno i stilizovano.<br \/>\nBilo da oblikuje\u0161 pompadur, klasi\u010dan razdeljak ili slick-back stil, na\u0161a glina ti omogu\u0107ava da precizno oblikuje\u0161 frizuru bez krutosti ili ose\u0107aja masno\u0107e. Uz to, dovoljno je fleksibilan da tokom dana lako preoblikuje\u0161 frizuru.<\/p>\n<p>Oboga\u0107en biljnim uljima, ova glina za kosu ne samo da oblikuje, ve\u0107 i hrani, hidrira i \u0161titi tvoju kosu \u2014 ostavljaju\u0107i je zdravijom, punijom i lak\u0161om za oblikovanje. A miris? Sve\u017e, mu\u017eevan i sofisticiran \u2013 ta\u010dno onakav kakav \u017eeli\u0161 da te prati tokom dana.<\/p>\n<p>\u279c 100% prirodna formula \u2013 bez petroleja, parabena i hemikalija<br \/>\n\u279c Srednje do jako dr\u017eanje \u2013 dr\u017ei tvoj stil pod kontrolom<br \/>\n\u279c Umereni sjaj \u2013 prirodan fini\u0161 bez masnog efekta<br \/>\n\u279c Mogu\u0107nost restilizovanja \u2013 bez perutanja<br \/>\n\u279c Hidrira i neguje \u2013 za mekanu i zdraviju kosu<br \/>\n\u279c \u010cist, mu\u017eevan miris \u2013 elegantan i diskretan<br \/>\n\u279c Lako se ispira<br \/>\n<strong><br \/>\nUputstvo za kori\u0161\u0107enje:<\/strong> Zagrebite malu koli\u010dinu gline noktom, prikupljenu glinu stavite na dlan. Protrljajte dlanove tako da se glina zagreje, pre nano\u0161enja na kosu. Ravnomerno nanesite glinu na blago vla\u017enu ili suvu kosu. Dodajte jo\u0161 proizvoda po potrebi i stilizujte kosu po \u017eelji.<\/p>\n<p><a href=\"https:\/\/youtu.be\/9yqlUBVkUZU\" target=\"_blank\" rel=\"noopener\"><strong>VIDEO UPUTSTVO<\/strong><\/a><br \/>\n<strong><br \/>\nSadr\u017eaj:<\/strong> Lanolin, \u0161ea puter, glina, beli p\u010delinji vosak, eteri\u010dno ulje mente.<\/p>\n<p>\u2705 Na\u0161i proizvodi su klini\u010dki ispitani u akreditovanoj laboratoriji i poseduju izve\u0161taj o zdravstvenoj ispravnosti.<\/p>\n","protected":false},"featured_media":2891,"comment_status":"open","ping_status":"closed","template":"","meta":{"_acf_changed":false},"product_brand":[],"product_cat":[56],"product_tag":[],"class_list":{"0":"post-797","1":"product","2":"type-product","3":"status-publish","4":"has-post-thumbnail","6":"product_cat-nega-kose","8":"first","9":"instock","10":"shipping-taxable","11":"purchasable","12":"product-type-simple"},"acf":[],"aioseo_notices":[],"_links":{"self":[{"href":"https:\/\/www.thegoldenspartan.com\/sr\/wp-json\/wp\/v2\/product\/797","targetHints":{"allow":["GET"]}}],"collection":[{"href":"https:\/\/www.thegoldenspartan.com\/sr\/wp-json\/wp\/v2\/product"}],"about":[{"href":"https:\/\/www.thegoldenspartan.com\/sr\/wp-json\/wp\/v2\/types\/product"}],"replies":[{"embeddable":true,"href":"https:\/\/www.thegoldenspartan.com\/sr\/wp-json\/wp\/v2\/comments?post=797"}],"wp:featuredmedia":[{"embeddable":true,"href":"https:\/\/www.thegoldenspartan.com\/sr\/wp-json\/wp\/v2\/media\/2891"}],"wp:attachment":[{"href":"https:\/\/www.thegoldenspartan.com\/sr\/wp-json\/wp\/v2\/media?parent=797"}],"wp:term":[{"taxonomy":"product_brand","embeddable":true,"href":"https:\/\/www.thegoldenspartan.com\/sr\/wp-json\/wp\/v2\/product_brand?post=797"},{"taxonomy":"product_cat","embeddable":true,"href":"https:\/\/www.thegoldenspartan.com\/sr\/wp-json\/wp\/v2\/product_cat?post=797"},{"taxonomy":"product_tag","embeddable":true,"href":"https:\/\/www.thegoldenspartan.com\/sr\/wp-json\/wp\/v2\/product_tag?post=797"}],"curies":[{"name":"wp","href":"https:\/\/api.w.org\/{rel}","templated":true}]}}