{"id":798,"date":"2018-02-21T13:44:23","date_gmt":"2018-02-21T13:44:23","guid":{"rendered":"http:\/\/www.thegoldenspartan.com\/shop\/uncategorized\/hair-wax\/"},"modified":"2025-06-18T10:29:43","modified_gmt":"2025-06-18T10:29:43","slug":"hair-wax-vosak-za-kosu","status":"publish","type":"product","link":"https:\/\/www.thegoldenspartan.com\/sr\/shop\/nega-kose\/hair-wax-vosak-za-kosu\/","title":{"rendered":"HAIR WAX vosak za kosu"},"content":{"rendered":"","protected":false},"excerpt":{"rendered":"<p><strong>Prirodni sjaj. Laka stilizacija. Spartansko samopouzdanje.<\/strong><br \/>\nThe Golden Spartan Hair Wax vosak za kosu je tvoj saveznik za prirodno stilizovanu kosu. Napravljen od 100% prirodnih sastojaka, bez petroleja, parabena i sinteti\u010dkih hemikalija, ovaj vosak za kosu pru\u017ea blago dr\u017eanje (light hold) i visoki sjaj (high shine), nagla\u0161avaju\u0107i prirodnu teksturu tvoje kose.<br \/>\nBilo da \u017eeli\u0161 le\u017eeran dnevni izgled ili uredniji fini\u0161, ovaj vosak ti omogu\u0107ava fleksibilnu kontrolu bez ukru\u0107enosti ili masnog efekta. Bez perutanja, samo glatka, prijatna kosa koju mo\u017ee\u0161 oblikovati iznova tokom dana.<\/p>\n<p>Oboga\u0107en formulom koja hidrira i neguje, brzo upija i ostavlja kosu mekom, zdravijom i lakom za oblikovanje. A miris? Sve\u017ea, mu\u017eevna aroma koja diskretno ostavlja utisak.<\/p>\n<p>\u279c 100% prirodna formula \u2013 bez petroleja, parabena i ve\u0161ta\u010dkih sastojaka<br \/>\n\u279c Blago dr\u017eanje i visok sjaj \u2013 idealan za svakodnevnu upotrebu<br \/>\n\u279c Oblikuj tokom celog dana \u2013 fleksibilan stil<br \/>\n\u279c Hidrira i neguje \u2013 za meku i zdraviju kosu<br \/>\n\u279c Mu\u017eevan i sve\u017e miris \u2013 \u010dist, prirodan i prijatan<br \/>\n\u279c Lako se ispira<\/p>\n<p><strong>Uputstvo za kori\u0161\u0107enje<\/strong>: Zagrebite malu koli\u010dinu voska noktom, prikupljeni vosak stavite na dlan. Protrljajte dlanove tako da se vosak zagreje, pre nano\u0161enja na kosu. Ravnomerno nanesite vosak na blago vla\u017enu ili suvu kosu. Dodajte jo\u0161 proizvoda po potrebi i stilizujte kosu po \u017eelji.<\/p>\n<p><a href=\"https:\/\/youtu.be\/9yqlUBVkUZU\" target=\"_blank\" rel=\"noopener\"><strong>VIDEO UPUTSTVO<\/strong><\/a><\/p>\n<p><strong>Sadr\u017eaj<\/strong>: Lanolin, \u0161ea puter, beli p\u010delinji vosak, eteri\u010dno ulje citrusa.<\/p>\n<p>\u2705 Na\u0161i proizvodi su klini\u010dki ispitani u akreditovanoj laboratoriji i poseduju izve\u0161taj o zdravstvenoj ispravnosti.<\/p>\n","protected":false},"featured_media":2895,"comment_status":"open","ping_status":"closed","template":"","meta":{"_acf_changed":false},"product_brand":[],"product_cat":[56],"product_tag":[],"class_list":{"0":"post-798","1":"product","2":"type-product","3":"status-publish","4":"has-post-thumbnail","6":"product_cat-nega-kose","8":"first","9":"instock","10":"shipping-taxable","11":"purchasable","12":"product-type-simple"},"acf":[],"aioseo_notices":[],"_links":{"self":[{"href":"https:\/\/www.thegoldenspartan.com\/sr\/wp-json\/wp\/v2\/product\/798","targetHints":{"allow":["GET"]}}],"collection":[{"href":"https:\/\/www.thegoldenspartan.com\/sr\/wp-json\/wp\/v2\/product"}],"about":[{"href":"https:\/\/www.thegoldenspartan.com\/sr\/wp-json\/wp\/v2\/types\/product"}],"replies":[{"embeddable":true,"href":"https:\/\/www.thegoldenspartan.com\/sr\/wp-json\/wp\/v2\/comments?post=798"}],"wp:featuredmedia":[{"embeddable":true,"href":"https:\/\/www.thegoldenspartan.com\/sr\/wp-json\/wp\/v2\/media\/2895"}],"wp:attachment":[{"href":"https:\/\/www.thegoldenspartan.com\/sr\/wp-json\/wp\/v2\/media?parent=798"}],"wp:term":[{"taxonomy":"product_brand","embeddable":true,"href":"https:\/\/www.thegoldenspartan.com\/sr\/wp-json\/wp\/v2\/product_brand?post=798"},{"taxonomy":"product_cat","embeddable":true,"href":"https:\/\/www.thegoldenspartan.com\/sr\/wp-json\/wp\/v2\/product_cat?post=798"},{"taxonomy":"product_tag","embeddable":true,"href":"https:\/\/www.thegoldenspartan.com\/sr\/wp-json\/wp\/v2\/product_tag?post=798"}],"curies":[{"name":"wp","href":"https:\/\/api.w.org\/{rel}","templated":true}]}}