{"id":799,"date":"2018-02-21T12:29:49","date_gmt":"2018-02-21T12:29:49","guid":{"rendered":"http:\/\/www.thegoldenspartan.com\/shop\/uncategorized\/hedonist-premium-beard-oil\/"},"modified":"2026-04-02T11:46:51","modified_gmt":"2026-04-02T11:46:51","slug":"hedonist-ulje-za-bradu","status":"publish","type":"product","link":"https:\/\/www.thegoldenspartan.com\/sr\/shop\/premium-ulja-za-bradu\/hedonist-ulje-za-bradu\/","title":{"rendered":"HEDONIST ulje za bradu"},"content":{"rendered":"","protected":false},"excerpt":{"rendered":"<p><strong>Luksuz. Zanatska izrada. \u010cisto u\u017eivanje.<\/strong><br \/>\nDizajnirano za istinske hedoniste i ljubitelje vrhunske nege, Hedonist ulje za bradu rezultat je godina iskustva, istra\u017eivanja i pa\u017eljivog testiranja. Kreirano na osnovu na\u0161e ekskluzivne formule, ovo nije samo ulje za bradu \u2014 to je luksuzni ritual nege. Ve\u0107 pri prvoj kapi shvati\u0107e\u0161 za\u0161to je ovo najprefinjenije i najrasko\u0161nije ulje za negu brade koje si ikada koristio.<br \/>\nOboga\u0107eno bogatim i glatkim mirisom burbona, Hedonist se polako razvija tokom dana, osloba\u0111aju\u0107i slojeve toplih, kompleksnih nota koje se postepeno menjaju i ostavljaju sofisticiran, mu\u017eevan trag. Smelo, a savr\u0161eno izbalansirano \u2014 stvoreno da zadovolji i najzahtevnije bradonje.<\/p>\n<p>Ru\u010dno pravljeno od najkvalitetnijih 100% prirodnih sastojaka i punjeno u malim serijama, ovo ulje pru\u017ea dubinsku hidrataciju, spre\u010dava suvo\u0107u, perutanje i lomljenje dlake, te ostavlja bradu mekom, ja\u010dom i besprekorno negovanom.<\/p>\n<p>\u279c Rasko\u0161ni miris burbona sa slojevitim, dugotrajnim notama<br \/>\n\u279c Napravljeno od 100% prirodnih, vrhunskih sastojaka<br \/>\n\u279c Dubinski hidrira i hrani bradu i ko\u017eu<br \/>\n\u279c Smanjuje svrab, perutanje i suvu ko\u017eu<br \/>\n\u279c Omek\u0161ava, ja\u010da i ukro\u0107uje neurednu bradu<br \/>\n\u279c Ru\u010dno sipano u malim serijama uz maksimalnu pa\u017enju<br \/>\n\u279c Idealno za svakodnevnu negu i posebne prilike<\/p>\n<p><em><strong>Sastav<\/strong>: ulje argana, ulje jojobe, ulje amle, ulje pekan oraha, ulje ricinusa, ulje \u017eutog no\u0107urka, vitamin E, vitamin A, ulja burbona, sandalovine i pa\u010dulija.<\/em><\/p>\n<p><em>\u2705 Na\u0161i proizvodi su klini\u010dki ispitani u akreditovanoj laboratoriji i poseduju izve\u0161taj o zdravstvenoj ispravnosti.<\/em><\/p>\n","protected":false},"featured_media":6171,"comment_status":"open","ping_status":"closed","template":"","meta":{"_acf_changed":false},"product_brand":[],"product_cat":[51],"product_tag":[],"class_list":{"0":"post-799","1":"product","2":"type-product","3":"status-publish","4":"has-post-thumbnail","6":"product_cat-premium-ulja-za-bradu","8":"first","9":"outofstock","10":"shipping-taxable","11":"purchasable","12":"product-type-simple"},"acf":[],"aioseo_notices":[],"_links":{"self":[{"href":"https:\/\/www.thegoldenspartan.com\/sr\/wp-json\/wp\/v2\/product\/799","targetHints":{"allow":["GET"]}}],"collection":[{"href":"https:\/\/www.thegoldenspartan.com\/sr\/wp-json\/wp\/v2\/product"}],"about":[{"href":"https:\/\/www.thegoldenspartan.com\/sr\/wp-json\/wp\/v2\/types\/product"}],"replies":[{"embeddable":true,"href":"https:\/\/www.thegoldenspartan.com\/sr\/wp-json\/wp\/v2\/comments?post=799"}],"wp:featuredmedia":[{"embeddable":true,"href":"https:\/\/www.thegoldenspartan.com\/sr\/wp-json\/wp\/v2\/media\/6171"}],"wp:attachment":[{"href":"https:\/\/www.thegoldenspartan.com\/sr\/wp-json\/wp\/v2\/media?parent=799"}],"wp:term":[{"taxonomy":"product_brand","embeddable":true,"href":"https:\/\/www.thegoldenspartan.com\/sr\/wp-json\/wp\/v2\/product_brand?post=799"},{"taxonomy":"product_cat","embeddable":true,"href":"https:\/\/www.thegoldenspartan.com\/sr\/wp-json\/wp\/v2\/product_cat?post=799"},{"taxonomy":"product_tag","embeddable":true,"href":"https:\/\/www.thegoldenspartan.com\/sr\/wp-json\/wp\/v2\/product_tag?post=799"}],"curies":[{"name":"wp","href":"https:\/\/api.w.org\/{rel}","templated":true}]}}