{"id":805,"date":"2018-02-21T14:05:55","date_gmt":"2018-02-21T14:05:55","guid":{"rendered":"http:\/\/www.thegoldenspartan.com\/shop\/uncategorized\/keychain-shave-never-beard-forever\/"},"modified":"2021-08-11T08:42:17","modified_gmt":"2021-08-11T08:42:17","slug":"privezak-cesljic-shave-never","status":"publish","type":"product","link":"https:\/\/www.thegoldenspartan.com\/sr\/shop\/aksesoari\/privezak-cesljic-shave-never\/","title":{"rendered":"Privezak \u010de\u0161lji\u0107 SHAVE NEVER"},"content":{"rendered":"","protected":false},"excerpt":{"rendered":"<p>Ovaj drveni \u010de\u0161lji\u0107 \u0161alje jasnu poruku: SHAVE NEVER!<br \/>\nSjajan privezak za svakog pravog bradonju!<\/p>\n","protected":false},"featured_media":12044,"comment_status":"open","ping_status":"closed","template":"","meta":{"_acf_changed":false},"product_brand":[],"product_cat":[57],"product_tag":[],"class_list":{"0":"post-805","1":"product","2":"type-product","3":"status-publish","4":"has-post-thumbnail","6":"product_cat-aksesoari","8":"first","9":"instock","10":"shipping-taxable","11":"purchasable","12":"product-type-simple"},"acf":[],"aioseo_notices":[],"_links":{"self":[{"href":"https:\/\/www.thegoldenspartan.com\/sr\/wp-json\/wp\/v2\/product\/805","targetHints":{"allow":["GET"]}}],"collection":[{"href":"https:\/\/www.thegoldenspartan.com\/sr\/wp-json\/wp\/v2\/product"}],"about":[{"href":"https:\/\/www.thegoldenspartan.com\/sr\/wp-json\/wp\/v2\/types\/product"}],"replies":[{"embeddable":true,"href":"https:\/\/www.thegoldenspartan.com\/sr\/wp-json\/wp\/v2\/comments?post=805"}],"wp:featuredmedia":[{"embeddable":true,"href":"https:\/\/www.thegoldenspartan.com\/sr\/wp-json\/wp\/v2\/media\/12044"}],"wp:attachment":[{"href":"https:\/\/www.thegoldenspartan.com\/sr\/wp-json\/wp\/v2\/media?parent=805"}],"wp:term":[{"taxonomy":"product_brand","embeddable":true,"href":"https:\/\/www.thegoldenspartan.com\/sr\/wp-json\/wp\/v2\/product_brand?post=805"},{"taxonomy":"product_cat","embeddable":true,"href":"https:\/\/www.thegoldenspartan.com\/sr\/wp-json\/wp\/v2\/product_cat?post=805"},{"taxonomy":"product_tag","embeddable":true,"href":"https:\/\/www.thegoldenspartan.com\/sr\/wp-json\/wp\/v2\/product_tag?post=805"}],"curies":[{"name":"wp","href":"https:\/\/api.w.org\/{rel}","templated":true}]}}